{"id":936,"date":"2025-12-02T08:45:14","date_gmt":"2025-12-02T07:45:14","guid":{"rendered":"https:\/\/organizacio.hu\/?post_type=product&#038;p=936"},"modified":"2026-01-13T09:26:32","modified_gmt":"2026-01-13T08:26:32","slug":"armormat-pipeline-mat","status":"publish","type":"product","link":"https:\/\/organizacio.hu\/index.php\/product\/armormat-pipeline-mat\/","title":{"rendered":"ArmorMat Pipeline Mat"},"content":{"rendered":"<p data-path-to-node=\"3\">Az <b>ArmorMat Pipeline Mat<\/b> biztons\u00e1gos ideiglenes hozz\u00e1f\u00e9r\u00e9st, munkafel\u00fcleteket \u00e9s felvonul\u00e1si z\u00f3n\u00e1kat biztos\u00edt a legk\u00fcl\u00f6nb\u00f6z\u0151bb talajviszonyok \u00e9s talajt\u00edpusok eset\u00e9n is. Kiv\u00e1l\u00f3an teljes\u00edt sz\u00e9les h\u0151m\u00e9rs\u00e9kleti tartom\u00e1nyban (-40\u00b0C-t\u00f3l +60\u00b0C-ig) \u00e9s a nagy ig\u00e9nybev\u00e9telt jelent\u0151 munkak\u00f6rnyezetekben. A lapok 100%-ban \u00fajrahasznos\u00edtott, nagy s\u0171r\u0171s\u00e9g\u0171 polietil\u00e9nb\u0151l (HDPE &amp; PE) k\u00e9sz\u00fclnek. A speci\u00e1lis habos\u00edtott t\u00f6ltet nagym\u00e9rt\u00e9kben megakad\u00e1lyozza a folyad\u00e9kok bejut\u00e1s\u00e1t a szerkezetbe m\u00e9g abban az esetben is, ha a lap haszn\u00e1lat k\u00f6zben v\u00e9letlen\u00fcl kilyukadna. Ez a robusztus, tart\u00f3s \u00e9s nagy teljes\u00edtm\u00e9ny\u0171 eszk\u00f6z hossz\u00fa \u00e9lettartammal rendelkezik, elhaszn\u00e1l\u00f3d\u00e1sa ut\u00e1n pedig 100%-ban \u00fajrahasznos\u00edthat\u00f3.<\/p>\n<p data-path-to-node=\"4\"><b>M\u0171szaki adatok \u00e9s tulajdons\u00e1gok:<\/b><\/p>\n<ul data-path-to-node=\"5\">\n<li>\n<p data-path-to-node=\"5,0,0\"><b>Teherb\u00edr\u00e1s:<\/b> S\u00edk \u00e9s enyh\u00e9n egyenetlen talajon a tesztek alapj\u00e1n <b>200 tonn\u00e1s<\/b>* maxim\u00e1lis teherb\u00edr\u00e1ssal rendelkezik.<\/p>\n<\/li>\n<li>\n<p data-path-to-node=\"5,1,0\"><b>Fel\u00fclet:<\/b> K\u00e9t egyedi, cs\u00fasz\u00e1smentes fel\u00fclettel rendelkezik, amelyek optim\u00e1lis tapad\u00e1st biztos\u00edtanak.<\/p>\n<\/li>\n<li>\n<p data-path-to-node=\"5,2,0\"><b>Talajk\u00f6vet\u00e9s:<\/b> Idomul a talaj egyenetlens\u00e9geihez, lehet\u0151v\u00e9 t\u00e9ve a maxim\u00e1lis s\u00falyeloszl\u00e1st.<\/p>\n<\/li>\n<li>\n<p data-path-to-node=\"5,3,0\"><b>Ellen\u00e1ll\u00f3s\u00e1g:<\/b> Vegyszer- \u00e9s olaj\u00e1ll\u00f3, UV-v\u00e9delemmel ell\u00e1tott, v\u00edzleperget\u0151 \u00e9s pen\u00e9szmentes.<\/p>\n<\/li>\n<li>\n<p data-path-to-node=\"5,4,0\"><b>Sz\u00edn:<\/b> Standard b\u00e9zs.<\/p>\n<\/li>\n<\/ul>\n<p data-path-to-node=\"6\"><b>F\u0151bb el\u0151ny\u00f6k:<\/b><\/p>\n<ul data-path-to-node=\"7\">\n<li>\n<p data-path-to-node=\"7,0,0\">Nagy teljes\u00edtm\u00e9ny\u0171, pr\u00e9selt h\u0151re l\u00e1gyul\u00f3 alapanyag.<\/p>\n<\/li>\n<li>\n<p data-path-to-node=\"7,1,0\">\u00c1tlapolhat\u00f3 peremek a lapok stabil \u00f6sszekapcsol\u00e1s\u00e1hoz, \u00fath\u00e1l\u00f3zat vagy egybef\u00fcgg\u0151 munkafel\u00fclet kialak\u00edt\u00e1s\u00e1hoz.<\/p>\n<\/li>\n<li>\n<p data-path-to-node=\"7,2,0\">A cell\u00e1s szerkezet felhajt\u00f3er\u0151t biztos\u00edt a v\u00edzzel tel\u00edtett, mocsaras ter\u00fcleteken.<\/p>\n<\/li>\n<li>\n<p data-path-to-node=\"7,3,0\">Rendk\u00edv\u00fcl hat\u00e9kony s\u00falyeloszt\u00e1s v\u00e1ltozatos talajviszonyok mellett.<\/p>\n<\/li>\n<li>\n<p data-path-to-node=\"7,4,0\">Sz\u00e1raz talajon hat\u00e9konyan cs\u00f6kkenti a porszennyez\u00e9st.<\/p>\n<\/li>\n<\/ul>\n<h3 data-path-to-node=\"8\"><b>Felhaszn\u00e1l\u00e1si p\u00e9ld\u00e1k:<\/b><\/h3>\n<ul data-path-to-node=\"9\">\n<li>\n<p data-path-to-node=\"9,0,0\">\u00c9p\u00edt\u0151ipari \u00e9s m\u00e9ly\u00e9p\u00edt\u00e9si munk\u00e1k<\/p>\n<\/li>\n<li>\n<p data-path-to-node=\"9,1,0\">G\u00e1z- \u00e9s olajipar<\/p>\n<\/li>\n<li>\n<p data-path-to-node=\"9,2,0\">Sz\u00e9ler\u0151m\u0171parkok \u00e9p\u00edt\u00e9se<\/p>\n<\/li>\n<li>\n<p data-path-to-node=\"9,3,0\">\u00c1tj\u00e1r\u00f3k, \u00fat\u00e9p\u00edt\u00e9s \u00e9s felvonul\u00e1si utak<\/p>\n<\/li>\n<li>\n<p data-path-to-node=\"9,4,0\">Daruplatformok<\/p>\n<\/li>\n<li>\n<p data-path-to-node=\"9,5,0\">Neh\u00e9zteher-sz\u00e1ll\u00edt\u00e1s<\/p>\n<\/li>\n<li>\n<p data-path-to-node=\"9,6,0\">Koncertek \u00e9s rendezv\u00e9nyek<\/p>\n<\/li>\n<li>\n<p data-path-to-node=\"9,7,0\">Helikopterlesz\u00e1ll\u00f3k<\/p>\n<\/li>\n<li>\n<p data-path-to-node=\"9,8,0\">Infrastruktur\u00e1lis beruh\u00e1z\u00e1sok<\/p>\n<\/li>\n<li>\n<p data-path-to-node=\"9,9,0\">Kereskedelmi faipar \u00e9s erd\u0151gazd\u00e1lkod\u00e1s<\/p>\n<\/li>\n<\/ul>\n<blockquote data-path-to-node=\"10\">\n<p data-path-to-node=\"10,0\">*A teherb\u00edr\u00e1s MINDEN ESETBEN az aktu\u00e1lis talajviszonyokt\u00f3l \u00e9s az anyag fizikai korl\u00e1tait\u00f3l f\u00fcgg. K\u00e9rj\u00fck, j\u00e1rjon el k\u00f6r\u00fcltekint\u0151en.<\/p>\n<\/blockquote>\n","protected":false},"excerpt":{"rendered":"<p>Az <b>ArmorMat Pipeline Mats<\/b> fejlett kialak\u00edt\u00e1sa lehet\u0151v\u00e9 teszi biztons\u00e1gos ideiglenes utak, munkater\u00fcletek \u00e9s felvonul\u00e1si z\u00f3n\u00e1k ki\u00e9p\u00edt\u00e9s\u00e9t m\u00e9g olyan puha vagy mocsaras terepen is, ahol a megk\u00f6zel\u00edt\u00e9s egy\u00e9bk\u00e9nt akad\u00e1lyokba \u00fctk\u00f6zne. A rendk\u00edv\u00fcl magas, <b>605 psi-t meghalad\u00f3<\/b> nyom\u00e1sterhel\u00e9snek is ellen\u00e1ll\u00f3 cellaszerkezet, valamint az intelligens \u00e1tlapol\u00e1si \u00e9s csatlakoztat\u00e1si rendszer garant\u00e1lja a biztons\u00e1gos \u00e9s stabil munkafel\u00fcletet.<\/p>\n","protected":false},"featured_media":937,"comment_status":"open","ping_status":"closed","template":"","meta":{"_eb_attr":""},"product_brand":[],"product_cat":[51],"product_tag":[],"class_list":{"0":"post-936","1":"product","2":"type-product","3":"status-publish","4":"has-post-thumbnail","6":"product_cat-armormat-csovezetekmat","8":"first","9":"instock","10":"shipping-taxable","11":"product-type-simple","12":"customify-col"},"_links":{"self":[{"href":"https:\/\/organizacio.hu\/index.php\/wp-json\/wp\/v2\/product\/936","targetHints":{"allow":["GET"]}}],"collection":[{"href":"https:\/\/organizacio.hu\/index.php\/wp-json\/wp\/v2\/product"}],"about":[{"href":"https:\/\/organizacio.hu\/index.php\/wp-json\/wp\/v2\/types\/product"}],"replies":[{"embeddable":true,"href":"https:\/\/organizacio.hu\/index.php\/wp-json\/wp\/v2\/comments?post=936"}],"wp:featuredmedia":[{"embeddable":true,"href":"https:\/\/organizacio.hu\/index.php\/wp-json\/wp\/v2\/media\/937"}],"wp:attachment":[{"href":"https:\/\/organizacio.hu\/index.php\/wp-json\/wp\/v2\/media?parent=936"}],"wp:term":[{"taxonomy":"product_brand","embeddable":true,"href":"https:\/\/organizacio.hu\/index.php\/wp-json\/wp\/v2\/product_brand?post=936"},{"taxonomy":"product_cat","embeddable":true,"href":"https:\/\/organizacio.hu\/index.php\/wp-json\/wp\/v2\/product_cat?post=936"},{"taxonomy":"product_tag","embeddable":true,"href":"https:\/\/organizacio.hu\/index.php\/wp-json\/wp\/v2\/product_tag?post=936"}],"curies":[{"name":"wp","href":"https:\/\/api.w.org\/{rel}","templated":true}]}}