{"id":924,"date":"2025-12-01T22:01:12","date_gmt":"2025-12-01T21:01:12","guid":{"rendered":"https:\/\/organizacio.hu\/?post_type=product&#038;p=924"},"modified":"2026-01-18T13:14:10","modified_gmt":"2026-01-18T12:14:10","slug":"armormat-fa-bog-mat","status":"publish","type":"product","link":"https:\/\/organizacio.hu\/index.php\/product\/armormat-fa-bog-mat\/","title":{"rendered":"ArmorMat Fa Bog Mats"},"content":{"rendered":"<p data-path-to-node=\"3\">Az <b>ArmorMat Fa Bog Mat<\/b> pall\u00f3k kiv\u00e1l\u00f3 min\u0151s\u00e9g\u0171 sv\u00e9d faanyagb\u00f3l k\u00e9sz\u00fclnek, \u00e9s a terhel\u00e9si tesztek alapj\u00e1n maxim\u00e1lis teherb\u00edr\u00e1suk el\u00e9ri a <b>80 tonn\u00e1t<\/b>*.<\/p>\n<p data-path-to-node=\"4\"><b>Kialak\u00edt\u00e1s \u00e9s funkci\u00f3:<\/b> Az opcion\u00e1lisan rendelhet\u0151 emel\u0151szemek seg\u00edts\u00e9g\u00e9vel a pall\u00f3k k\u00f6nnyen mozgathat\u00f3k \u00e9s telep\u00edthet\u0151k. Ez a megold\u00e1s megfizethet\u0151 \u00e9s k\u00f6rnyezetbar\u00e1t talajmeger\u0151s\u00edt\u00e9st k\u00edn\u00e1l nedves, instabil vagy egyenetlen talajviszonyok eset\u00e9n. Kiv\u00e1l\u00f3an alkalmasak gumikerekes \u00e9s l\u00e1nctalpas j\u00e1rm\u0171vek k\u00f6zleked\u00e9s\u00e9nek biztos\u00edt\u00e1s\u00e1ra neh\u00e9z terepen. Haszn\u00e1latukkal hat\u00e9konyan cs\u00f6kkenthet\u0151 a tengelyterhel\u00e9sb\u0151l ad\u00f3d\u00f3 talajnyom\u00e1s, \u00edgy minimaliz\u00e1lhat\u00f3 a fel\u00fcleti s\u00e9r\u00fcl\u00e9sek kock\u00e1zata olyan ter\u00fcleteken is, ahol munkag\u00f6dr\u00f6k megk\u00f6zel\u00edt\u00e9s\u00e9re van sz\u00fcks\u00e9g.<\/p>\n<p data-path-to-node=\"5\"><b>Gy\u00e1rt\u00e1s \u00e9s min\u0151s\u00e9g:<\/b> A term\u00e9ket ISO-tan\u00fas\u00edtv\u00e1nnyal rendelkez\u0151 sv\u00e9d f\u0171r\u00e9sz\u00fczemek gy\u00e1rtj\u00e1k. K\u00f6zvetlen gy\u00e1rt\u00f3i \u00e1ron \u00e9rhet\u0151 el, ami garant\u00e1lja a lehet\u0151 legalacsonyabb k\u00f6lts\u00e9get a kiv\u00e1l\u00f3 min\u0151s\u00e9g\u0171 faanyag\u00e9rt. Kiz\u00e1r\u00f3lag olyan \u00fczemekkel dolgozunk, amelyek megfelelnek az EU erd\u0151gazd\u00e1lkod\u00e1si el\u0151\u00edr\u00e1sainak. Ez a rendk\u00edv\u00fcl tart\u00f3s talajv\u00e9delmi megold\u00e1s ide\u00e1lis minden olyan r\u00f6vid vagy hossz\u00fa t\u00e1v\u00fa projekthez, ahol neh\u00e9z munkag\u00e9peket alkalmaznak.<\/p>\n<h3><b>Felhaszn\u00e1l\u00e1si p\u00e9ld\u00e1k:<\/b><\/h3>\n<p>&nbsp;<\/p>\n<ul data-path-to-node=\"7\">\n<li>\n<p data-path-to-node=\"7,0,0\">Sz\u00e9ler\u0151m\u0171parkok \u00e9p\u00edt\u00e9se<\/p>\n<\/li>\n<li>\n<p data-path-to-node=\"7,1,0\">C\u00f6l\u00f6p\u00f6z\u00e9si munk\u00e1latok<\/p>\n<\/li>\n<li>\n<p data-path-to-node=\"7,2,0\">Ideiglenes utak (sz\u00e1ll\u00edt\u00e1shoz vagy \u00e9p\u00edtkez\u00e9shez)<\/p>\n<\/li>\n<li>\n<p data-path-to-node=\"7,3,0\">Foly\u00f3partok \u00e9s t\u00f6lt\u00e9sek stabiliz\u00e1l\u00e1sa<\/p>\n<\/li>\n<li>\n<p data-path-to-node=\"7,4,0\">Sz\u00e1ll\u00edt\u00e1si \u00e9s felvonul\u00e1si utak<\/p>\n<\/li>\n<li>\n<p data-path-to-node=\"7,5,0\">Tengeri \u00e9s v\u00edzi projektek<\/p>\n<\/li>\n<li>\n<p data-path-to-node=\"7,6,0\">\u00c9p\u00edtkez\u00e9s \u00e9s f\u00f6ldmunk\u00e1k<\/p>\n<\/li>\n<li>\n<p data-path-to-node=\"7,7,0\">Munka\u00e1llv\u00e1nyok \u00e9s darup\u00e1ly\u00e1k (a stabilit\u00e1s biztos\u00edt\u00e1s\u00e1ra)<\/p>\n<\/li>\n<li>\n<p data-path-to-node=\"7,8,0\">Kem\u00e9ny burkolat\u00fa ter\u00fcletek \u00e9s \u00e1sat\u00e1sok v\u00e9delme<\/p>\n<\/li>\n<li>\n<p data-path-to-node=\"7,9,0\">\u00c1tj\u00e1r\u00f3k \u00e9s \u00e1thidal\u00e1sok kialak\u00edt\u00e1sa<\/p>\n<\/li>\n<li>\n<p data-path-to-node=\"7,10,0\">T\u00e1maszt\u00f3szerkezetek<\/p>\n<\/li>\n<li>\n<p data-path-to-node=\"7,11,0\">Mez\u0151gazdas\u00e1gi ter\u00fcletek (talajnyom\u00e1s eloszt\u00e1sa)<\/p>\n<\/li>\n<li>\n<p data-path-to-node=\"7,12,0\">Ideiglenes hidak \u00e9s darual\u00e1t\u00e9tek<\/p>\n<\/li>\n<li>\n<p data-path-to-node=\"7,13,0\">Ac\u00e9ll\u00e1nctalpas j\u00e1rm\u0171vek k\u00f6zleked\u00e9se<\/p>\n<\/li>\n<\/ul>\n<blockquote data-path-to-node=\"8\">\n<p data-path-to-node=\"8,0\"><i><b>*<\/b>A teherb\u00edr\u00e1s MINDEN ESETBEN az aktu\u00e1lis talajviszonyokt\u00f3l \u00e9s az anyag fizikai korl\u00e1tait\u00f3l f\u00fcgg. K\u00e9rj\u00fck, mindig a j\u00f3zan \u00e9sz szab\u00e1lyai szerint j\u00e1rjon el.<\/i><\/p>\n<\/blockquote>\n","protected":false},"excerpt":{"rendered":"<p data-path-to-node=\"1\"><b>M\u00e9retek<\/b><\/p>\n<p data-path-to-node=\"1\"><i>V\u00e1lasszon az al\u00e1bbi opci\u00f3k k\u00f6z\u00fcl:<\/i><\/p>\n<ul data-path-to-node=\"2\">\n<li>\n<p data-path-to-node=\"2,0,0\">4500 \u00d7 900 \u00d7 178 mm \u2013 S\u00faly: 500 kg<\/p>\n<\/li>\n<li>\n<p data-path-to-node=\"2,1,0\">5500 \u00d7 900 \u00d7 178 mm \u2013 S\u00faly: 600 kg<\/p>\n<\/li>\n<li>\n<p data-path-to-node=\"2,2,0\">6000 \u00d7 900 \u00d7 178 mm \u2013 S\u00faly: 650 kg<\/p>\n<\/li>\n<li>\n<p data-path-to-node=\"2,3,0\">4500 \u00d7 900 \u00d7 200 mm \u2013 S\u00faly: 575 kg<\/p>\n<\/li>\n<li>\n<p data-path-to-node=\"2,4,0\">5500 \u00d7 900 \u00d7 200 mm \u2013 S\u00faly: 700 kg<\/p>\n<\/li>\n<li>\n<p data-path-to-node=\"2,5,0\">6000 \u00d7 900 \u00d7 200 mm \u2013 S\u00faly: 750 kg<\/p>\n<\/li>\n<\/ul>\n","protected":false},"featured_media":925,"comment_status":"open","ping_status":"closed","template":"","meta":{"_eb_attr":""},"product_brand":[],"product_cat":[48,50],"product_tag":[63,64,62,66,61,68,71],"class_list":{"0":"post-924","1":"product","2":"type-product","3":"status-publish","4":"has-post-thumbnail","6":"product_cat-armormat-mogmats","7":"product_cat-bogmat-fa","8":"product_tag-1-het","9":"product_tag-1-honap","10":"product_tag-1-nap","11":"product_tag-auto","12":"product_tag-gyalogos","13":"product_tag-nehezgep","14":"product_tag-sar","16":"first","17":"instock","18":"shipping-taxable","19":"product-type-simple","20":"customify-col"},"_links":{"self":[{"href":"https:\/\/organizacio.hu\/index.php\/wp-json\/wp\/v2\/product\/924","targetHints":{"allow":["GET"]}}],"collection":[{"href":"https:\/\/organizacio.hu\/index.php\/wp-json\/wp\/v2\/product"}],"about":[{"href":"https:\/\/organizacio.hu\/index.php\/wp-json\/wp\/v2\/types\/product"}],"replies":[{"embeddable":true,"href":"https:\/\/organizacio.hu\/index.php\/wp-json\/wp\/v2\/comments?post=924"}],"wp:featuredmedia":[{"embeddable":true,"href":"https:\/\/organizacio.hu\/index.php\/wp-json\/wp\/v2\/media\/925"}],"wp:attachment":[{"href":"https:\/\/organizacio.hu\/index.php\/wp-json\/wp\/v2\/media?parent=924"}],"wp:term":[{"taxonomy":"product_brand","embeddable":true,"href":"https:\/\/organizacio.hu\/index.php\/wp-json\/wp\/v2\/product_brand?post=924"},{"taxonomy":"product_cat","embeddable":true,"href":"https:\/\/organizacio.hu\/index.php\/wp-json\/wp\/v2\/product_cat?post=924"},{"taxonomy":"product_tag","embeddable":true,"href":"https:\/\/organizacio.hu\/index.php\/wp-json\/wp\/v2\/product_tag?post=924"}],"curies":[{"name":"wp","href":"https:\/\/api.w.org\/{rel}","templated":true}]}}