{"id":921,"date":"2025-12-01T21:54:14","date_gmt":"2025-12-01T20:54:14","guid":{"rendered":"https:\/\/organizacio.hu\/?post_type=product&#038;p=921"},"modified":"2026-01-18T13:14:04","modified_gmt":"2026-01-18T12:14:04","slug":"armormat-muanyag-bog-mat-5000x1000x100-mm","status":"publish","type":"product","link":"https:\/\/organizacio.hu\/index.php\/product\/armormat-muanyag-bog-mat-5000x1000x100-mm\/","title":{"rendered":"ArmorMat M\u0171anyag Bog Mat 5000x1000x100 mm"},"content":{"rendered":"<p data-path-to-node=\"3\"><span class=\"citation-31\">Az <\/span><b><span class=\"citation-31\">ArmorMat M\u0171anyag Bog Mat<\/span><\/b><span class=\"citation-31 citation-end-31\">\u00a0100%-ban \u00fajrahasznos\u00edtott, nagy s\u0171r\u0171s\u00e9g\u0171 polietil\u00e9nb\u0151l (HDPE) k\u00e9sz\u00fcl.<\/span> A lapokat stabil fel\u00fcleten (p\u00e9ld\u00e1ul aszfalton vagy betonon) tesztelt\u00e9k, ahol maxim\u00e1lis teherb\u00edr\u00e1suk el\u00e9ri a <b>80 tonn\u00e1t<\/b>*.<\/p>\n<div class=\"source-inline-chip-container ng-star-inserted\"><\/div>\n<p data-path-to-node=\"4\"><b>Kialak\u00edt\u00e1s \u00e9s anyagjellemz\u0151k:<\/b> A k\u00e9t be\u00e9p\u00edtett emel\u0151szemnek k\u00f6sz\u00f6nhet\u0151en a pall\u00f3k k\u00f6nnyen mozgathat\u00f3k \u00e9s telep\u00edthet\u0151k. Az anyag rugalmasan idomul a talajfelsz\u00ednhez, ami optim\u00e1lis s\u00falyeloszl\u00e1st tesz lehet\u0151v\u00e9, egyedi kialak\u00edt\u00e1sa pedig hat\u00e9konyan kompenz\u00e1lja a sz\u00e9ls\u0151s\u00e9ges h\u0151m\u00e9rs\u00e9klet-ingadoz\u00e1sokb\u00f3l ad\u00f3d\u00f3 h\u0151t\u00e1gul\u00e1st \u00e9s zsugorod\u00e1st. A pr\u00e9selt, nagy teljes\u00edtm\u00e9ny\u0171 h\u0151re l\u00e1gyul\u00f3 m\u0171anyag ellen\u00e1ll a vegyszereknek, az olajnak, \u00e9s UV-v\u00e9delemmel van ell\u00e1tva. Mivel nem sz\u00edvja mag\u00e1ba a nedvess\u00e9get, nem pen\u00e9szedik. A term\u00e9k sz\u00edne standard sz\u00fcrke\/fekete (sz\u00ednezetlen, \u201eterm\u00e9szetes\u201d \u00fajrahasznos\u00edtott m\u0171anyag).<\/p>\n<p data-path-to-node=\"5\"><b>F\u0151bb el\u0151ny\u00f6k:<\/b> Ez a term\u00e9k a hagyom\u00e1nyos fa pall\u00f3k modern \u00e9s tart\u00f3s alternat\u00edv\u00e1ja. Nem vesz fel vizet, \u00e9s m\u00e9g a legnehezebb kotr\u00f3g\u00e9pek s\u00faly\u00e1t is elb\u00edrja. <span class=\"citation-30 citation-end-30\">Enyhe felhajt\u00f3er\u0151vel rendelkezik, \u00edgy kifejezetten hat\u00e9kony mocsaras, vizes \u00e9s magas p\u00e1ratartalm\u00fa k\u00f6rnyezetben.<\/span> Rendk\u00edv\u00fcl tart\u00f3s megold\u00e1s minden olyan r\u00f6vid vagy hossz\u00fa t\u00e1v\u00fa projekthez, ahol neh\u00e9z munkag\u00e9peket haszn\u00e1lnak.<\/p>\n<div class=\"source-inline-chip-container ng-star-inserted\"><\/div>\n<p data-path-to-node=\"6\"><b>M\u0171szaki adatok (DIN szabv\u00e1nyok szerint):<\/b><\/p>\n<ul data-path-to-node=\"7\">\n<li>\n<p data-path-to-node=\"7,0,0\"><b>Hajl\u00edt\u00f3szil\u00e1rds\u00e1g<\/b> (DIN 53390): 10,8 N\/mm\u00b2<\/p>\n<\/li>\n<li>\n<p data-path-to-node=\"7,1,0\"><b>Nyom\u00f3szil\u00e1rds\u00e1g<\/b> (DIN EN ISO 604): 16,3 N\/mm\u00b2<\/p>\n<\/li>\n<li>\n<p data-path-to-node=\"7,2,0\"><b><span class=\"citation-29\">Szak\u00edt\u00f3szil\u00e1rds\u00e1g<\/span><\/b><span class=\"citation-29 citation-end-29\"> (DIN 53455): 16,8 N\/mm\u00b2<\/span><\/p>\n<div class=\"source-inline-chip-container ng-star-inserted\"><\/div>\n<\/li>\n<li>\n<p data-path-to-node=\"7,3,0\"><b><span class=\"citation-28\">Szakad\u00e1si ny\u00fal\u00e1s<\/span><\/b><span class=\"citation-28 citation-end-28\"> (DIN 53455): 3,8%<\/span><\/p>\n<div class=\"source-inline-chip-container ng-star-inserted\"><\/div>\n<\/li>\n<li>\n<p data-path-to-node=\"7,4,0\"><b><span class=\"citation-27\">Rugalmass\u00e1gi modulus<\/span><\/b><span class=\"citation-27 citation-end-27\"> (DIN 53457): 1200 N\/mm\u00b2<\/span><\/p>\n<div class=\"source-inline-chip-container ng-star-inserted\"><\/div>\n<\/li>\n<\/ul>\n<p data-path-to-node=\"8\"><b>100%-ban \u00fajrahasznos\u00edthat\u00f3 \u00e9s 100%-ban \u00fajrahasznos\u00edtott m\u0171anyag!<\/b><\/p>\n<h3><b>Felhaszn\u00e1l\u00e1si p\u00e9ld\u00e1k:<\/b><\/h3>\n<p>&nbsp;<\/p>\n<ul data-path-to-node=\"10\">\n<li>\n<p data-path-to-node=\"10,0,0\">Ideiglenes utak NEH\u00c9Z g\u00e9pj\u00e1rm\u0171vek sz\u00e1m\u00e1ra<\/p>\n<\/li>\n<li>\n<p data-path-to-node=\"10,1,0\">\u00dat\u00e9p\u00edt\u00e9s \u00e9s felvonul\u00e1si utak mocsaras, vizes ter\u00fcleteken<\/p>\n<\/li>\n<li>\n<p data-path-to-node=\"10,2,0\">Neh\u00e9zteher-sz\u00e1ll\u00edt\u00e1s<\/p>\n<\/li>\n<\/ul>\n<blockquote data-path-to-node=\"11\">\n<p data-path-to-node=\"11,0\"><i><b>*<\/b> A teherb\u00edr\u00e1s MINDEN ESETBEN az aktu\u00e1lis talajviszonyokt\u00f3l \u00e9s az anyag fizikai korl\u00e1tait\u00f3l f\u00fcgg. K\u00e9rj\u00fck, mindig a j\u00f3zan \u00e9sz szab\u00e1lyai szerint j\u00e1rjon el.<\/i><\/p>\n<\/blockquote>\n","protected":false},"excerpt":{"rendered":"<p><span class=\"citation-16\">Az <\/span><b><span class=\"citation-16\">ArmorMat M\u0171anyag Bog Mat<\/span><\/b><span class=\"citation-16 citation-end-16\">\u00a0100%-ban \u00fajrahasznos\u00edtott, nagy s\u0171r\u0171s\u00e9g\u0171 polietil\u00e9nb\u0151l (HDPE) k\u00e9sz\u00fcl, amelyet f\u00e9mrudakb\u00f3l \u00e1ll\u00f3 v\u00e1zszerkezet er\u0151s\u00edt meg.<\/span> <span class=\"citation-15 citation-end-15\">Ez a megold\u00e1s a hagyom\u00e1nyos fa pall\u00f3k elismert \u00e9s kiv\u00e1l\u00f3 alternat\u00edv\u00e1ja, mivel azok kev\u00e9sb\u00e9 ellen\u00e1ll\u00f3ak a v\u00edz, az es\u0151 \u00e9s a nedvess\u00e9g k\u00e1ros hat\u00e1saival szemben.<\/span> <span class=\"citation-14 citation-end-14\">Ezek a m\u0171anyag pall\u00f3k rendelkeznek n\u00e9mi felhajt\u00f3er\u0151vel is, \u00edgy k\u00fcl\u00f6n\u00f6sen hat\u00e9konyan alkalmazhat\u00f3k mocsaras ter\u00fcleteken, tengerparti k\u00f6rnyezetben, vagy sz\u00e9ls\u0151s\u00e9gesen nedves \u00e9s p\u00e1r\u00e1s helysz\u00edneken.<\/span> <span class=\"citation-13\">A lapok teherb\u00edr\u00e1s\u00e1t stabil fel\u00fcleteken, p\u00e9ld\u00e1ul aszfalton vagy betonon tesztelt\u00e9k, ahol azok <\/span><b><span class=\"citation-13\">80 tonn\u00e1s<\/span><\/b><span class=\"citation-13 citation-end-13\">* maxim\u00e1lis terhel\u00e9snek is ellen\u00e1lltak.<\/span><\/p>\n","protected":false},"featured_media":922,"comment_status":"open","ping_status":"closed","template":"","meta":{"_eb_attr":""},"product_brand":[],"product_cat":[48,49],"product_tag":[63,64,62,66,61,68,71],"class_list":{"0":"post-921","1":"product","2":"type-product","3":"status-publish","4":"has-post-thumbnail","6":"product_cat-armormat-mogmats","7":"product_cat-bogmat-muanyag","8":"product_tag-1-het","9":"product_tag-1-honap","10":"product_tag-1-nap","11":"product_tag-auto","12":"product_tag-gyalogos","13":"product_tag-nehezgep","14":"product_tag-sar","16":"first","17":"instock","18":"shipping-taxable","19":"product-type-simple","20":"customify-col"},"_links":{"self":[{"href":"https:\/\/organizacio.hu\/index.php\/wp-json\/wp\/v2\/product\/921","targetHints":{"allow":["GET"]}}],"collection":[{"href":"https:\/\/organizacio.hu\/index.php\/wp-json\/wp\/v2\/product"}],"about":[{"href":"https:\/\/organizacio.hu\/index.php\/wp-json\/wp\/v2\/types\/product"}],"replies":[{"embeddable":true,"href":"https:\/\/organizacio.hu\/index.php\/wp-json\/wp\/v2\/comments?post=921"}],"wp:featuredmedia":[{"embeddable":true,"href":"https:\/\/organizacio.hu\/index.php\/wp-json\/wp\/v2\/media\/922"}],"wp:attachment":[{"href":"https:\/\/organizacio.hu\/index.php\/wp-json\/wp\/v2\/media?parent=921"}],"wp:term":[{"taxonomy":"product_brand","embeddable":true,"href":"https:\/\/organizacio.hu\/index.php\/wp-json\/wp\/v2\/product_brand?post=921"},{"taxonomy":"product_cat","embeddable":true,"href":"https:\/\/organizacio.hu\/index.php\/wp-json\/wp\/v2\/product_cat?post=921"},{"taxonomy":"product_tag","embeddable":true,"href":"https:\/\/organizacio.hu\/index.php\/wp-json\/wp\/v2\/product_tag?post=921"}],"curies":[{"name":"wp","href":"https:\/\/api.w.org\/{rel}","templated":true}]}}