{"id":898,"date":"2025-12-01T19:32:02","date_gmt":"2025-12-01T18:32:02","guid":{"rendered":"https:\/\/organizacio.hu\/?post_type=product&#038;p=898"},"modified":"2026-01-11T16:19:28","modified_gmt":"2026-01-11T15:19:28","slug":"premiummat-bridge-korlat","status":"publish","type":"product","link":"https:\/\/organizacio.hu\/index.php\/product\/premiummat-bridge-korlat\/","title":{"rendered":"PremiumMat Bridge korl\u00e1t"},"content":{"rendered":"","protected":false},"excerpt":{"rendered":"<p>A <b>PremiumMat Bridge<\/b>-hez rendelhet\u0151 korl\u00e1tok tov\u00e1bb fokozz\u00e1k a biztons\u00e1got, stabil t\u00e1maszt\u00e9kot ny\u00fajtva az \u00e1thalad\u00f3k sz\u00e1m\u00e1ra. Felszerel\u00e9s\u00fck rendk\u00edv\u00fcl egyszer\u0171, k\u00e9zzel elv\u00e9gezhet\u0151, \u00e9s semmilyen szersz\u00e1mot nem ig\u00e9nyel, mivel a korl\u00e1tok k\u00f6zvetlen\u00fcl a h\u00eddelemeken m\u00e1r kialak\u00edtott r\u00f6gz\u00edt\u0151furatokba illeszkednek.<\/p>\n","protected":false},"featured_media":899,"comment_status":"open","ping_status":"closed","template":"","meta":{"_eb_attr":""},"product_brand":[],"product_cat":[47],"product_tag":[],"class_list":{"0":"post-898","1":"product","2":"type-product","3":"status-publish","4":"has-post-thumbnail","6":"product_cat-bridge","8":"first","9":"instock","10":"shipping-taxable","11":"product-type-simple","12":"customify-col","13":"product-has-gallery"},"_links":{"self":[{"href":"https:\/\/organizacio.hu\/index.php\/wp-json\/wp\/v2\/product\/898","targetHints":{"allow":["GET"]}}],"collection":[{"href":"https:\/\/organizacio.hu\/index.php\/wp-json\/wp\/v2\/product"}],"about":[{"href":"https:\/\/organizacio.hu\/index.php\/wp-json\/wp\/v2\/types\/product"}],"replies":[{"embeddable":true,"href":"https:\/\/organizacio.hu\/index.php\/wp-json\/wp\/v2\/comments?post=898"}],"wp:featuredmedia":[{"embeddable":true,"href":"https:\/\/organizacio.hu\/index.php\/wp-json\/wp\/v2\/media\/899"}],"wp:attachment":[{"href":"https:\/\/organizacio.hu\/index.php\/wp-json\/wp\/v2\/media?parent=898"}],"wp:term":[{"taxonomy":"product_brand","embeddable":true,"href":"https:\/\/organizacio.hu\/index.php\/wp-json\/wp\/v2\/product_brand?post=898"},{"taxonomy":"product_cat","embeddable":true,"href":"https:\/\/organizacio.hu\/index.php\/wp-json\/wp\/v2\/product_cat?post=898"},{"taxonomy":"product_tag","embeddable":true,"href":"https:\/\/organizacio.hu\/index.php\/wp-json\/wp\/v2\/product_tag?post=898"}],"curies":[{"name":"wp","href":"https:\/\/api.w.org\/{rel}","templated":true}]}}