{"id":893,"date":"2025-12-01T19:29:56","date_gmt":"2025-12-01T18:29:56","guid":{"rendered":"https:\/\/organizacio.hu\/?post_type=product&#038;p=893"},"modified":"2026-01-11T16:16:57","modified_gmt":"2026-01-11T15:16:57","slug":"premiummat-bridge","status":"publish","type":"product","link":"https:\/\/organizacio.hu\/index.php\/product\/premiummat-bridge\/","title":{"rendered":"PremiumMat Bridge"},"content":{"rendered":"<h3><b>PremiumMat Bridge<\/b><\/h3>\n<p>&nbsp;<\/p>\n<p data-path-to-node=\"3\">A <b>PremiumMat Bridge<\/b> elemek 100%-ban \u00fajrahasznos\u00edtott, nagy s\u0171r\u0171s\u00e9g\u0171 polietil\u00e9nb\u0151l (HDPE) k\u00e9sz\u00fclnek, amelyet egy rozsdamentes ac\u00e9l mag er\u0151s\u00edt meg. A terhel\u00e9si tesztek alapj\u00e1n s\u00edk \u00e9s enyh\u00e9n egyenetlen talajon <b>1 tonn\u00e1s<\/b>* maxim\u00e1lis teherb\u00edr\u00e1ssal rendelkeznek.<\/p>\n<p data-path-to-node=\"4\"><b>Kialak\u00edt\u00e1s \u00e9s Biztons\u00e1g:<\/b> A hidak t\u00f6bb foganty\u00faval vannak ell\u00e1tva, \u00edgy mozgat\u00e1suk \u00e9s telep\u00edt\u00e9s\u00fck rendk\u00edv\u00fcl egyszer\u0171. Az elemek a talajhoz r\u00f6gz\u00edthet\u0151k \u00e9s egym\u00e1ssal \u00f6sszekapcsolhat\u00f3k, \u00edgy ak\u00e1r g\u00e9pj\u00e1rm\u0171vek sz\u00e1m\u00e1ra is alkalmas \u00e1tj\u00e1r\u00f3k alak\u00edthat\u00f3k ki bel\u0151l\u00fck. A kiv\u00e1l\u00f3 l\u00e1that\u00f3s\u00e1gr\u00f3l a f\u00e9nyvisszaver\u0151, figyelmeztet\u0151 sz\u00ednekkel ell\u00e1tott korl\u00e1tok gondoskodnak.<\/p>\n<p data-path-to-node=\"5\"><b>M\u0171szaki el\u0151ny\u00f6k:<\/b><\/p>\n<ul data-path-to-node=\"6\">\n<li>\n<p data-path-to-node=\"6,0,0\"><b>Fel\u00fclet:<\/b> Az egyedi, cs\u00fasz\u00e1smentes fel\u00fclet optim\u00e1lis tapad\u00e1st biztos\u00edt.<\/p>\n<\/li>\n<li>\n<p data-path-to-node=\"6,1,0\"><b>Szigetel\u00e9s:<\/b> Mivel az anyag nem vezeti az \u00e1ramot, kiv\u00e1l\u00f3 \u00e9s biztons\u00e1gos alternat\u00edv\u00e1ja az alum\u00edniumhidaknak.<\/p>\n<\/li>\n<li>\n<p data-path-to-node=\"6,2,0\"><b>Telep\u00edt\u00e9s:<\/b> Nincs sz\u00fcks\u00e9g speci\u00e1lis g\u00e9pekre a be\u00e9p\u00edt\u00e9shez, \u00edgy gyorsan megteremthet\u0151 a biztons\u00e1gos munkak\u00f6rnyezet a dolgoz\u00f3k \u00e9s a lakoss\u00e1g sz\u00e1m\u00e1ra egyar\u00e1nt.<\/p>\n<\/li>\n<\/ul>\n<p data-path-to-node=\"7\"><b>Gazdas\u00e1goss\u00e1g:<\/b> A PM Bridge egy k\u00f6lts\u00e9ghat\u00e9kony \u00e9s hossz\u00fa \u00e9lettartam\u00fa megold\u00e1s, amely remek\u00fcl helyettes\u00edti a dr\u00e1ga ac\u00e9llemezeket \u00e9s alum\u00edniumhidakat.<\/p>\n<p data-path-to-node=\"8\"><b>100% \u00fajrahasznos\u00edtott m\u0171anyag!<\/b><\/p>\n<h3><b>Felhaszn\u00e1l\u00e1si p\u00e9ld\u00e1k:<\/b><\/h3>\n<p>&nbsp;<\/p>\n<p data-path-to-node=\"10\">Hidal\u00e1sok kialak\u00edt\u00e1sa az al\u00e1bbiak felett:<\/p>\n<ul data-path-to-node=\"11\">\n<li>\n<p data-path-to-node=\"11,0,0\">M\u00e9ly munka\u00e1rkok<\/p>\n<\/li>\n<li>\n<p data-path-to-node=\"11,1,0\">Nyitott g\u00f6dr\u00f6k<\/p>\n<\/li>\n<li>\n<p data-path-to-node=\"11,2,0\">Elektromos \u00e9s g\u00e1zvezet\u00e9kek<\/p>\n<\/li>\n<li>\n<p data-path-to-node=\"11,3,0\">V\u00edz- \u00e9s csatornarendszerek<\/p>\n<\/li>\n<\/ul>\n<blockquote data-path-to-node=\"12\">\n<p data-path-to-node=\"12,0\"><i><b>*<\/b>\u00a0A teherb\u00edr\u00e1s MINDEN ESETBEN az aktu\u00e1lis talajviszonyokt\u00f3l \u00e9s az anyag fizikai korl\u00e1tait\u00f3l f\u00fcgg. K\u00e9rj\u00fck, mindig a j\u00f3zan \u00e9sz szab\u00e1lyai szerint j\u00e1rjon el.<\/i><\/p>\n<\/blockquote>\n","protected":false},"excerpt":{"rendered":"<p>A <b>PremiumMat Bridge<\/b> biztons\u00e1gos munkak\u00f6rnyezetet teremt, mik\u00f6zben a lakoss\u00e1g sz\u00e1m\u00e1ra is biztos\u00edtja a zavartalan \u00e1thalad\u00e1st. Seg\u00edts\u00e9g\u00e9vel egyszer\u0171en megoldhat\u00f3 a k\u00f6zleked\u00e9s a m\u00e9ly munka\u00e1rkok \u00e9s nyitott g\u00f6dr\u00f6k felett, legyen sz\u00f3 sz\u00e9less\u00e1v\u00fa k\u00e1belek, elektromos vezet\u00e9kek, g\u00e1zcs\u00f6vek, vagy \u00e9ppen v\u00edz- \u00e9s csatornah\u00e1l\u00f3zatok ki\u00e9p\u00edt\u00e9s\u00e9r\u0151l. Felh\u00edvjuk figyelm\u00e9t, hogy a biztons\u00e1gi korl\u00e1tok nem k\u00e9pezik az alapcsomag r\u00e9sz\u00e9t, azokat k\u00fcl\u00f6n sz\u00fcks\u00e9ges megrendelni.<\/p>\n","protected":false},"featured_media":894,"comment_status":"open","ping_status":"closed","template":"","meta":{"_eb_attr":""},"product_brand":[],"product_cat":[47],"product_tag":[],"class_list":{"0":"post-893","1":"product","2":"type-product","3":"status-publish","4":"has-post-thumbnail","6":"product_cat-bridge","8":"first","9":"instock","10":"shipping-taxable","11":"product-type-simple","12":"customify-col"},"_links":{"self":[{"href":"https:\/\/organizacio.hu\/index.php\/wp-json\/wp\/v2\/product\/893","targetHints":{"allow":["GET"]}}],"collection":[{"href":"https:\/\/organizacio.hu\/index.php\/wp-json\/wp\/v2\/product"}],"about":[{"href":"https:\/\/organizacio.hu\/index.php\/wp-json\/wp\/v2\/types\/product"}],"replies":[{"embeddable":true,"href":"https:\/\/organizacio.hu\/index.php\/wp-json\/wp\/v2\/comments?post=893"}],"wp:featuredmedia":[{"embeddable":true,"href":"https:\/\/organizacio.hu\/index.php\/wp-json\/wp\/v2\/media\/894"}],"wp:attachment":[{"href":"https:\/\/organizacio.hu\/index.php\/wp-json\/wp\/v2\/media?parent=893"}],"wp:term":[{"taxonomy":"product_brand","embeddable":true,"href":"https:\/\/organizacio.hu\/index.php\/wp-json\/wp\/v2\/product_brand?post=893"},{"taxonomy":"product_cat","embeddable":true,"href":"https:\/\/organizacio.hu\/index.php\/wp-json\/wp\/v2\/product_cat?post=893"},{"taxonomy":"product_tag","embeddable":true,"href":"https:\/\/organizacio.hu\/index.php\/wp-json\/wp\/v2\/product_tag?post=893"}],"curies":[{"name":"wp","href":"https:\/\/api.w.org\/{rel}","templated":true}]}}