{"id":891,"date":"2025-12-01T19:21:19","date_gmt":"2025-12-01T18:21:19","guid":{"rendered":"https:\/\/organizacio.hu\/?post_type=product&#038;p=891"},"modified":"2026-01-17T10:10:47","modified_gmt":"2026-01-17T09:10:47","slug":"premiummat-extreme-3000x2000x455-mm","status":"publish","type":"product","link":"https:\/\/organizacio.hu\/index.php\/product\/premiummat-extreme-3000x2000x455-mm\/","title":{"rendered":"PremiumMat Extreme 3000\u00d72000\u00d745,5 mm"},"content":{"rendered":"<p data-path-to-node=\"3\">Ezek a talajv\u00e9d\u0151 lapok 99%-ban \u00fajrahasznos\u00edtott, nagy s\u0171r\u0171s\u00e9g\u0171 polietil\u00e9n (HDPE) \u00e9s PE kever\u00e9k\u00e9b\u0151l k\u00e9sz\u00fclnek. A s\u00falytesztek alapj\u00e1n s\u00edk \u00e9s egyenetlen talajon is megb\u00edzhat\u00f3an ellen\u00e1llnak a maxim\u00e1lis, ak\u00e1r <b>180 tonn\u00e1s<\/b>* terhel\u00e9snek.<\/p>\n<p data-path-to-node=\"4\"><b>F\u0151bb el\u0151ny\u00f6k \u00e9s felhaszn\u00e1l\u00e1s:<\/b> Ezek a m\u0171anyag \u00fatlemezek optim\u00e1lis megold\u00e1st k\u00edn\u00e1lnak mind r\u00f6vid, mind hossz\u00fa t\u00e1v\u00fa projektekhez. Lehet\u0151v\u00e9 teszik neh\u00e9z \u00e9p\u00edt\u0151ipari g\u00e9pek, teheraut\u00f3k, s\u0151t rep\u00fcl\u0151g\u00e9pek biztons\u00e1gos \u00e1thalad\u00e1s\u00e1t puha \u00e9s \u00e9rz\u00e9keny ter\u00fcleteken, legyen sz\u00f3 \u00e9p\u00edtkez\u00e9sekr\u0151l, infrastruktur\u00e1lis munk\u00e1kr\u00f3l, sz\u00e9ler\u0151m\u0171parkokr\u00f3l, energetikai projektekr\u0151l vagy rendezv\u00e9nyhelysz\u00ednekr\u0151l.<\/p>\n<p data-path-to-node=\"5\"><b>M\u0171szaki adatok \u00e9s tulajdons\u00e1gok:<\/b><\/p>\n<ul data-path-to-node=\"6\">\n<li>\n<p data-path-to-node=\"6,0,0\"><b>Vastags\u00e1g (mint\u00e1zattal egy\u00fctt):<\/b> 45.5 mm (38+2.5+5 mm).<\/p>\n<\/li>\n<li>\n<p data-path-to-node=\"6,1,0\"><b>Szabv\u00e1nyok:<\/b> Megfelel az uni\u00f3s tesztel\u00e9si szabv\u00e1nyoknak \u00e9s a leg\u00fajabb k\u00f6rnyezetv\u00e9delmi el\u0151\u00edr\u00e1soknak.<\/p>\n<\/li>\n<li>\n<p data-path-to-node=\"6,2,0\"><b>Ellen\u00e1ll\u00f3s\u00e1g:<\/b> Alkalmas minden \u00e9p\u00edt\u0151ipari berendez\u00e9s \u00e9s daru sz\u00e1m\u00e1ra, m\u00e9g a legzordabb id\u0151j\u00e1r\u00e1si k\u00f6r\u00fclm\u00e9nyek k\u00f6z\u00f6tt is.<\/p>\n<\/li>\n<li>\n<p data-path-to-node=\"6,3,0\"><b>Fel\u00fclet:<\/b> Az egyedi cs\u00fasz\u00e1smentes fel\u00fclet kiv\u00e1l\u00f3 tapad\u00e1st garant\u00e1l.<\/p>\n<\/li>\n<li>\n<p data-path-to-node=\"6,4,0\"><b>Talajk\u00f6vet\u00e9s:<\/b> A lapok idomulnak a talaj egyenetlens\u00e9geihez, biztos\u00edtva a maxim\u00e1lis s\u00falyeloszl\u00e1st. T\u00f6k\u00e9letes v\u00e1laszt\u00e1s neh\u00e9z terepen, p\u00e9ld\u00e1ul vizes \u00e9l\u0151helyeken \u00e9s mocsaras vid\u00e9keken t\u00f6rt\u00e9n\u0151 \u00e1thalad\u00e1shoz.<\/p>\n<\/li>\n<\/ul>\n<p data-path-to-node=\"7\"><b>100%-ban \u00fajrahasznos\u00edthat\u00f3 \u00e9s 99%-ban \u00fajrahasznos\u00edtott anyagb\u00f3l!<\/b><\/p>\n<h3><b>Felhaszn\u00e1l\u00e1si p\u00e9ld\u00e1k:<\/b><\/h3>\n<p>&nbsp;<\/p>\n<ul data-path-to-node=\"9\">\n<li>\n<p data-path-to-node=\"9,0,0\">Felvonul\u00e1si utak<\/p>\n<\/li>\n<li>\n<p data-path-to-node=\"9,1,0\">V\u00e9szhelyzeti \u00fatvonalak, rep\u00fcl\u0151terek \u00e9s bej\u00e1r\u00f3k<\/p>\n<\/li>\n<li>\n<p data-path-to-node=\"9,2,0\">Ideiglenes utak \u00e9s parkol\u00f3k<\/p>\n<\/li>\n<li>\n<p data-path-to-node=\"9,3,0\">Aut\u00f3p\u00e1lya- \u00e9s t\u00e1jv\u00e9delem (infrastrukt\u00fara)<\/p>\n<\/li>\n<li>\n<p data-path-to-node=\"9,4,0\">Olaj- \u00e9s g\u00e1zplatformok<\/p>\n<\/li>\n<li>\n<p data-path-to-node=\"9,5,0\">Golf- \u00e9s sportl\u00e9tes\u00edtm\u00e9nyek (talajv\u00e9delem)<\/p>\n<\/li>\n<li>\n<p data-path-to-node=\"9,6,0\">Nagy rendezv\u00e9nyek kiszolg\u00e1l\u00f3ter\u00fcletei \u2013 Stadionv\u00e9delem<\/p>\n<\/li>\n<li>\n<p data-path-to-node=\"9,7,0\">Szabadt\u00e9ri zenei fesztiv\u00e1lok<\/p>\n<\/li>\n<li>\n<p data-path-to-node=\"9,8,0\">Polg\u00e1ri \u00e9s katonai l\u00e9tes\u00edtm\u00e9nyek (t\u00e1bori infrastrukt\u00fara)<\/p>\n<\/li>\n<li>\n<p data-path-to-node=\"9,9,0\">\u00c9p\u00edt\u00e9si munkater\u00fcletek, daruk \u00e9s felvonul\u00e1si \u00e9p\u00fcletek (kont\u00e9nerek) alatt<\/p>\n<\/li>\n<li>\n<p data-path-to-node=\"9,10,0\">Rakt\u00e1roz\u00e1si ter\u00fcletek<\/p>\n<\/li>\n<li>\n<p data-path-to-node=\"9,11,0\">Olaj- \u00e9s g\u00e1zipar<\/p>\n<\/li>\n<\/ul>\n<blockquote data-path-to-node=\"10\">\n<p data-path-to-node=\"10,0\">*<b>Fontos figyelmeztet\u00e9s:<\/b> A teherb\u00edr\u00e1s MINDEN ESETBEN az aktu\u00e1lis talajviszonyokt\u00f3l \u00e9s az anyag fizikai korl\u00e1tait\u00f3l f\u00fcgg. K\u00e9rj\u00fck, j\u00e1rjon el k\u00f6r\u00fcltekint\u0151en.<\/p>\n<p data-path-to-node=\"10,1\">A tapasztalatok azt mutatj\u00e1k, hogy a PM Extreme lapok norm\u00e1l k\u00f6r\u00fclm\u00e9nyek k\u00f6z\u00f6tt m\u00e9g sosem vallottak kudarcot, \u00e9s probl\u00e9mamentesen ellen\u00e1lltak a <b>200 tonn\u00e1t<\/b> meghalad\u00f3 terhel\u00e9snek is.*<\/p>\n<\/blockquote>\n","protected":false},"excerpt":{"rendered":"<p>A 99%-ban \u00fajrahasznos\u00edtott nagy s\u0171r\u0171s\u00e9g\u0171 polietil\u00e9n (HDPE) \u00e9s PE kever\u00e9k\u00e9b\u0151l gy\u00e1rtott <b>PremiumMat Extreme<\/b> talajv\u00e9d\u0151 lapok a tesztek alapj\u00e1n s\u00edk \u00e9s egyenetlen talajon is megbirk\u00f3znak a rendk\u00edv\u00fcli, ak\u00e1r <b>180 tonn\u00e1s<\/b>* maxim\u00e1lis terhel\u00e9ssel.<\/p>\n","protected":false},"featured_media":888,"comment_status":"open","ping_status":"closed","template":"","meta":{"_eb_attr":""},"product_brand":[],"product_cat":[46],"product_tag":[63,64,62,70,65,66,61,60,69,68],"class_list":{"0":"post-891","1":"product","2":"type-product","3":"status-publish","4":"has-post-thumbnail","6":"product_cat-extreme","7":"product_tag-1-het","8":"product_tag-1-honap","9":"product_tag-1-nap","10":"product_tag-allando","11":"product_tag-aszfalt","12":"product_tag-auto","13":"product_tag-gyalogos","14":"product_tag-gyep","15":"product_tag-murva","16":"product_tag-nehezgep","18":"first","19":"instock","20":"shipping-taxable","21":"product-type-simple","22":"customify-col"},"_links":{"self":[{"href":"https:\/\/organizacio.hu\/index.php\/wp-json\/wp\/v2\/product\/891","targetHints":{"allow":["GET"]}}],"collection":[{"href":"https:\/\/organizacio.hu\/index.php\/wp-json\/wp\/v2\/product"}],"about":[{"href":"https:\/\/organizacio.hu\/index.php\/wp-json\/wp\/v2\/types\/product"}],"replies":[{"embeddable":true,"href":"https:\/\/organizacio.hu\/index.php\/wp-json\/wp\/v2\/comments?post=891"}],"wp:featuredmedia":[{"embeddable":true,"href":"https:\/\/organizacio.hu\/index.php\/wp-json\/wp\/v2\/media\/888"}],"wp:attachment":[{"href":"https:\/\/organizacio.hu\/index.php\/wp-json\/wp\/v2\/media?parent=891"}],"wp:term":[{"taxonomy":"product_brand","embeddable":true,"href":"https:\/\/organizacio.hu\/index.php\/wp-json\/wp\/v2\/product_brand?post=891"},{"taxonomy":"product_cat","embeddable":true,"href":"https:\/\/organizacio.hu\/index.php\/wp-json\/wp\/v2\/product_cat?post=891"},{"taxonomy":"product_tag","embeddable":true,"href":"https:\/\/organizacio.hu\/index.php\/wp-json\/wp\/v2\/product_tag?post=891"}],"curies":[{"name":"wp","href":"https:\/\/api.w.org\/{rel}","templated":true}]}}