{"id":885,"date":"2025-12-01T18:44:44","date_gmt":"2025-12-01T17:44:44","guid":{"rendered":"https:\/\/organizacio.hu\/?post_type=product&#038;p=885"},"modified":"2026-01-17T10:09:12","modified_gmt":"2026-01-17T09:09:12","slug":"premiummat-heavy-duty-120","status":"publish","type":"product","link":"https:\/\/organizacio.hu\/index.php\/product\/premiummat-heavy-duty-120\/","title":{"rendered":"PremiumMat Heavy Duty 120"},"content":{"rendered":"<h3><b>PremiumMat Heavy Duty<\/b><\/h3>\n<p>&nbsp;<\/p>\n<p data-path-to-node=\"3\"><span class=\"citation-13\">A <\/span><b><span class=\"citation-13\">PremiumMat Heavy Duty<\/span><\/b><span class=\"citation-13 citation-end-13\"> talajv\u00e9d\u0151 lapok 100%-ban \u00fajrahasznos\u00edtott, nagy s\u0171r\u0171s\u00e9g\u0171 polietil\u00e9nb\u0151l (HDPE) k\u00e9sz\u00fclnek.<\/span> A mindk\u00e9t v\u00e9g\u00fck\u00f6n megtal\u00e1lhat\u00f3 foganty\u00faknak \u00e9s a sarkokban elhelyezett r\u00f6gz\u00edt\u0151furatoknak k\u00f6sz\u00f6nhet\u0151en k\u00e9zi er\u0151vel is k\u00f6nnyen mozgathat\u00f3k \u00e9s telep\u00edthet\u0151k. Tekintse meg a k\u00fcl\u00f6nb\u00f6z\u0151 csatlakoz\u00e1si lehet\u0151s\u00e9geinket!<\/p>\n<div class=\"source-inline-chip-container ng-star-inserted\"><\/div>\n<p data-path-to-node=\"4\"><b>M\u0171szaki adatok:<\/b><\/p>\n<ul data-path-to-node=\"5\">\n<li>\n<p data-path-to-node=\"5,0,0\"><b>Vastags\u00e1g (mint\u00e1zattal egy\u00fctt):<\/b> 20mm (12+5+3mm).<\/p>\n<\/li>\n<li>\n<p data-path-to-node=\"5,1,0\"><b>Fel\u00fclet:<\/b> A homokf\u00favott kop\u00f3r\u00e9teg a piacon el\u00e9rhet\u0151 legjobb tapad\u00e1st biztos\u00edtja a gumikerekes j\u00e1rm\u0171vek sz\u00e1m\u00e1ra. A lapok k\u00e9toldalasak: egyik oldaluk j\u00e1rm\u0171vek, m\u00e1sik oldaluk gyalogosok sz\u00e1m\u00e1ra optimaliz\u00e1lt mint\u00e1zattal rendelkezik.<\/p>\n<\/li>\n<li>\n<p data-path-to-node=\"5,2,0\"><b>H\u0151t\u00e1gul\u00e1s:<\/b> Az egyedi kialak\u00edt\u00e1s kompenz\u00e1lja a sz\u00e9ls\u0151s\u00e9ges h\u0151m\u00e9rs\u00e9klet-v\u00e1ltoz\u00e1sokb\u00f3l ad\u00f3d\u00f3 line\u00e1ris h\u0151t\u00e1gul\u00e1st \u00e9s zsugorod\u00e1st.<\/p>\n<\/li>\n<li>\n<p data-path-to-node=\"5,3,0\"><b>Ellen\u00e1ll\u00f3s\u00e1g:<\/b> A pr\u00e9selt, nagy teljes\u00edtm\u00e9ny\u0171 h\u0151re l\u00e1gyul\u00f3 m\u0171anyag ellen\u00e1ll a vegyszereknek, olajnak, \u00e9s UV-v\u00e9delemmel van ell\u00e1tva.<\/p>\n<\/li>\n<li>\n<p data-path-to-node=\"5,4,0\"><b>Anyag tulajdons\u00e1gok:<\/b> Nem sz\u00edvja mag\u00e1ba a vizet \u00e9s pen\u00e9szmentes.<\/p>\n<\/li>\n<li>\n<p data-path-to-node=\"5,5,0\"><b>Sz\u00edn:<\/b> Sz\u00fcrke\/fekete (sz\u00ednezetlen, \u201eterm\u00e9szetes\u201d \u00fajrahasznos\u00edtott m\u0171anyag).<\/p>\n<\/li>\n<\/ul>\n<p data-path-to-node=\"6\"><b>F\u0151bb el\u0151ny\u00f6k:<\/b> Ez a k\u00f6lts\u00e9ghat\u00e9kony talajv\u00e9d\u0151 lap t\u00f6k\u00e9letes \u00e1tmenetet (hibrid megold\u00e1st) k\u00e9pez a bel\u00e9p\u0151 szint\u0171 lapok \u00e9s a dr\u00e1ga \u00fatlemezek k\u00f6z\u00f6tt. Enyh\u00e9n rugalmas, \u00edgy j\u00f3l alkalmazkodik a talajfelsz\u00ednhez. Rendk\u00edv\u00fcl hossz\u00fa \u00e9lettartam\u00e1nak k\u00f6sz\u00f6nhet\u0151en ez a legn\u00e9pszer\u0171bb term\u00e9k\u00fcnk, amely a g\u00e9pb\u00e9rbead\u00e1si szektorban is ide\u00e1lis v\u00e1laszt\u00e1snak bizonyul. Rugalmas, m\u00e9gis tart\u00f3s megold\u00e1s b\u00e1rmilyen r\u00f6vid vagy hossz\u00fa t\u00e1v\u00fa projekthez.<\/p>\n<p data-path-to-node=\"7\"><b>100%-ban \u00fajrahasznos\u00edthat\u00f3 \u00e9s 100%-ban \u00fajrahasznos\u00edtott anyagb\u00f3l!<\/b><\/p>\n<h3><b>Felhaszn\u00e1l\u00e1si p\u00e9ld\u00e1k:<\/b><\/h3>\n<p>&nbsp;<\/p>\n<ul data-path-to-node=\"9\">\n<li>\n<p data-path-to-node=\"9,0,0\">Ideiglenes utak neh\u00e9zg\u00e9pj\u00e1rm\u0171vek \u00e9s gyalogosok sz\u00e1m\u00e1ra<\/p>\n<\/li>\n<li>\n<p data-path-to-node=\"9,1,0\">\u00dat\u00e9p\u00edt\u00e9s \u00e9s felvonul\u00e1si utak<\/p>\n<\/li>\n<li>\n<p data-path-to-node=\"9,2,0\">Darutalpak al\u00e1t\u00e1maszt\u00e1sa (daruplatformok)<\/p>\n<\/li>\n<li>\n<p data-path-to-node=\"9,3,0\">Sz\u00e9lturbin\u00e1k telep\u00edt\u00e9se \u00e9s karbantart\u00e1sa<\/p>\n<\/li>\n<li>\n<p data-path-to-node=\"9,4,0\">Neh\u00e9zteher-sz\u00e1ll\u00edt\u00e1s<\/p>\n<\/li>\n<li>\n<p data-path-to-node=\"9,5,0\">Helikopterlesz\u00e1ll\u00f3k<\/p>\n<\/li>\n<li>\n<p data-path-to-node=\"9,6,0\">\u00c9p\u00edtkez\u00e9si padl\u00f3zat<\/p>\n<\/li>\n<li>\n<p data-path-to-node=\"9,7,0\">Fesztiv\u00e1lok, koncertek \u00e9s rendezv\u00e9nyek burkolata<\/p>\n<\/li>\n<\/ul>\n<blockquote data-path-to-node=\"10\">\n<p data-path-to-node=\"10,0\">*<b>Fontos figyelmeztet\u00e9s:<\/b> A teherb\u00edr\u00e1s MINDEN ESETBEN az aktu\u00e1lis talajviszonyokt\u00f3l \u00e9s az anyag fizikai korl\u00e1tait\u00f3l f\u00fcgg. K\u00e9rj\u00fck, mindig a j\u00f3zan \u00e9sz szab\u00e1lyai szerint j\u00e1rjon el.<\/p>\n<p data-path-to-node=\"10,1\">A PremiumMat Heavy Duty s\u00edk \u00e9s enyh\u00e9n egyenetlen talajon hivatalosan <b>80 tonn\u00e1s<\/b> teherb\u00edr\u00e1ssal rendelkezik. Tapasztalataink szerint norm\u00e1l felhaszn\u00e1l\u00e1si k\u00f6r\u00fclm\u00e9nyek k\u00f6z\u00f6tt a lapok nem t\u00f6rnek, \u00e9s a tesztek sor\u00e1n probl\u00e9mamentesen ellen\u00e1lltak <b>100 tonn\u00e1t meghalad\u00f3<\/b> terhel\u00e9snek is.*<\/p>\n<\/blockquote>\n","protected":false},"excerpt":{"rendered":"<p>A <b>PremiumMat Heavy Duty<\/b> 100%-ban \u00fajrahasznos\u00edtott, nagy s\u0171r\u0171s\u00e9g\u0171 polietil\u00e9nb\u0151l (HDPE) k\u00e9sz\u00fcl, \u00e9s a terhel\u00e9si tesztek alapj\u00e1n s\u00edk, valamint enyh\u00e9n egyenetlen talajon ak\u00e1r <b>80 tonn\u00e1s<\/b>* maxim\u00e1lis teherb\u00edr\u00e1ssal rendelkezik. A piac egyik legkedveltebb term\u00e9ke, amelyet sz\u00e1mos k\u00fcl\u00f6nb\u00f6z\u0151 projektben sz\u00e9les k\u00f6rben alkalmaznak.<\/p>\n","protected":false},"featured_media":881,"comment_status":"open","ping_status":"closed","template":"","meta":{"_eb_attr":""},"product_brand":[],"product_cat":[45],"product_tag":[63,64,62,70,65,66,61,60,69,68],"class_list":{"0":"post-885","1":"product","2":"type-product","3":"status-publish","4":"has-post-thumbnail","6":"product_cat-heavy-duty","7":"product_tag-1-het","8":"product_tag-1-honap","9":"product_tag-1-nap","10":"product_tag-allando","11":"product_tag-aszfalt","12":"product_tag-auto","13":"product_tag-gyalogos","14":"product_tag-gyep","15":"product_tag-murva","16":"product_tag-nehezgep","18":"first","19":"instock","20":"shipping-taxable","21":"product-type-simple","22":"customify-col"},"_links":{"self":[{"href":"https:\/\/organizacio.hu\/index.php\/wp-json\/wp\/v2\/product\/885","targetHints":{"allow":["GET"]}}],"collection":[{"href":"https:\/\/organizacio.hu\/index.php\/wp-json\/wp\/v2\/product"}],"about":[{"href":"https:\/\/organizacio.hu\/index.php\/wp-json\/wp\/v2\/types\/product"}],"replies":[{"embeddable":true,"href":"https:\/\/organizacio.hu\/index.php\/wp-json\/wp\/v2\/comments?post=885"}],"wp:featuredmedia":[{"embeddable":true,"href":"https:\/\/organizacio.hu\/index.php\/wp-json\/wp\/v2\/media\/881"}],"wp:attachment":[{"href":"https:\/\/organizacio.hu\/index.php\/wp-json\/wp\/v2\/media?parent=885"}],"wp:term":[{"taxonomy":"product_brand","embeddable":true,"href":"https:\/\/organizacio.hu\/index.php\/wp-json\/wp\/v2\/product_brand?post=885"},{"taxonomy":"product_cat","embeddable":true,"href":"https:\/\/organizacio.hu\/index.php\/wp-json\/wp\/v2\/product_cat?post=885"},{"taxonomy":"product_tag","embeddable":true,"href":"https:\/\/organizacio.hu\/index.php\/wp-json\/wp\/v2\/product_tag?post=885"}],"curies":[{"name":"wp","href":"https:\/\/api.w.org\/{rel}","templated":true}]}}