{"id":877,"date":"2025-12-01T18:32:44","date_gmt":"2025-12-01T17:32:44","guid":{"rendered":"https:\/\/organizacio.hu\/?post_type=product&#038;p=877"},"modified":"2026-01-17T10:07:36","modified_gmt":"2026-01-17T09:07:36","slug":"premiummat-medium-mix-120","status":"publish","type":"product","link":"https:\/\/organizacio.hu\/index.php\/product\/premiummat-medium-mix-120\/","title":{"rendered":"PremiumMat Medium Mix 120"},"content":{"rendered":"<h3><b>PremiumMat Medium<\/b><\/h3>\n<p>&nbsp;<\/p>\n<p data-path-to-node=\"3\">A <b>PremiumMat Medium<\/b> lapok 100%-ban \u00fajrahasznos\u00edtott, nagy \u00e9s kis s\u0171r\u0171s\u00e9g\u0171 polietil\u00e9n (HDPE + LDPE) kever\u00e9k\u00e9b\u0151l k\u00e9sz\u00fclnek. A mindk\u00e9t v\u00e9g\u00e9n megtal\u00e1lhat\u00f3 foganty\u00faknak \u00e9s a sarkokban elhelyezett r\u00f6gz\u00edt\u0151furatoknak k\u00f6sz\u00f6nhet\u0151en ezek a talajv\u00e9d\u0151 elemek k\u00e9zzel is k\u00f6nnyen mozgathat\u00f3k \u00e9s telep\u00edthet\u0151k. Tekintse meg csatlakoz\u00e1si lehet\u0151s\u00e9geink sz\u00e9les v\u00e1laszt\u00e9k\u00e1t!<\/p>\n<p data-path-to-node=\"4\"><b>M\u0171szaki adatok:<\/b><\/p>\n<ul data-path-to-node=\"5\">\n<li>\n<p data-path-to-node=\"5,0,0\"><b>Vastags\u00e1g (mint\u00e1zattal egy\u00fctt):<\/b> 22mm (15+5+2mm).<\/p>\n<\/li>\n<li>\n<p data-path-to-node=\"5,1,0\"><b>Fel\u00fclet:<\/b> A k\u00e9tf\u00e9le text\u00far\u00e1val ell\u00e1tott kop\u00f3r\u00e9teget j\u00e1rm\u0171vek \u00e9s gyalogosok sz\u00e1m\u00e1ra is tesztelt\u00e9k.<\/p>\n<\/li>\n<li>\n<p data-path-to-node=\"5,2,0\"><b>H\u0151t\u00e1gul\u00e1s:<\/b> Az egyedi kialak\u00edt\u00e1s kompenz\u00e1lja az extr\u00e9m h\u0151m\u00e9rs\u00e9klet-ingadoz\u00e1sok okozta line\u00e1ris h\u0151t\u00e1gul\u00e1st \u00e9s zsugorod\u00e1st.<\/p>\n<\/li>\n<li>\n<p data-path-to-node=\"5,3,0\"><b>Ellen\u00e1ll\u00f3s\u00e1g:<\/b> A pr\u00e9selt, nagy teljes\u00edtm\u00e9ny\u0171 h\u0151re l\u00e1gyul\u00f3 m\u0171anyag ellen\u00e1ll a vegyszereknek, olajnak \u00e9s UV-v\u00e9delemmel van ell\u00e1tva.<\/p>\n<\/li>\n<li>\n<p data-path-to-node=\"5,4,0\"><b>Anyag tulajdons\u00e1gok:<\/b> Nem sz\u00edvja mag\u00e1ba a vizet \u00e9s pen\u00e9szmentes.<\/p>\n<\/li>\n<li>\n<p data-path-to-node=\"5,5,0\"><b>Sz\u00edn:<\/b> Standard fekete (sz\u00ednezetlen, \u201eterm\u00e9szetes\u201d \u00fajrahasznos\u00edtott m\u0171anyag).<\/p>\n<\/li>\n<\/ul>\n<p data-path-to-node=\"6\"><b>F\u0151bb el\u0151ny\u00f6k:<\/b> A PM Medium egy k\u00f6lts\u00e9ghat\u00e9kony talajv\u00e9d\u0151 megold\u00e1s, amely az ac\u00e9l \u00fatlemezek k\u00f6nnyebb alternat\u00edv\u00e1jak\u00e9nt szolg\u00e1l. Rugalmas anyag\u00e1nak k\u00f6sz\u00f6nhet\u0151en kiv\u00e1l\u00f3an alkalmazkodik a talaj egyenetlens\u00e9geihez. Ez a t\u00edpus a \u201eLight\u201d sorozat \u201enagytestv\u00e9re\u201d: a nagyobb vastags\u00e1g miatt jobb teherb\u00edr\u00e1ssal rendelkezik, ugyanakkor valamivel nehezebb is. Sokoldal\u00fa \u00e9s tart\u00f3s sz\u0151nyeg, amely alkalmas minden r\u00f6vid \u00e9s hossz\u00fa t\u00e1v\u00fa projekthez. Tov\u00e1bbi r\u00e9szletek\u00e9rt tekintse meg a teljes PremiumMat term\u00e9kcsal\u00e1dot.<\/p>\n<p data-path-to-node=\"7\"><b>100%-ban \u00fajrahasznos\u00edthat\u00f3 \u00e9s 100%-ban \u00fajrahasznos\u00edtott anyagb\u00f3l!<\/b><\/p>\n<h3><b>Felhaszn\u00e1l\u00e1si p\u00e9ld\u00e1k:<\/b><\/h3>\n<p>&nbsp;<\/p>\n<ul data-path-to-node=\"9\">\n<li>\n<p data-path-to-node=\"9,0,0\">Ideiglenes utak k\u00f6zepes s\u00faly\u00fa j\u00e1rm\u0171vek \u00e9s gyalogosok sz\u00e1m\u00e1ra<\/p>\n<\/li>\n<li>\n<p data-path-to-node=\"9,1,0\">\u00dat\u00e9p\u00edt\u00e9s \u00e9s felvonul\u00e1si utak<\/p>\n<\/li>\n<li>\n<p data-path-to-node=\"9,2,0\">\u00c9p\u00edtkez\u00e9si padl\u00f3zat<\/p>\n<\/li>\n<li>\n<p data-path-to-node=\"9,3,0\">Fesztiv\u00e1lok, koncertek \u00e9s rendezv\u00e9nyek burkolata<\/p>\n<\/li>\n<li>\n<p data-path-to-node=\"9,4,0\">F\u00fcves koncertter\u00fcletek talajv\u00e9delme<\/p>\n<\/li>\n<li>\n<p data-path-to-node=\"9,5,0\">Ideiglenes kocsibehajt\u00f3k h\u00e1z\u00e9p\u00edt\u00e9shez<\/p>\n<\/li>\n<li>\n<p data-path-to-node=\"9,6,0\">Ideiglenes utak aut\u00f3- \u00e9s buszforgalomhoz<\/p>\n<\/li>\n<li>\n<p data-path-to-node=\"9,7,0\">Sz\u00ednpad\u00e9p\u00edt\u00e9s<\/p>\n<\/li>\n<li>\n<p data-path-to-node=\"9,8,0\">Ideiglenes j\u00e1rd\u00e1k<\/p>\n<\/li>\n<\/ul>\n<blockquote data-path-to-node=\"10\">\n<p data-path-to-node=\"10,0\">*<b>Fontos figyelmeztet\u00e9s:<\/b> A teherb\u00edr\u00e1s MINDEN ESETBEN az aktu\u00e1lis talajviszonyokt\u00f3l \u00e9s az anyag fizikai korl\u00e1tait\u00f3l f\u00fcgg. K\u00e9rj\u00fck, j\u00e1rjon el k\u00f6r\u00fcltekint\u0151en.<\/p>\n<p data-path-to-node=\"10,1\">A PremiumMat Medium szil\u00e1rd, \u00e1tlagos talajon (p\u00e9ld\u00e1ul egy f\u00fcves kertben tavaszi\/ny\u00e1ri id\u0151szakban) <b>50 tonn\u00e1s<\/b> teherb\u00edr\u00e1sra van hiteles\u00edtve. Ugyanakkor szil\u00e1rd, s\u00edk betonfel\u00fcleten, norm\u00e1l h\u0151m\u00e9rs\u00e9kleten (20\u00b0C) ak\u00e1r <b>118 tonn\u00e1s<\/b> terhel\u00e9st is probl\u00e9mamentesen elb\u00edr.*<\/p>\n<\/blockquote>\n","protected":false},"excerpt":{"rendered":"<p>A 100%-ban \u00fajrahasznos\u00edtott kis \u00e9s nagy s\u0171r\u0171s\u00e9g\u0171 polietil\u00e9n (LDPE\/HDPE) kever\u00e9k\u00e9b\u0151l gy\u00e1rtott talajv\u00e9d\u0151 lapok a tesztek alapj\u00e1n szil\u00e1rd, egyenletes talajon \u2013 p\u00e9ld\u00e1ul egy \u00e1tlagos f\u00fcves kertben a tavaszi \u00e9s ny\u00e1ri h\u00f3napokban \u2013 ak\u00e1r <b>50 tonn\u00e1s<\/b>* maxim\u00e1lis terhel\u00e9snek is ellen\u00e1llnak.<\/p>\n","protected":false},"featured_media":878,"comment_status":"open","ping_status":"closed","template":"","meta":{"_eb_attr":""},"product_brand":[],"product_cat":[44],"product_tag":[63,64,62,70,65,66,61,60,69,68],"class_list":{"0":"post-877","1":"product","2":"type-product","3":"status-publish","4":"has-post-thumbnail","6":"product_cat-medium-mix","7":"product_tag-1-het","8":"product_tag-1-honap","9":"product_tag-1-nap","10":"product_tag-allando","11":"product_tag-aszfalt","12":"product_tag-auto","13":"product_tag-gyalogos","14":"product_tag-gyep","15":"product_tag-murva","16":"product_tag-nehezgep","18":"first","19":"instock","20":"shipping-taxable","21":"product-type-simple","22":"customify-col"},"_links":{"self":[{"href":"https:\/\/organizacio.hu\/index.php\/wp-json\/wp\/v2\/product\/877","targetHints":{"allow":["GET"]}}],"collection":[{"href":"https:\/\/organizacio.hu\/index.php\/wp-json\/wp\/v2\/product"}],"about":[{"href":"https:\/\/organizacio.hu\/index.php\/wp-json\/wp\/v2\/types\/product"}],"replies":[{"embeddable":true,"href":"https:\/\/organizacio.hu\/index.php\/wp-json\/wp\/v2\/comments?post=877"}],"wp:featuredmedia":[{"embeddable":true,"href":"https:\/\/organizacio.hu\/index.php\/wp-json\/wp\/v2\/media\/878"}],"wp:attachment":[{"href":"https:\/\/organizacio.hu\/index.php\/wp-json\/wp\/v2\/media?parent=877"}],"wp:term":[{"taxonomy":"product_brand","embeddable":true,"href":"https:\/\/organizacio.hu\/index.php\/wp-json\/wp\/v2\/product_brand?post=877"},{"taxonomy":"product_cat","embeddable":true,"href":"https:\/\/organizacio.hu\/index.php\/wp-json\/wp\/v2\/product_cat?post=877"},{"taxonomy":"product_tag","embeddable":true,"href":"https:\/\/organizacio.hu\/index.php\/wp-json\/wp\/v2\/product_tag?post=877"}],"curies":[{"name":"wp","href":"https:\/\/api.w.org\/{rel}","templated":true}]}}