{"id":708,"date":"2025-11-24T11:51:57","date_gmt":"2025-11-24T10:51:57","guid":{"rendered":"https:\/\/organizacio.hu\/?post_type=product&#038;p=708"},"modified":"2026-01-17T10:11:21","modified_gmt":"2026-01-17T09:11:21","slug":"premiummat-light-rough-2400x1200x22mm","status":"publish","type":"product","link":"https:\/\/organizacio.hu\/index.php\/product\/premiummat-light-rough-2400x1200x22mm\/","title":{"rendered":"PremiumMat Light Rough 2400x1200x22mm"},"content":{"rendered":"<h3><b>PremiumMat Light Rough<\/b><\/h3>\n<p>&nbsp;<\/p>\n<p data-path-to-node=\"4\">A <b>PremiumMat Light Rough<\/b> egy kifejezetten robusztus, nagy ig\u00e9nybev\u00e9telre tervezett talajv\u00e9d\u0151 lap, amely 100%-ban \u00fajrahasznos\u00edtott, kis s\u0171r\u0171s\u00e9g\u0171 polietil\u00e9nb\u0151l (LDPE) k\u00e9sz\u00fcl. Neh\u00e9z k\u00f6rnyezeti k\u00f6r\u00fclm\u00e9nyek k\u00f6z\u00f6tt is megb\u00edzhat\u00f3 fel\u00fcletv\u00e9delmet ny\u00fajt. A lapok a n\u00e9gy hordoz\u00f3foganty\u00fanak \u00e9s a sarokfuratoknak k\u00f6sz\u00f6nhet\u0151en k\u00f6nnyen kezelhet\u0151k \u00e9s gyorsan telep\u00edthet\u0151k. Hagyom\u00e1nyos mechanikai \u00e9s termikus elj\u00e1r\u00e1sokkal (v\u00e1g\u00e1s, f\u00far\u00e1s, mar\u00e1s, hegeszt\u00e9s) is megmunk\u00e1lhat\u00f3k.<\/p>\n<p data-path-to-node=\"5\"><b>M\u0171szaki adatok:<\/b><\/p>\n<ul data-path-to-node=\"6\">\n<li>\n<p data-path-to-node=\"6,0,0\"><b>Vastags\u00e1g (mint\u00e1zattal egy\u00fctt):<\/b> 18mm (15+3mm).<\/p>\n<\/li>\n<li>\n<p data-path-to-node=\"6,1,0\"><b>Fel\u00fclet:<\/b> Durva text\u00fara, teljes fel\u00fcleten 3 mm-es cs\u00fasz\u00e1smentes mint\u00e1zattal.<\/p>\n<\/li>\n<li>\n<p data-path-to-node=\"6,2,0\"><b>Ellen\u00e1ll\u00f3s\u00e1g:<\/b> Ellen\u00e1ll a vegyszereknek, olajnak \u00e9s az UV-sug\u00e1rz\u00e1snak.<\/p>\n<\/li>\n<li>\n<p data-path-to-node=\"6,3,0\"><b>Anyag tulajdons\u00e1gok:<\/b> Nem sz\u00edvja mag\u00e1ba a nedvess\u00e9get \u00e9s pen\u00e9szmentes.<\/p>\n<\/li>\n<li>\n<p data-path-to-node=\"6,4,0\"><b>Sz\u00edn:<\/b> Standard fekete (term\u00e9szetes \u00fajrahasznos\u00edtott anyag).<\/p>\n<\/li>\n<\/ul>\n<p data-path-to-node=\"7\"><b>F\u0151bb el\u0151ny\u00f6k:<\/b> Ez a tart\u00f3s \u00e9s k\u00f6lts\u00e9ghat\u00e9kony megold\u00e1s kiv\u00e1l\u00f3 kop\u00e1s\u00e1ll\u00f3s\u00e1got \u00e9s rugalmass\u00e1got \u00f6tv\u00f6z. A 3 mm-es bord\u00e1zat maxim\u00e1lis tapad\u00e1st biztos\u00edt a j\u00e1rm\u0171vek \u00e9s munkag\u00e9pek sz\u00e1m\u00e1ra, \u00edgy cs\u00f6kkentve a balesetek kock\u00e1zat\u00e1t m\u00e9g nagy ig\u00e9nybev\u00e9tel eset\u00e9n is. Ide\u00e1lis olyan helyzetekben, ahol extra er\u0151s tapad\u00e1sra van sz\u00fcks\u00e9g viszonylag egyenletes talajon.<\/p>\n<p data-path-to-node=\"8\"><b>100%-ban \u00fajrahasznos\u00edthat\u00f3 \u00e9s 100%-ban \u00fajrahasznos\u00edtott anyagb\u00f3l!<\/b><\/p>\n<h3><b>Felhaszn\u00e1l\u00e1si p\u00e9ld\u00e1k:<\/b><\/h3>\n<p>&nbsp;<\/p>\n<ul data-path-to-node=\"10\">\n<li>\n<p data-path-to-node=\"10,0,0\">Ideiglenes utak neh\u00e9zg\u00e9pj\u00e1rm\u0171vekt\u0151l a gyalogosforgalomig<\/p>\n<\/li>\n<li>\n<p data-path-to-node=\"10,1,0\">\u00dat\u00e9p\u00edt\u00e9s \u00e9s felvonul\u00e1si utak<\/p>\n<\/li>\n<li>\n<p data-path-to-node=\"10,2,0\">Aszfaltburkolat v\u00e9delme ac\u00e9ll\u00e1nctalpas g\u00e9pek alatt<\/p>\n<\/li>\n<li>\n<p data-path-to-node=\"10,3,0\">K\u0151burkolatok \u00e9s macskak\u00f6ves utc\u00e1k v\u00e9delme<\/p>\n<\/li>\n<li>\n<p data-path-to-node=\"10,4,0\">Neh\u00e9zteher-sz\u00e1ll\u00edt\u00e1s<\/p>\n<\/li>\n<li>\n<p data-path-to-node=\"10,5,0\">Belt\u00e9ri fapadl\u00f3k v\u00e9delme 10 tonna feletti g\u00e9pek eset\u00e9n<\/p>\n<\/li>\n<li>\n<p data-path-to-node=\"10,6,0\">\u00c9p\u00edtkez\u00e9si padl\u00f3zat, fesztiv\u00e1lok, koncertek burkolata<\/p>\n<\/li>\n<\/ul>\n<blockquote data-path-to-node=\"11\">\n<p data-path-to-node=\"11,0\">*<b>Fontos figyelmeztet\u00e9s:<\/b> A teherb\u00edr\u00e1s MINDEN ESETBEN az aktu\u00e1lis talajviszonyokt\u00f3l \u00e9s az anyag fizikai korl\u00e1tait\u00f3l f\u00fcgg. K\u00e9rj\u00fck, j\u00e1rjon el k\u00f6r\u00fcltekint\u0151en.<\/p>\n<p data-path-to-node=\"11,1\">A PremiumMat Light Rough s\u00edk \u00e9s enyh\u00e9n egyenetlen talajon a tesztek alapj\u00e1n <b>30 tonn\u00e1s<\/b> maxim\u00e1lis teherb\u00edr\u00e1ssal rendelkezik.<\/p>\n<\/blockquote>\n","protected":false},"excerpt":{"rendered":"<p>A 100%-ban \u00fajrahasznos\u00edtott, kis s\u0171r\u0171s\u00e9g\u0171 polietil\u00e9nb\u0151l (LDPE) gy\u00e1rtott lapokat \u00fagy tervezt\u00e9k, hogy s\u00edk, illetve enyh\u00e9n egyenetlen talajviszonyok mellett is megb\u00edzhat\u00f3an b\u00edrj\u00e1k a terhel\u00e9st, a tesztek alapj\u00e1n eg\u00e9szen <b>30 tonn\u00e1ig<\/b>. Felh\u00edvjuk figyelm\u00e9t, hogy a term\u00e9k kiz\u00e1r\u00f3lag <b>25 darabos, raklapos kiszerel\u00e9sben<\/b> rendelhet\u0151.<\/p>\n","protected":false},"featured_media":696,"comment_status":"open","ping_status":"closed","template":"","meta":{"_eb_attr":""},"product_brand":[],"product_cat":[40],"product_tag":[63,64,62,32,65,66,61,60,69,68],"class_list":{"0":"post-708","1":"product","2":"type-product","3":"status-publish","4":"has-post-thumbnail","6":"product_cat-light-rough","7":"product_tag-1-het","8":"product_tag-1-honap","9":"product_tag-1-nap","10":"product_tag-32","11":"product_tag-aszfalt","12":"product_tag-auto","13":"product_tag-gyalogos","14":"product_tag-gyep","15":"product_tag-murva","16":"product_tag-nehezgep","18":"first","19":"instock","20":"shipping-taxable","21":"product-type-simple","22":"customify-col","23":"product-has-gallery"},"_links":{"self":[{"href":"https:\/\/organizacio.hu\/index.php\/wp-json\/wp\/v2\/product\/708","targetHints":{"allow":["GET"]}}],"collection":[{"href":"https:\/\/organizacio.hu\/index.php\/wp-json\/wp\/v2\/product"}],"about":[{"href":"https:\/\/organizacio.hu\/index.php\/wp-json\/wp\/v2\/types\/product"}],"replies":[{"embeddable":true,"href":"https:\/\/organizacio.hu\/index.php\/wp-json\/wp\/v2\/comments?post=708"}],"wp:featuredmedia":[{"embeddable":true,"href":"https:\/\/organizacio.hu\/index.php\/wp-json\/wp\/v2\/media\/696"}],"wp:attachment":[{"href":"https:\/\/organizacio.hu\/index.php\/wp-json\/wp\/v2\/media?parent=708"}],"wp:term":[{"taxonomy":"product_brand","embeddable":true,"href":"https:\/\/organizacio.hu\/index.php\/wp-json\/wp\/v2\/product_brand?post=708"},{"taxonomy":"product_cat","embeddable":true,"href":"https:\/\/organizacio.hu\/index.php\/wp-json\/wp\/v2\/product_cat?post=708"},{"taxonomy":"product_tag","embeddable":true,"href":"https:\/\/organizacio.hu\/index.php\/wp-json\/wp\/v2\/product_tag?post=708"}],"curies":[{"name":"wp","href":"https:\/\/api.w.org\/{rel}","templated":true}]}}