{"id":619,"date":"2025-11-24T09:30:38","date_gmt":"2025-11-24T08:30:38","guid":{"rendered":"https:\/\/organizacio.hu\/?post_type=product&#038;p=619"},"modified":"2026-01-17T09:58:03","modified_gmt":"2026-01-17T08:58:03","slug":"premiummat-economy","status":"publish","type":"product","link":"https:\/\/organizacio.hu\/index.php\/product\/premiummat-economy\/","title":{"rendered":"PremiumMat Economy"},"content":{"rendered":"<p data-path-to-node=\"2\">A <b>PremiumMat Economy<\/b> lapok ide\u00e1lis megold\u00e1st ny\u00fajtanak mind r\u00f6vid, mind hossz\u00fa t\u00e1v\u00fa projektekhez: kiv\u00e1l\u00f3an alkalmasak ideiglenes j\u00e1rd\u00e1k, k\u00f6zleked\u0151utak, sz\u00ednpadi burkolatok kialak\u00edt\u00e1s\u00e1ra, valamint biztos\u00edtj\u00e1k a k\u00f6nny\u0171 munkag\u00e9pek, j\u00e1rm\u0171vek \u00e9s a gyalogosforgalom biztons\u00e1gos \u00e1thalad\u00e1s\u00e1t rendezv\u00e9nyeken. <span class=\"citation-7\">Ezt a k\u00f6lts\u00e9ghat\u00e9kony talajv\u00e9d\u0151 eszk\u00f6zt gyakran emlegetik <\/span><b><span class=\"citation-7\">\u201ea r\u00e9tegelt lemez felturb\u00f3zott v\u00e1ltozatak\u00e9nt\u201d<\/span><\/b><span class=\"citation-7 citation-end-7\"> is.<\/span> A hagyom\u00e1nyos falemezekkel ellent\u00e9tben azonban ez az anyag nem repedezik, nem sz\u00edvja mag\u00e1ba a vizet, \u00e9s nem dagad meg, emellett ellen\u00e1ll a vegyszereknek, fel\u00fclete pedig cs\u00fasz\u00e1smentes mint\u00e1zattal van ell\u00e1tva.<\/p>\n<div class=\"source-inline-chip-container ng-star-inserted\"><\/div>\n<p data-path-to-node=\"3\"><b>M\u0171szaki adatok:<\/b> A lapok vastags\u00e1ga a mint\u00e1zattal egy\u00fctt <b>10 mm (9+1 mm)<\/b>. <i>(A term\u00e9k b\u00e1rmilyen RAL sz\u00ednben rendelhet\u0151, b\u0151vebb inform\u00e1ci\u00f3\u00e9rt kattintson ide.)<\/i><\/p>\n<blockquote data-path-to-node=\"4\">\n<p data-path-to-node=\"4,0\">*<b>Fontos figyelmeztet\u00e9s:<\/b> A teherb\u00edr\u00e1s MINDEN ESETBEN az aktu\u00e1lis talajviszonyokt\u00f3l \u00e9s az anyag fizikai korl\u00e1tait\u00f3l f\u00fcgg. K\u00e9rj\u00fck, mindig k\u00f6r\u00fcltekint\u0151en j\u00e1rjon el!<\/p>\n<p data-path-to-node=\"4,1\"><span class=\"citation-6\">A PremiumMat Economy szil\u00e1rd, s\u00edk aljzaton, norm\u00e1l h\u0151m\u00e9rs\u00e9kleten (20\u00b0C) ak\u00e1r <\/span><b><span class=\"citation-6\">10 tonn\u00e1s<\/span><\/b><span class=\"citation-6 citation-end-6\"> terhel\u00e9st is probl\u00e9mamentesen elb\u00edr.<\/span> Ugyanakkor fontos megjegyezni, hogy tesztjeink sor\u00e1n, egyenetlen, s\u00e1ros talajon, fagypont alatti h\u0151m\u00e9rs\u00e9kleten (-2\u00b0C) m\u00e1r egy <b>1 tonn\u00e1n\u00e1l k\u00f6nnyebb<\/b> szem\u00e9lyaut\u00f3 s\u00falya alatt is t\u00f6r\u00e9s k\u00f6vetkezett be.*<\/p>\n<\/blockquote>\n","protected":false},"excerpt":{"rendered":"<p>A 100%-ban \u00fajrahasznos\u00edtott, kis s\u0171r\u0171s\u00e9g\u0171 polietil\u00e9nb\u0151l (LDPE) k\u00e9sz\u00fclt <b>PremiumMat Economy<\/b> lapokat \u00fagy tervezt\u00e9k \u00e9s tesztelt\u00e9k, hogy szil\u00e1rd talajon, illetve a tavaszi \u00e9s ny\u00e1ri id\u0151szakban \u00e1tlagos f\u00fcves kertekben is biztons\u00e1gos al\u00e1t\u00e1maszt\u00e1st ny\u00fajtsanak gyalogosok \u00e9s k\u00f6nny\u0171 j\u00e1rm\u0171vek* sz\u00e1m\u00e1ra.<\/p>\n","protected":false},"featured_media":620,"comment_status":"open","ping_status":"closed","template":"","meta":{"_eb_attr":""},"product_brand":[],"product_cat":[39,30],"product_tag":[63,64,62,32,67,61,60],"class_list":{"0":"post-619","1":"product","2":"type-product","3":"status-publish","4":"has-post-thumbnail","6":"product_cat-economy","7":"product_cat-premiummat","8":"product_tag-1-het","9":"product_tag-1-honap","10":"product_tag-1-nap","11":"product_tag-32","12":"product_tag-belter","13":"product_tag-gyalogos","14":"product_tag-gyep","16":"first","17":"instock","18":"shipping-taxable","19":"product-type-simple","20":"customify-col"},"_links":{"self":[{"href":"https:\/\/organizacio.hu\/index.php\/wp-json\/wp\/v2\/product\/619","targetHints":{"allow":["GET"]}}],"collection":[{"href":"https:\/\/organizacio.hu\/index.php\/wp-json\/wp\/v2\/product"}],"about":[{"href":"https:\/\/organizacio.hu\/index.php\/wp-json\/wp\/v2\/types\/product"}],"replies":[{"embeddable":true,"href":"https:\/\/organizacio.hu\/index.php\/wp-json\/wp\/v2\/comments?post=619"}],"wp:featuredmedia":[{"embeddable":true,"href":"https:\/\/organizacio.hu\/index.php\/wp-json\/wp\/v2\/media\/620"}],"wp:attachment":[{"href":"https:\/\/organizacio.hu\/index.php\/wp-json\/wp\/v2\/media?parent=619"}],"wp:term":[{"taxonomy":"product_brand","embeddable":true,"href":"https:\/\/organizacio.hu\/index.php\/wp-json\/wp\/v2\/product_brand?post=619"},{"taxonomy":"product_cat","embeddable":true,"href":"https:\/\/organizacio.hu\/index.php\/wp-json\/wp\/v2\/product_cat?post=619"},{"taxonomy":"product_tag","embeddable":true,"href":"https:\/\/organizacio.hu\/index.php\/wp-json\/wp\/v2\/product_tag?post=619"}],"curies":[{"name":"wp","href":"https:\/\/api.w.org\/{rel}","templated":true}]}}