{"id":520,"date":"2025-11-18T13:51:31","date_gmt":"2025-11-18T12:51:31","guid":{"rendered":"https:\/\/organizacio.hu\/?post_type=product&#038;p=520"},"modified":"2026-01-17T09:57:19","modified_gmt":"2026-01-17T08:57:19","slug":"premiummat-light-90","status":"publish","type":"product","link":"https:\/\/organizacio.hu\/index.php\/product\/premiummat-light-90\/","title":{"rendered":"PremiumMat Light 90"},"content":{"rendered":"<h3 data-path-to-node=\"2\"><b>PremiumMat Light 90<\/b><\/h3>\n<p data-path-to-node=\"3\">A <b>PremiumMat Light 90<\/b> 100%-ban \u00fajrahasznos\u00edtott, kis s\u0171r\u0171s\u00e9g\u0171 polietil\u00e9nb\u0151l (LDPE) k\u00e9sz\u00fcl. A lapok mindk\u00e9t v\u00e9g\u00e9n kialak\u00edtott foganty\u00faknak, valamint a sarkokon tal\u00e1lhat\u00f3 r\u00f6gz\u00edt\u0151furatoknak k\u00f6sz\u00f6nhet\u0151en ez a k\u00f6nny\u0171 s\u00faly\u00fa talajv\u00e9d\u0151 k\u00e9zzel is egyszer\u0171en mozgathat\u00f3 \u00e9s telep\u00edthet\u0151.<\/p>\n<p data-path-to-node=\"4\"><b>Kialak\u00edt\u00e1s \u00e9s M\u00e9retek:<\/b> A fel\u00fclet k\u00e9tf\u00e9le kialak\u00edt\u00e1st k\u00edn\u00e1l \u2013 az egyik oldala sima, a m\u00e1sik textur\u00e1lt \u2013, \u00edgy j\u00e1rm\u0171vek \u00e9s gyalogosok sz\u00e1m\u00e1ra egyar\u00e1nt biztons\u00e1gos k\u00f6zleked\u00e9st tesz lehet\u0151v\u00e9.<\/p>\n<ul data-path-to-node=\"5\">\n<li>\n<p data-path-to-node=\"5,0,0\"><i>Vastags\u00e1g (mint\u00e1zattal egy\u00fctt):<\/i> 12 mm (11+1 mm).<\/p>\n<\/li>\n<li>\n<p data-path-to-node=\"5,1,0\"><i>Tekintse meg csatlakoz\u00e1si lehet\u0151s\u00e9geink sz\u00e9les v\u00e1laszt\u00e9k\u00e1t a biztons\u00e1gos r\u00f6gz\u00edt\u00e9shez!<\/i><\/p>\n<\/li>\n<\/ul>\n<p data-path-to-node=\"6\"><b>Anyagjellemz\u0151k:<\/b><\/p>\n<ul data-path-to-node=\"7\">\n<li>\n<p data-path-to-node=\"7,0,0\"><b>Ellen\u00e1ll\u00f3s\u00e1g:<\/b> Vegyszer-, olaj- \u00e9s UV-\u00e1ll\u00f3.<\/p>\n<\/li>\n<li>\n<p data-path-to-node=\"7,1,0\"><b>Higi\u00e9nia:<\/b> Nem sz\u00edvja mag\u00e1ba a nedvess\u00e9get, \u00edgy pen\u00e9szmentes.<\/p>\n<\/li>\n<li>\n<p data-path-to-node=\"7,2,0\"><b>Sz\u00edn:<\/b> Standard sz\u00fcrke (sz\u00ednezetlen, \u201eterm\u00e9szetes\u201d \u00fajrahasznos\u00edtott m\u0171anyag).<\/p>\n<\/li>\n<\/ul>\n<p data-path-to-node=\"8\"><b>F\u0151bb el\u0151ny\u00f6k:<\/b> A PM Light egy k\u00f6lts\u00e9ghat\u00e9kony \u00e9s tart\u00f3s talajv\u00e9d\u0151, amely t\u00f6k\u00e9letes alternat\u00edv\u00e1ja a r\u00e9tegelt lemezeknek (plywood). Rendk\u00edv\u00fcl rugalmas, \u00edgy j\u00f3l alkalmazkodik a talaj egyenetlens\u00e9geihez. Sokoldal\u00fa megold\u00e1s r\u00f6vid \u00e9s hossz\u00fa t\u00e1v\u00fa projektekhez egyar\u00e1nt. Tov\u00e1bbi r\u00e9szletek\u00e9rt tekintse meg a PremiumMat term\u00e9kcsal\u00e1d le\u00edr\u00e1s\u00e1t.<\/p>\n<p data-path-to-node=\"9\"><b>100%-ban \u00fajrahasznos\u00edthat\u00f3 \u00e9s 100%-ban \u00fajrahasznos\u00edtott anyagb\u00f3l!<\/b><\/p>\n<h3 data-path-to-node=\"10\"><b>Felhaszn\u00e1l\u00e1si p\u00e9ld\u00e1k:<\/b><\/h3>\n<ul data-path-to-node=\"11\">\n<li>\n<p data-path-to-node=\"11,0,0\">Ideiglenes utak k\u00f6nny\u0171 \u00e9s k\u00f6zepes j\u00e1rm\u0171vek, illetve gyalogosok sz\u00e1m\u00e1ra<\/p>\n<\/li>\n<li>\n<p data-path-to-node=\"11,1,0\">\u00dat\u00e9p\u00edt\u00e9s \u00e9s felvonul\u00e1si utak<\/p>\n<\/li>\n<li>\n<p data-path-to-node=\"11,2,0\">\u00c9p\u00edtkez\u00e9si padl\u00f3zatok<\/p>\n<\/li>\n<li>\n<p data-path-to-node=\"11,3,0\">Fesztiv\u00e1lok \u00e9s rendezv\u00e9nyek padl\u00f3zata<\/p>\n<\/li>\n<li>\n<p data-path-to-node=\"11,4,0\">Koncertek f\u00fcves ter\u00fcleteinek lefed\u00e9se<\/p>\n<\/li>\n<li>\n<p data-path-to-node=\"11,5,0\">Kocsibe\u00e1ll\u00f3k h\u00e1z\u00e9p\u00edt\u00e9shez<\/p>\n<\/li>\n<li>\n<p data-path-to-node=\"11,6,0\">Sz\u00ednpad\u00e9p\u00edt\u00e9s<\/p>\n<\/li>\n<li>\n<p data-path-to-node=\"11,7,0\">J\u00e1rd\u00e1k \u00e9s k\u00f6zleked\u0151k<\/p>\n<\/li>\n<\/ul>\n<blockquote data-path-to-node=\"12\">\n<p data-path-to-node=\"12,0\"><i><b>Fontos figyelmeztet\u00e9s:<\/b> A teherb\u00edr\u00e1s MINDEN ESETBEN az aktu\u00e1lis talajviszonyokt\u00f3l \u00e9s az anyag fizikai korl\u00e1tait\u00f3l f\u00fcgg. K\u00e9rj\u00fck, mindig a j\u00f3zan \u00e9sz szab\u00e1lyai szerint j\u00e1rjon el.<\/i><\/p>\n<p data-path-to-node=\"12,1\"><i>T\u00e1j\u00e9koztat\u00e1sul: A PremiumMat Light szil\u00e1rd, s\u00edk talajon (pl. beton), norm\u00e1l szobah\u0151m\u00e9rs\u00e9kleten (20\u00b0C) gond n\u00e9lk\u00fcl elb\u00edr ak\u00e1r <b>10 tonn\u00e1t<\/b> is. Ezzel szemben m\u00e1s tesztek sor\u00e1n, egyenetlen, s\u00e1ros talajon, fagypont alatti h\u0151m\u00e9rs\u00e9kleten (-2\u00b0C) m\u00e1r <b>5 tonna alatti<\/b> nyom\u00e1sn\u00e1l is megrepedt.<\/i><\/p>\n<\/blockquote>\n","protected":false},"excerpt":{"rendered":"<p>A PremiumMat Light 90 100%-ban \u00fajrahasznos\u00edtott alacsony s\u0171r\u0171s\u00e9g\u0171 polietil\u00e9nb\u0151l (LDPE) k\u00e9sz\u00fcl, \u00e9s szil\u00e1rd, egyenletes talajon \u2013 p\u00e9ld\u00e1ul egy \u00e1tlagos, f\u0171vel bor\u00edtott kerti ter\u00fcleten tavasszal \u00e9s ny\u00e1ron \u2013 legfeljebb 10 tonn\u00e1s terhel\u00e9sre lett tesztelve.<\/p>\n","protected":false},"featured_media":473,"comment_status":"open","ping_status":"closed","template":"","meta":{"_eb_attr":""},"product_brand":[],"product_cat":[31,30],"product_tag":[63,64,62,32,66,67,61,60],"class_list":{"0":"post-520","1":"product","2":"type-product","3":"status-publish","4":"has-post-thumbnail","6":"product_cat-premiummat-light","7":"product_cat-premiummat","8":"product_tag-1-het","9":"product_tag-1-honap","10":"product_tag-1-nap","11":"product_tag-32","12":"product_tag-auto","13":"product_tag-belter","14":"product_tag-gyalogos","15":"product_tag-gyep","17":"first","18":"instock","19":"shipping-taxable","20":"product-type-simple","21":"customify-col"},"_links":{"self":[{"href":"https:\/\/organizacio.hu\/index.php\/wp-json\/wp\/v2\/product\/520","targetHints":{"allow":["GET"]}}],"collection":[{"href":"https:\/\/organizacio.hu\/index.php\/wp-json\/wp\/v2\/product"}],"about":[{"href":"https:\/\/organizacio.hu\/index.php\/wp-json\/wp\/v2\/types\/product"}],"replies":[{"embeddable":true,"href":"https:\/\/organizacio.hu\/index.php\/wp-json\/wp\/v2\/comments?post=520"}],"wp:featuredmedia":[{"embeddable":true,"href":"https:\/\/organizacio.hu\/index.php\/wp-json\/wp\/v2\/media\/473"}],"wp:attachment":[{"href":"https:\/\/organizacio.hu\/index.php\/wp-json\/wp\/v2\/media?parent=520"}],"wp:term":[{"taxonomy":"product_brand","embeddable":true,"href":"https:\/\/organizacio.hu\/index.php\/wp-json\/wp\/v2\/product_brand?post=520"},{"taxonomy":"product_cat","embeddable":true,"href":"https:\/\/organizacio.hu\/index.php\/wp-json\/wp\/v2\/product_cat?post=520"},{"taxonomy":"product_tag","embeddable":true,"href":"https:\/\/organizacio.hu\/index.php\/wp-json\/wp\/v2\/product_tag?post=520"}],"curies":[{"name":"wp","href":"https:\/\/api.w.org\/{rel}","templated":true}]}}