{"id":1187,"date":"2025-12-12T13:22:02","date_gmt":"2025-12-12T12:22:02","guid":{"rendered":"https:\/\/organizacio.hu\/?post_type=product&#038;p=1187"},"modified":"2026-01-17T10:11:36","modified_gmt":"2026-01-17T09:11:36","slug":"szines-talajvedo-matracok-es-ceges-logok","status":"publish","type":"product","link":"https:\/\/organizacio.hu\/index.php\/product\/szines-talajvedo-matracok-es-ceges-logok\/","title":{"rendered":"Sz\u00ednes talajv\u00e9d\u0151 matracok \u00e9s c\u00e9ges log\u00f3k"},"content":{"rendered":"<p data-path-to-node=\"1\">Lehet\u0151s\u00e9get k\u00edn\u00e1lunk PremiumMat Economy \u00e9s PremiumMat Light term\u00e9keink testreszab\u00e1s\u00e1ra b\u00e1rmely RAL sz\u00ednben. K\u00e9r\u00e9sre c\u00e9ges log\u00f3k is elhelyezhet\u0151k rajtuk.<\/p>\n<p data-path-to-node=\"2\">A minim\u00e1lis rendel\u00e9si mennyis\u00e9ggel, a sz\u00e1ll\u00edt\u00e1si hat\u00e1rid\u0151vel \u00e9s az \u00e1raz\u00e1ssal kapcsolatban visszajelz\u00fcnk \u00d6nnek.<\/p>\n<p data-path-to-node=\"3\">A PremiumMat Economy \u00e9s PremiumMat Light term\u00e9kekkel kapcsolatos r\u00e9szletesebb inform\u00e1ci\u00f3k\u00e9rt l\u00e1togasson el a term\u00e9koldalakra:<\/p>\n<p data-path-to-node=\"3\"><a href=\"https:\/\/organizacio.hu\/index.php\/product-category\/premiummat\/economy\/\">PremiumMat Economy<\/a><\/p>\n<p data-path-to-node=\"3\"><a href=\"https:\/\/organizacio.hu\/index.php\/product-category\/premiummat\/premiummat-light\/\">PremiumMat Light<\/a><\/p>\n<p data-path-to-node=\"4\">A teherb\u00edr\u00e1s MINDEN ESETBEN az aktu\u00e1lis talajviszonyokt\u00f3l \u00e9s az anyag fizikai korl\u00e1tait\u00f3l f\u00fcgg. K\u00e9rj\u00fck, mindig a j\u00f3zan \u00e9sz szab\u00e1lyai szerint j\u00e1rjon el. Mindazon\u00e1ltal a PremiumMat Light szil\u00e1rd, s\u00edk betonfel\u00fcleten, norm\u00e1l szobah\u0151m\u00e9rs\u00e9kleten (20\u00b0C) ak\u00e1r 100 tonn\u00e1t is elb\u00edr. M\u00e1s tesztek sor\u00e1n azonban egyenetlen, s\u00e1ros talajon, fagypont alatti h\u0151m\u00e9rs\u00e9kleten (-2\u00b0C) m\u00e1r 5 tonna alatti nyom\u00e1sn\u00e1l is megrepedt.<\/p>\n","protected":false},"excerpt":{"rendered":"<p>PremiumMat Economy \u00e9s PremiumMat Light term\u00e9keinkhez b\u00e1rmilyen RAL sz\u00edn\u00e1rnyalatot tudunk biztos\u00edtani, emellett ig\u00e9ny eset\u00e9n lehet\u0151s\u00e9g van a lapok egyedi c\u00e9ges log\u00f3val t\u00f6rt\u00e9n\u0151 ell\u00e1t\u00e1s\u00e1ra is.<\/p>\n","protected":false},"featured_media":1188,"comment_status":"open","ping_status":"closed","template":"","meta":{"_eb_attr":""},"product_brand":[],"product_cat":[59],"product_tag":[63,64,62,32,65,66,61,60,69,68],"class_list":{"0":"post-1187","1":"product","2":"type-product","3":"status-publish","4":"has-post-thumbnail","6":"product_cat-szines-talajvedo-matracok-es-ceges-logok","7":"product_tag-1-het","8":"product_tag-1-honap","9":"product_tag-1-nap","10":"product_tag-32","11":"product_tag-aszfalt","12":"product_tag-auto","13":"product_tag-gyalogos","14":"product_tag-gyep","15":"product_tag-murva","16":"product_tag-nehezgep","18":"first","19":"instock","20":"shipping-taxable","21":"product-type-simple","22":"customify-col"},"_links":{"self":[{"href":"https:\/\/organizacio.hu\/index.php\/wp-json\/wp\/v2\/product\/1187","targetHints":{"allow":["GET"]}}],"collection":[{"href":"https:\/\/organizacio.hu\/index.php\/wp-json\/wp\/v2\/product"}],"about":[{"href":"https:\/\/organizacio.hu\/index.php\/wp-json\/wp\/v2\/types\/product"}],"replies":[{"embeddable":true,"href":"https:\/\/organizacio.hu\/index.php\/wp-json\/wp\/v2\/comments?post=1187"}],"wp:featuredmedia":[{"embeddable":true,"href":"https:\/\/organizacio.hu\/index.php\/wp-json\/wp\/v2\/media\/1188"}],"wp:attachment":[{"href":"https:\/\/organizacio.hu\/index.php\/wp-json\/wp\/v2\/media?parent=1187"}],"wp:term":[{"taxonomy":"product_brand","embeddable":true,"href":"https:\/\/organizacio.hu\/index.php\/wp-json\/wp\/v2\/product_brand?post=1187"},{"taxonomy":"product_cat","embeddable":true,"href":"https:\/\/organizacio.hu\/index.php\/wp-json\/wp\/v2\/product_cat?post=1187"},{"taxonomy":"product_tag","embeddable":true,"href":"https:\/\/organizacio.hu\/index.php\/wp-json\/wp\/v2\/product_tag?post=1187"}],"curies":[{"name":"wp","href":"https:\/\/api.w.org\/{rel}","templated":true}]}}