{"id":1181,"date":"2025-12-12T10:34:52","date_gmt":"2025-12-12T09:34:52","guid":{"rendered":"https:\/\/organizacio.hu\/?post_type=product&#038;p=1181"},"modified":"2026-01-13T18:26:57","modified_gmt":"2026-01-13T17:26:57","slug":"nagy-fogantyu-osszekoto","status":"publish","type":"product","link":"https:\/\/organizacio.hu\/index.php\/product\/nagy-fogantyu-osszekoto\/","title":{"rendered":"Nagy foganty\u00fa \u00f6sszek\u00f6t\u0151"},"content":{"rendered":"<p data-path-to-node=\"1\">Eg\u00e9sz\u00edtse ki PremiumMat HEAVY DUTY \u00e9s LIGHT ROUGH rendszer\u00e9t a Nagy m\u00e9ret\u0171 r\u00f6gz\u00edt\u0151kapcsunkkal. A maxim\u00e1lis tart\u00f3ss\u00e1gra tervezett r\u00f6gz\u00edt\u0151kapocs kiv\u00e9teles er\u0151t biztos\u00edt fel\u00e9p\u00edt\u00e9s\u00e9nek k\u00f6sz\u00f6nhet\u0151en. Korr\u00f3zi\u00f3\u00e1ll\u00f3 tulajdons\u00e1gaival t\u00f6k\u00e9letes megold\u00e1s k\u00fclt\u00e9ri haszn\u00e1latra, ahol a lapokat leggyakrabban alkalmazz\u00e1k.<\/p>\n<p data-path-to-node=\"2\">Tapasztalja meg a fokozott stabilit\u00e1st \u00e9s biztons\u00e1got a lapok k\u00f6z\u00f6tti robusztus kapcsolat r\u00e9v\u00e9n, an\u00e9lk\u00fcl, hogy kompromisszumot kellene k\u00f6tnie a teljes\u00edtm\u00e9ny ter\u00e9n. Az optim\u00e1lis r\u00f6gz\u00edt\u00e9shez a 4 foganty\u00fas lapokn\u00e1l 4 db, a 2 foganty\u00fas lapokn\u00e1l pedig 2 db csatlakoz\u00f3t haszn\u00e1ljon.<\/p>\n","protected":false},"excerpt":{"rendered":"<p>A t\u0171zihorganyzott Magnelis lemezb\u0151l k\u00e9sz\u00fclt foganty\u00fa \u00f6sszek\u00f6t\u0151k praktikus megold\u00e1st k\u00edn\u00e1lnak a PremiumMat talajv\u00e9d\u0151 lapok \u00f6sszekapcsol\u00e1s\u00e1ra s\u00edk fel\u00fcleteken. Ezek az \u00f6sszek\u00f6t\u0151k egyszer\u0171v\u00e9 \u00e9s hat\u00e9konny\u00e1 teszik a lapok egym\u00e1shoz r\u00f6gz\u00edt\u00e9s\u00e9t. Rendk\u00edv\u00fcl sokoldal\u00faak, mivel \u00fagy tervezt\u00e9k \u0151ket, hogy illeszkedjenek a 15 mm \u00e9s 22 mm k\u00f6z\u00f6tti vastags\u00e1g\u00fa PremiumMat lapokhoz. A r\u00f6gz\u00edt\u00e9shez nincs sz\u00fcks\u00e9g szersz\u00e1mokra. Legink\u00e1bb a <b>HEAVY DUTY<\/b> \u00e9s <b>LIGHT ROUGH<\/b> t\u00edpus\u00fa lapokhoz alkalmas.<\/p>\n","protected":false},"featured_media":1182,"comment_status":"open","ping_status":"closed","template":"","meta":{"_eb_attr":""},"product_brand":[],"product_cat":[58],"product_tag":[],"class_list":{"0":"post-1181","1":"product","2":"type-product","3":"status-publish","4":"has-post-thumbnail","6":"product_cat-kiegeszitok","8":"first","9":"instock","10":"shipping-taxable","11":"product-type-simple","12":"customify-col","13":"product-has-gallery"},"_links":{"self":[{"href":"https:\/\/organizacio.hu\/index.php\/wp-json\/wp\/v2\/product\/1181","targetHints":{"allow":["GET"]}}],"collection":[{"href":"https:\/\/organizacio.hu\/index.php\/wp-json\/wp\/v2\/product"}],"about":[{"href":"https:\/\/organizacio.hu\/index.php\/wp-json\/wp\/v2\/types\/product"}],"replies":[{"embeddable":true,"href":"https:\/\/organizacio.hu\/index.php\/wp-json\/wp\/v2\/comments?post=1181"}],"wp:featuredmedia":[{"embeddable":true,"href":"https:\/\/organizacio.hu\/index.php\/wp-json\/wp\/v2\/media\/1182"}],"wp:attachment":[{"href":"https:\/\/organizacio.hu\/index.php\/wp-json\/wp\/v2\/media?parent=1181"}],"wp:term":[{"taxonomy":"product_brand","embeddable":true,"href":"https:\/\/organizacio.hu\/index.php\/wp-json\/wp\/v2\/product_brand?post=1181"},{"taxonomy":"product_cat","embeddable":true,"href":"https:\/\/organizacio.hu\/index.php\/wp-json\/wp\/v2\/product_cat?post=1181"},{"taxonomy":"product_tag","embeddable":true,"href":"https:\/\/organizacio.hu\/index.php\/wp-json\/wp\/v2\/product_tag?post=1181"}],"curies":[{"name":"wp","href":"https:\/\/api.w.org\/{rel}","templated":true}]}}