{"id":1178,"date":"2025-12-12T10:13:15","date_gmt":"2025-12-12T09:13:15","guid":{"rendered":"https:\/\/organizacio.hu\/?post_type=product&#038;p=1178"},"modified":"2026-01-13T18:26:11","modified_gmt":"2026-01-13T17:26:11","slug":"kis-fogantyu-osszekoto","status":"publish","type":"product","link":"https:\/\/organizacio.hu\/index.php\/product\/kis-fogantyu-osszekoto\/","title":{"rendered":"Kis foganty\u00fa \u00f6sszek\u00f6t\u0151"},"content":{"rendered":"<p>A rozsdamentes ac\u00e9lb\u00f3l k\u00e9sz\u00fclt kis m\u00e9ret\u0171 r\u00f6gz\u00edt\u0151kapcsok egyszer\u0171v\u00e9 teszik a PremiumMat ECONOMY, LIGHT, LIGHT ROUGH \u00e9s MEDIUM MIX modelljeink \u00f6sszekapcsol\u00e1s\u00e1t. A csatlakoz\u00f3 rozsdamentes ac\u00e9l szerkezete tart\u00f3ss\u00e1got \u00e9s er\u0151t biztos\u00edt. A rozsdamentes ac\u00e9l korr\u00f3zi\u00f3\u00e1ll\u00f3s\u00e1g\u00e1r\u00f3l ismert, \u00edgy alkalmas a k\u00fclt\u00e9ri haszn\u00e1latra, ahol a lapokat jellemz\u0151en bevetik. Megb\u00edzhat\u00f3 \u00e9s hossz\u00fa t\u00e1v\u00fa kapcsolatot biztos\u00edt a lapok k\u00f6z\u00f6tt, garant\u00e1lva a stabilit\u00e1st \u00e9s a biztons\u00e1got. A 4 foganty\u00faval rendelkez\u0151 lapokhoz 4 db, a 2 foganty\u00faval rendelkez\u0151 lapokhoz pedig 2 db csatlakoz\u00f3 sz\u00fcks\u00e9ges. A PremiumMat Medium Mix mindk\u00e9t m\u00e9ret\u00e9nek r\u00f6vid \u00e9s hossz\u00fa oldal\u00e1hoz is r\u00f6gz\u00edthet\u0151k.<\/p>\n","protected":false},"excerpt":{"rendered":"<p>A kis m\u00e9ret\u0171, rozsdamentes ac\u00e9l r\u00f6gz\u00edt\u0151kapcsok praktikus megold\u00e1st k\u00edn\u00e1lnak a PremiumMat talajv\u00e9d\u0151 lapok \u00f6sszekapcsol\u00e1s\u00e1ra s\u00edk fel\u00fcleteken. A kapcsok seg\u00edts\u00e9g\u00e9vel a lapok egyszer\u0171en \u00e9s hat\u00e9konyan r\u00f6gz\u00edthet\u0151k egym\u00e1shoz. Rendk\u00edv\u00fcl sokoldal\u00fa, mivel \u00fagy tervezt\u00e9k, hogy illeszkedjen a 8 mm \u00e9s 15 mm k\u00f6z\u00f6tti vastags\u00e1g\u00fa PremiumMat talajv\u00e9d\u0151 lapokhoz. A r\u00f6gz\u00edt\u00e9shez nincs sz\u00fcks\u00e9g szersz\u00e1mokra. Alkalmas az <b>ECONOMY<\/b>, <b>LIGHT<\/b>, <b>LIGHT ROUGH<\/b> \u00e9s <b>MEDIUM MIX<\/b> t\u00edpusokhoz.<\/p>\n","protected":false},"featured_media":1179,"comment_status":"open","ping_status":"closed","template":"","meta":{"_eb_attr":""},"product_brand":[],"product_cat":[58],"product_tag":[],"class_list":{"0":"post-1178","1":"product","2":"type-product","3":"status-publish","4":"has-post-thumbnail","6":"product_cat-kiegeszitok","8":"first","9":"instock","10":"shipping-taxable","11":"product-type-simple","12":"customify-col","13":"product-has-gallery"},"_links":{"self":[{"href":"https:\/\/organizacio.hu\/index.php\/wp-json\/wp\/v2\/product\/1178","targetHints":{"allow":["GET"]}}],"collection":[{"href":"https:\/\/organizacio.hu\/index.php\/wp-json\/wp\/v2\/product"}],"about":[{"href":"https:\/\/organizacio.hu\/index.php\/wp-json\/wp\/v2\/types\/product"}],"replies":[{"embeddable":true,"href":"https:\/\/organizacio.hu\/index.php\/wp-json\/wp\/v2\/comments?post=1178"}],"wp:featuredmedia":[{"embeddable":true,"href":"https:\/\/organizacio.hu\/index.php\/wp-json\/wp\/v2\/media\/1179"}],"wp:attachment":[{"href":"https:\/\/organizacio.hu\/index.php\/wp-json\/wp\/v2\/media?parent=1178"}],"wp:term":[{"taxonomy":"product_brand","embeddable":true,"href":"https:\/\/organizacio.hu\/index.php\/wp-json\/wp\/v2\/product_brand?post=1178"},{"taxonomy":"product_cat","embeddable":true,"href":"https:\/\/organizacio.hu\/index.php\/wp-json\/wp\/v2\/product_cat?post=1178"},{"taxonomy":"product_tag","embeddable":true,"href":"https:\/\/organizacio.hu\/index.php\/wp-json\/wp\/v2\/product_tag?post=1178"}],"curies":[{"name":"wp","href":"https:\/\/api.w.org\/{rel}","templated":true}]}}