{"id":1172,"date":"2025-12-12T09:52:07","date_gmt":"2025-12-12T08:52:07","guid":{"rendered":"https:\/\/organizacio.hu\/?post_type=product&#038;p=1172"},"modified":"2025-12-12T09:52:07","modified_gmt":"2025-12-12T08:52:07","slug":"kabelkotegelo","status":"publish","type":"product","link":"https:\/\/organizacio.hu\/index.php\/product\/kabelkotegelo\/","title":{"rendered":"K\u00e1belk\u00f6tegel\u0151"},"content":{"rendered":"","protected":false},"excerpt":{"rendered":"<p>Ez az eszk\u00f6z egyszer\u0171 \u00e9s gyors megold\u00e1st k\u00edn\u00e1l a talajv\u00e9d\u0151 lapok egym\u00e1shoz r\u00f6gz\u00edt\u00e9s\u00e9re. A kifejezetten k\u00fclt\u00e9ri haszn\u00e1latra tervezett k\u00e1belk\u00f6tegel\u0151 ellen\u00e1ll az UV-sug\u00e1rz\u00e1snak, emellett 100%-ban \u00fajrahasznos\u00edthat\u00f3 anyagb\u00f3l k\u00e9sz\u00fclt. Univerz\u00e1lis kialak\u00edt\u00e1s\u00e1nak k\u00f6sz\u00f6nhet\u0151en k\u00edn\u00e1latunk <b>MINDEN T\u00cdPUS\u00da<\/b> talajv\u00e9d\u0151 lapj\u00e1val kompatibilis.<\/p>\n","protected":false},"featured_media":1173,"comment_status":"open","ping_status":"closed","template":"","meta":{"_eb_attr":""},"product_brand":[],"product_cat":[58],"product_tag":[],"class_list":{"0":"post-1172","1":"product","2":"type-product","3":"status-publish","4":"has-post-thumbnail","6":"product_cat-kiegeszitok","8":"first","9":"instock","10":"shipping-taxable","11":"product-type-simple","12":"customify-col","13":"product-has-gallery"},"_links":{"self":[{"href":"https:\/\/organizacio.hu\/index.php\/wp-json\/wp\/v2\/product\/1172","targetHints":{"allow":["GET"]}}],"collection":[{"href":"https:\/\/organizacio.hu\/index.php\/wp-json\/wp\/v2\/product"}],"about":[{"href":"https:\/\/organizacio.hu\/index.php\/wp-json\/wp\/v2\/types\/product"}],"replies":[{"embeddable":true,"href":"https:\/\/organizacio.hu\/index.php\/wp-json\/wp\/v2\/comments?post=1172"}],"wp:featuredmedia":[{"embeddable":true,"href":"https:\/\/organizacio.hu\/index.php\/wp-json\/wp\/v2\/media\/1173"}],"wp:attachment":[{"href":"https:\/\/organizacio.hu\/index.php\/wp-json\/wp\/v2\/media?parent=1172"}],"wp:term":[{"taxonomy":"product_brand","embeddable":true,"href":"https:\/\/organizacio.hu\/index.php\/wp-json\/wp\/v2\/product_brand?post=1172"},{"taxonomy":"product_cat","embeddable":true,"href":"https:\/\/organizacio.hu\/index.php\/wp-json\/wp\/v2\/product_cat?post=1172"},{"taxonomy":"product_tag","embeddable":true,"href":"https:\/\/organizacio.hu\/index.php\/wp-json\/wp\/v2\/product_tag?post=1172"}],"curies":[{"name":"wp","href":"https:\/\/api.w.org\/{rel}","templated":true}]}}