{"id":1169,"date":"2025-12-12T09:49:11","date_gmt":"2025-12-12T08:49:11","guid":{"rendered":"https:\/\/organizacio.hu\/?post_type=product&#038;p=1169"},"modified":"2025-12-12T09:49:11","modified_gmt":"2025-12-12T08:49:11","slug":"emelo-kampo","status":"publish","type":"product","link":"https:\/\/organizacio.hu\/index.php\/product\/emelo-kampo\/","title":{"rendered":"Emel\u0151 kamp\u00f3"},"content":{"rendered":"<p data-path-to-node=\"2\">Talajv\u00e9d\u0151 lapjaink minden sarkukban el\u0151re kif\u00fart lyukakkal rendelkeznek a k\u00f6nny\u0171 csatlakoztat\u00e1s \u00e9s r\u00f6gz\u00edt\u00e9s \u00e9rdek\u00e9ben. A lapok a kifejezetten erre a c\u00e9lra tervezett kamp\u00f3k seg\u00edts\u00e9g\u00e9vel k\u00f6nnyed\u00e9n megemelhet\u0151k vagy a hely\u00fckre h\u00fazhat\u00f3k. A k\u00e9zi h\u00faz\u00f3horog haszn\u00e1lata jelent\u0151s ergon\u00f3miai el\u0151ny\u00f6ket k\u00edn\u00e1l, k\u00fcl\u00f6n\u00f6sen a nagyobb vagy nehezebb, illetve a s\u00e1rt\u00f3l \u00e9s f\u00f6ldt\u0151l elnehez\u00fclt lapok mozgat\u00e1sakor.<\/p>\n<p data-path-to-node=\"3\">Azzal, hogy lehet\u0151v\u00e9 teszi a lapok k\u00f6nny\u0171 emel\u00e9s\u00e9t \u00e9s h\u00faz\u00e1s\u00e1t, az eszk\u00f6z cs\u00f6kkenti a munk\u00e1sok h\u00e1t\u00e1ra, v\u00e1ll\u00e1ra \u00e9s karj\u00e1ra nehezed\u0151 terhel\u00e9st, minimaliz\u00e1lva a k\u00e9zi anyagmozgat\u00e1sb\u00f3l ered\u0151 s\u00e9r\u00fcl\u00e9sek kock\u00e1zat\u00e1t. Jobb testtart\u00e1st \u00e9s hat\u00e9konyabb er\u0151kar-kihaszn\u00e1l\u00e1st biztos\u00edt a telep\u00edt\u00e9s sor\u00e1n, cs\u00f6kkentve a f\u00e1radts\u00e1got \u00e9s gyors\u00edtva a munkafolyamatot. A nagyobb lapokn\u00e1l, mint p\u00e9ld\u00e1ul a Medium sz\u00e9ria elemei, a h\u00faz\u00f3horog elengedhetetlen eszk\u00f6zz\u00e9 v\u00e1lik a biztons\u00e1g \u00e9s az ergon\u00f3mia jav\u00edt\u00e1s\u00e1ban, lehet\u0151v\u00e9 t\u00e9ve, hogy a munk\u00e1sok kisebb fizikai er\u0151fesz\u00edt\u00e9ssel mozgass\u00e1k \u00e9s pozicion\u00e1lj\u00e1k a lapokat.<\/p>\n<p data-path-to-node=\"4\">Minden t\u00edpus\u00fa, k\u00e9zzel mozgathat\u00f3 laphoz alkalmas.<\/p>\n","protected":false},"excerpt":{"rendered":"<p>Talajv\u00e9d\u0151 lapjaink minden sarkukban el\u0151re kialak\u00edtott furatokkal rendelkeznek, amelyek biztos\u00edtj\u00e1k az egyszer\u0171 csatlakoztat\u00e1st \u00e9s r\u00f6gz\u00edt\u00e9st. A lapok a kifejezetten erre a c\u00e9lra tervezett kamp\u00f3k seg\u00edts\u00e9g\u00e9vel k\u00f6nnyed\u00e9n megemelhet\u0151k vagy a hely\u00fckre h\u00fazhat\u00f3k. A h\u00faz\u00f3horog haszn\u00e1lata jelent\u0151s ergon\u00f3miai el\u0151ny\u00f6kkel j\u00e1r, ami k\u00fcl\u00f6n\u00f6sen a nagyobb m\u00e9ret\u0171 vagy nehezebb elemek mozgat\u00e1sakor k\u00f6nny\u00edti meg a fizikai munkav\u00e9gz\u00e9st.<\/p>\n","protected":false},"featured_media":1170,"comment_status":"open","ping_status":"closed","template":"","meta":{"_eb_attr":""},"product_brand":[],"product_cat":[58],"product_tag":[],"class_list":{"0":"post-1169","1":"product","2":"type-product","3":"status-publish","4":"has-post-thumbnail","6":"product_cat-kiegeszitok","8":"first","9":"instock","10":"shipping-taxable","11":"product-type-simple","12":"customify-col"},"_links":{"self":[{"href":"https:\/\/organizacio.hu\/index.php\/wp-json\/wp\/v2\/product\/1169","targetHints":{"allow":["GET"]}}],"collection":[{"href":"https:\/\/organizacio.hu\/index.php\/wp-json\/wp\/v2\/product"}],"about":[{"href":"https:\/\/organizacio.hu\/index.php\/wp-json\/wp\/v2\/types\/product"}],"replies":[{"embeddable":true,"href":"https:\/\/organizacio.hu\/index.php\/wp-json\/wp\/v2\/comments?post=1169"}],"wp:featuredmedia":[{"embeddable":true,"href":"https:\/\/organizacio.hu\/index.php\/wp-json\/wp\/v2\/media\/1170"}],"wp:attachment":[{"href":"https:\/\/organizacio.hu\/index.php\/wp-json\/wp\/v2\/media?parent=1169"}],"wp:term":[{"taxonomy":"product_brand","embeddable":true,"href":"https:\/\/organizacio.hu\/index.php\/wp-json\/wp\/v2\/product_brand?post=1169"},{"taxonomy":"product_cat","embeddable":true,"href":"https:\/\/organizacio.hu\/index.php\/wp-json\/wp\/v2\/product_cat?post=1169"},{"taxonomy":"product_tag","embeddable":true,"href":"https:\/\/organizacio.hu\/index.php\/wp-json\/wp\/v2\/product_tag?post=1169"}],"curies":[{"name":"wp","href":"https:\/\/api.w.org\/{rel}","templated":true}]}}