{"id":1132,"date":"2025-12-09T19:11:27","date_gmt":"2025-12-09T18:11:27","guid":{"rendered":"https:\/\/organizacio.hu\/?post_type=product&#038;p=1132"},"modified":"2026-01-13T18:17:49","modified_gmt":"2026-01-13T17:17:49","slug":"baseplate-smooth-small","status":"publish","type":"product","link":"https:\/\/organizacio.hu\/index.php\/product\/baseplate-smooth-small\/","title":{"rendered":"BasePlate Smooth Small"},"content":{"rendered":"<h3 data-path-to-node=\"2\"><b>BasePlate Smooth Small<\/b><\/h3>\n<p data-path-to-node=\"3\">Talpal\u00f3 al\u00e1t\u00e9tjeink biztons\u00e1gos \u00e9s k\u00f6rnyezetbar\u00e1t megold\u00e1st k\u00edn\u00e1lnak, kifejezetten az \u00e9p\u00edt\u00e9si \u00e9s telep\u00edt\u00e9si projektek egyedi ig\u00e9nyeire szabva. A lemezeket \u00fagy tervezt\u00e9k, hogy a legnehezebb k\u00f6r\u00fclm\u00e9nyek k\u00f6z\u00f6tt is stabilit\u00e1st \u00e9s hossz\u00fa t\u00e1v\u00fa teljes\u00edtm\u00e9nyt ny\u00fajtsanak, \u00edgy sokoldal\u00fa \u00e9s fenntarthat\u00f3 v\u00e1laszt\u00e1st jelentenek minden t\u00edpus\u00fa alkalmaz\u00e1shoz.<\/p>\n<p data-path-to-node=\"4\"><b>F\u0151bb el\u0151ny\u00f6k \u00e9s tulajdons\u00e1gok:<\/b><\/p>\n<ul data-path-to-node=\"5\">\n<li>\n<p data-path-to-node=\"5,0,0\"><b>Tart\u00f3s \u00e9s er\u0151s:<\/b> K\u00e9pes a legnehezebb szerkezeteket is deform\u00e1ci\u00f3 n\u00e9lk\u00fcl megtartani.<\/p>\n<\/li>\n<li>\n<p data-path-to-node=\"5,1,0\"><b>Egym\u00e1sra rakhat\u00f3:<\/b> A k\u00edv\u00e1nt magass\u00e1g el\u00e9r\u00e9se \u00e9s a talajegyenetlens\u00e9gek kik\u00fcsz\u00f6b\u00f6l\u00e9se \u00e9rdek\u00e9ben a lapok biztons\u00e1gosan egym\u00e1sra helyezhet\u0151k.<\/p>\n<\/li>\n<li>\n<p data-path-to-node=\"5,2,0\"><b>Nagy fel\u00fclet:<\/b> Elegend\u0151 fel\u00fcletet biztos\u00edt a szerkezet kulcsfontoss\u00e1g\u00fa t\u00e1maszt\u00f3pontjainak stabiliz\u00e1l\u00e1s\u00e1hoz.<\/p>\n<\/li>\n<li>\n<p data-path-to-node=\"5,3,0\"><b>Ellen\u00e1ll\u00f3:<\/b> A term\u00e9k rendk\u00edv\u00fcl ellen\u00e1ll\u00f3 a mechanikai s\u00e9r\u00fcl\u00e9sekkel \u00e9s a kop\u00e1ssal szemben.<\/p>\n<\/li>\n<li>\n<p data-path-to-node=\"5,4,0\"><b>Id\u0151j\u00e1r\u00e1s\u00e1ll\u00f3:<\/b> \u00dagy tervezt\u00e9k, hogy teljes\u00edtm\u00e9nycs\u00f6kken\u00e9s n\u00e9lk\u00fcl ellen\u00e1lljon minden id\u0151j\u00e1r\u00e1si viszontags\u00e1gnak.<\/p>\n<\/li>\n<li>\n<p data-path-to-node=\"5,5,0\"><b>K\u00f6nnyen kezelhet\u0151:<\/b> Hordozhat\u00f3 \u00e9s egyszer\u0171en haszn\u00e1lhat\u00f3, \u00edgy gyors \u00e9s hat\u00e9kony telep\u00edt\u00e9st tesz lehet\u0151v\u00e9.<\/p>\n<\/li>\n<\/ul>\n<p data-path-to-node=\"6\"><b>Fenntarthat\u00f3s\u00e1g \u00e9s Megb\u00edzhat\u00f3s\u00e1g:<\/b> Talpal\u00f3 al\u00e1t\u00e9tjeinkkel egy megb\u00edzhat\u00f3 \u00e9s fenntarthat\u00f3 megold\u00e1st kap, amely nemcsak a k\u00f6rnyezetet \u00f3vja, hanem hozz\u00e1j\u00e1rul a stabil \u00e9p\u00edt\u00e9si folyamatokhoz is. V\u00e1lasszon olyan term\u00e9ket, amely ugyanolyan er\u0151s, mint az \u00d6n projektje \u2013 m\u00e9gis k\u00edm\u00e9letes a bolyg\u00f3hoz.<\/p>\n<h3 data-path-to-node=\"7\"><b>Felhaszn\u00e1l\u00e1si p\u00e9ld\u00e1k:<\/b><\/h3>\n<ul data-path-to-node=\"8\">\n<li>\n<p data-path-to-node=\"8,0,0\">Neh\u00e9z terhek \u00e9s kont\u00e9nerek al\u00e1t\u00e1maszt\u00e1sa be- \u00e9s kirakod\u00e1s sor\u00e1n.<\/p>\n<\/li>\n<li>\n<p data-path-to-node=\"8,1,0\">Hordozhat\u00f3 \u00e9p\u00fcletek \u2013 p\u00e9ld\u00e1ul felvonul\u00e1si kont\u00e9nerek, mobil WC-k \u00e9s alapoz\u00e1s n\u00e9lk\u00fcli el\u0151regy\u00e1rtott szerkezetek \u2013 stabiliz\u00e1l\u00e1sa.<\/p>\n<\/li>\n<li>\n<p data-path-to-node=\"8,2,0\">\u00c1llv\u00e1nyzatok \u00e9s egy\u00e9b ideiglenes szerkezetek extra stabilit\u00e1s\u00e1nak biztos\u00edt\u00e1sa.<\/p>\n<\/li>\n<li>\n<p data-path-to-node=\"8,3,0\">S\u00fcllyed\u0151 szerkezetek kiegyens\u00falyoz\u00e1sa \u00e9s a talajegyenetlens\u00e9gek korrig\u00e1l\u00e1sa.<\/p>\n<\/li>\n<li>\n<p data-path-to-node=\"8,4,0\">Szigetel\u0151r\u00e9tegk\u00e9nt a szerkezet \u00e9s a talaj k\u00f6z\u00f6tt a talajterhel\u00e9s cs\u00f6kkent\u00e9se \u00e9rdek\u00e9ben.<\/p>\n<\/li>\n<\/ul>\n<blockquote data-path-to-node=\"9\">\n<p data-path-to-node=\"9,0\"><i><b>Fontos figyelmeztet\u00e9s:<\/b> A megadott teherb\u00edr\u00e1s az aktu\u00e1lis talajviszonyok f\u00fcggv\u00e9ny\u00e9ben v\u00e1ltozhat. K\u00e9rj\u00fck, a telep\u00edt\u00e9s \u00e9s a haszn\u00e1lat sor\u00e1n mindig a j\u00f3zan \u00e9sz szab\u00e1lyai szerint j\u00e1rjon el.<\/i><\/p>\n<\/blockquote>\n","protected":false},"excerpt":{"rendered":"<p>\u00dajrahasznos\u00edtott m\u0171anyagb\u00f3l k\u00e9sz\u00fclt talpal\u00f3 al\u00e1t\u00e9teink t\u00f6k\u00e9letes megold\u00e1st ny\u00fajtanak a stabilit\u00e1s \u00e9s a biztons\u00e1g garant\u00e1l\u00e1s\u00e1ra az \u00e9p\u00edt\u00e9si \u00e9s telep\u00edt\u00e9si projektek sor\u00e1n. Ezek az elemek nemcsak tart\u00f3sak \u00e9s k\u00f6rnyezetbar\u00e1tak, hanem a legnehezebb feladatok elv\u00e9gz\u00e9s\u00e9hez sz\u00fcks\u00e9ges sokoldal\u00fas\u00e1got \u00e9s teherb\u00edr\u00e1st is biztos\u00edtj\u00e1k.<\/p>\n","protected":false},"featured_media":1133,"comment_status":"open","ping_status":"closed","template":"","meta":{"_eb_attr":""},"product_brand":[],"product_cat":[57],"product_tag":[],"class_list":{"0":"post-1132","1":"product","2":"type-product","3":"status-publish","4":"has-post-thumbnail","6":"product_cat-baseplates","8":"first","9":"instock","10":"shipping-taxable","11":"product-type-simple","12":"customify-col"},"_links":{"self":[{"href":"https:\/\/organizacio.hu\/index.php\/wp-json\/wp\/v2\/product\/1132","targetHints":{"allow":["GET"]}}],"collection":[{"href":"https:\/\/organizacio.hu\/index.php\/wp-json\/wp\/v2\/product"}],"about":[{"href":"https:\/\/organizacio.hu\/index.php\/wp-json\/wp\/v2\/types\/product"}],"replies":[{"embeddable":true,"href":"https:\/\/organizacio.hu\/index.php\/wp-json\/wp\/v2\/comments?post=1132"}],"wp:featuredmedia":[{"embeddable":true,"href":"https:\/\/organizacio.hu\/index.php\/wp-json\/wp\/v2\/media\/1133"}],"wp:attachment":[{"href":"https:\/\/organizacio.hu\/index.php\/wp-json\/wp\/v2\/media?parent=1132"}],"wp:term":[{"taxonomy":"product_brand","embeddable":true,"href":"https:\/\/organizacio.hu\/index.php\/wp-json\/wp\/v2\/product_brand?post=1132"},{"taxonomy":"product_cat","embeddable":true,"href":"https:\/\/organizacio.hu\/index.php\/wp-json\/wp\/v2\/product_cat?post=1132"},{"taxonomy":"product_tag","embeddable":true,"href":"https:\/\/organizacio.hu\/index.php\/wp-json\/wp\/v2\/product_tag?post=1132"}],"curies":[{"name":"wp","href":"https:\/\/api.w.org\/{rel}","templated":true}]}}