{"id":1128,"date":"2025-12-09T18:57:40","date_gmt":"2025-12-09T17:57:40","guid":{"rendered":"https:\/\/organizacio.hu\/?post_type=product&#038;p=1128"},"modified":"2026-01-13T18:16:55","modified_gmt":"2026-01-13T17:16:55","slug":"unimat-ramp-40-under","status":"publish","type":"product","link":"https:\/\/organizacio.hu\/index.php\/product\/unimat-ramp-40-under\/","title":{"rendered":"UniMat Ramp 40 Under"},"content":{"rendered":"<h3 data-path-to-node=\"2\"><b>UniMat Ramp 40 Under<\/b><\/h3>\n<p data-path-to-node=\"3\">R\u00e1mp\u00e1inkat kifejezetten \u00fagy tervezt\u00fck, hogy a UniMat elemek v\u00e9geihez csatlakoztathat\u00f3ak legyenek, praktikus megold\u00e1st k\u00edn\u00e1lva a kerekeken gurul\u00f3 j\u00e1rm\u0171vek \u00e9s eszk\u00f6z\u00f6k k\u00f6nny\u0171 feljut\u00e1s\u00e1hoz. Ezek a r\u00e1mp\u00e1k z\u00f6kken\u0151mentes \u00e1tmenetet \u00e9s akad\u00e1lymentes, biztons\u00e1gos \u00e1thalad\u00e1st biztos\u00edtanak. A m\u00e9rn\u00f6ki tervez\u00e9s sor\u00e1n a maxim\u00e1lis funkcionalit\u00e1s \u00e9s tart\u00f3ss\u00e1g volt a f\u0151 szempont, m\u00e9g a legsz\u00e9ls\u0151s\u00e9gesebb k\u00f6rnyezeti viszonyok mellett is.<\/p>\n<p data-path-to-node=\"4\"><b>Jellemz\u0151k \u00e9s El\u0151ny\u00f6k:<\/b><\/p>\n<ul data-path-to-node=\"5\">\n<li>\n<p data-path-to-node=\"5,0,0\"><b><span class=\"citation-1\">K\u00e9miailag stabil:<\/span><\/b><span class=\"citation-1 citation-end-1\"> Ellen\u00e1ll a vegyszereknek, ami n\u00f6veli a term\u00e9k \u00e9lettartam\u00e1t a nagy ig\u00e9nybev\u00e9telt jelent\u0151 ipari k\u00f6rnyezetben.<\/span><\/p>\n<\/li>\n<li>\n<p data-path-to-node=\"5,1,0\"><b>T\u0171z\u00e1ll\u00f3:<\/b> A kialak\u00edt\u00e1s t\u0171z\u00e1ll\u00f3, \u00edgy ellen\u00e1ll a sz\u00e9ls\u0151s\u00e9ges h\u0151hat\u00e1soknak is.<\/p>\n<\/li>\n<li>\n<p data-path-to-node=\"5,2,0\"><b>K\u00f6nnyen karbantarthat\u00f3:<\/b> A hossz\u00fa t\u00e1v\u00fa haszn\u00e1lat sor\u00e1n is csak minim\u00e1lis karbantart\u00e1st ig\u00e9nyel.<\/p>\n<\/li>\n<li>\n<p data-path-to-node=\"5,3,0\"><b>Gyors \u00f6ssze- \u00e9s sz\u00e9tszerel\u00e9s:<\/b> K\u00f6nnyen felhelyezhet\u0151 \u00e9s elt\u00e1vol\u00edthat\u00f3, rugalmass\u00e1got \u00e9s hat\u00e9konys\u00e1got biztos\u00edtva a munkafolyamatok sor\u00e1n.<\/p>\n<\/li>\n<\/ul>\n<p data-path-to-node=\"6\"><b>Telep\u00edt\u00e9s:<\/b><\/p>\n<ul data-path-to-node=\"7\">\n<li>\n<p data-path-to-node=\"7,0,0\">A felszerel\u00e9shez <b>nincs sz\u00fcks\u00e9g szersz\u00e1mokra<\/b>.<\/p>\n<\/li>\n<li>\n<p data-path-to-node=\"7,1,0\">Sz\u00fcks\u00e9g eset\u00e9n k\u00f6rf\u0171r\u00e9sszel, k\u00e9zif\u0171r\u00e9sszel vagy egy\u00e9b v\u00e1g\u00f3eszk\u00f6zzel m\u00e9retre szabhat\u00f3.<\/p>\n<\/li>\n<\/ul>\n<blockquote data-path-to-node=\"8\">\n<p data-path-to-node=\"8,0\"><i><b>Fontos figyelmeztet\u00e9s:<\/b> A megadott teherb\u00edr\u00e1s az aktu\u00e1lis talajviszonyok f\u00fcggv\u00e9ny\u00e9ben v\u00e1ltozhat. K\u00e9rj\u00fck, a telep\u00edt\u00e9s \u00e9s a haszn\u00e1lat sor\u00e1n mindig a j\u00f3zan \u00e9sz szab\u00e1lyai szerint j\u00e1rjon el.<\/i><\/p>\n<\/blockquote>\n","protected":false},"excerpt":{"rendered":"<p>A <b>UniMat Comfort<\/b> \u00e9s <b>Drain 40<\/b> t\u00edpusokhoz k\u00e9sz\u00fclt r\u00e1mp\u00e1inkat kifejezetten \u00fagy tervezt\u00e9k, hogy azok a 40 mm magas UniMat lapok v\u00e9geihez csatlakoztathat\u00f3ak legyenek, ez\u00e1ltal z\u00f6kken\u0151mentes megold\u00e1st k\u00edn\u00e1lva a kerekeken gurul\u00f3 j\u00e1rm\u0171vek k\u00f6nny\u0171 feljut\u00e1s\u00e1hoz. A kieg\u00e9sz\u00edt\u0151k a maxim\u00e1lis funkcionalit\u00e1s \u00e9s tart\u00f3ss\u00e1g jegy\u00e9ben k\u00e9sz\u00fcltek, \u00edgy a legkem\u00e9nyebb k\u00f6rnyezeti viszonyok k\u00f6z\u00f6tt is megb\u00edzhat\u00f3an teljes\u00edtenek.<\/p>\n","protected":false},"featured_media":1121,"comment_status":"open","ping_status":"closed","template":"","meta":{"_eb_attr":""},"product_brand":[],"product_cat":[56],"product_tag":[],"class_list":{"0":"post-1128","1":"product","2":"type-product","3":"status-publish","4":"has-post-thumbnail","6":"product_cat-rendezveny-es-ipari-padlozatok","8":"first","9":"instock","10":"shipping-taxable","11":"product-type-simple","12":"customify-col","13":"product-has-gallery"},"_links":{"self":[{"href":"https:\/\/organizacio.hu\/index.php\/wp-json\/wp\/v2\/product\/1128","targetHints":{"allow":["GET"]}}],"collection":[{"href":"https:\/\/organizacio.hu\/index.php\/wp-json\/wp\/v2\/product"}],"about":[{"href":"https:\/\/organizacio.hu\/index.php\/wp-json\/wp\/v2\/types\/product"}],"replies":[{"embeddable":true,"href":"https:\/\/organizacio.hu\/index.php\/wp-json\/wp\/v2\/comments?post=1128"}],"wp:featuredmedia":[{"embeddable":true,"href":"https:\/\/organizacio.hu\/index.php\/wp-json\/wp\/v2\/media\/1121"}],"wp:attachment":[{"href":"https:\/\/organizacio.hu\/index.php\/wp-json\/wp\/v2\/media?parent=1128"}],"wp:term":[{"taxonomy":"product_brand","embeddable":true,"href":"https:\/\/organizacio.hu\/index.php\/wp-json\/wp\/v2\/product_brand?post=1128"},{"taxonomy":"product_cat","embeddable":true,"href":"https:\/\/organizacio.hu\/index.php\/wp-json\/wp\/v2\/product_cat?post=1128"},{"taxonomy":"product_tag","embeddable":true,"href":"https:\/\/organizacio.hu\/index.php\/wp-json\/wp\/v2\/product_tag?post=1128"}],"curies":[{"name":"wp","href":"https:\/\/api.w.org\/{rel}","templated":true}]}}