{"id":1115,"date":"2025-12-09T18:38:13","date_gmt":"2025-12-09T17:38:13","guid":{"rendered":"https:\/\/organizacio.hu\/?post_type=product&#038;p=1115"},"modified":"2026-01-18T13:19:47","modified_gmt":"2026-01-18T12:19:47","slug":"unimat-industry-14","status":"publish","type":"product","link":"https:\/\/organizacio.hu\/index.php\/product\/unimat-industry-14\/","title":{"rendered":"UniMat Industry 14"},"content":{"rendered":"<p data-path-to-node=\"3\">Er\u0151s\u00edtse meg gar\u00e1zspadl\u00f3j\u00e1t a <b>UniMat Industry 14<\/b> seg\u00edts\u00e9g\u00e9vel! Ezek a 100%-ban \u00fajrahasznos\u00edtott PVC-b\u0151l k\u00e9sz\u00fclt burkol\u00f3lapok sz\u00e1mos felhaszn\u00e1l\u00e1si ter\u00fcletre alkalmasak, legyen sz\u00f3 gar\u00e1zsr\u00f3l, m\u0171helyr\u0151l, ipari helyis\u00e9gr\u0151l, edz\u0151teremr\u0151l vagy b\u00e1rmely olyan z\u00f3n\u00e1r\u00f3l, ahol robusztus \u00e9s tart\u00f3s padl\u00f3ra van sz\u00fcks\u00e9g. A lapok cs\u00fasz\u00e1smentes, sima fel\u00fcletet biztos\u00edtanak, telep\u00edt\u00e9s\u00fck pedig rendk\u00edv\u00fcl egyszer\u0171.<\/p>\n<p data-path-to-node=\"4\"><b>Anyagjellemz\u0151k \u00e9s tulajdons\u00e1gok:<\/b><\/p>\n<ul data-path-to-node=\"5\">\n<li>\n<p data-path-to-node=\"5,0,0\"><b>Ellen\u00e1ll\u00f3s\u00e1g:<\/b> A talajv\u00e9d\u0151 ellen\u00e1ll a vegyszereknek \u00e9s az olajnak.<\/p>\n<\/li>\n<li>\n<p data-path-to-node=\"5,1,0\"><b>Komfort \u00e9s szigetel\u00e9s:<\/b> Jav\u00edtja a h\u0151szigetel\u00e9st, gumiszer\u0171 tulajdons\u00e1gainak k\u00f6sz\u00f6nhet\u0151en pedig cs\u00f6kkenti a zajt \u00e9s elnyeli a kisebb \u00fct\u00e9seket, \u00edgy k\u00e9nyelmes j\u00e1r\u00f3fel\u00fcletet ny\u00fajt.<\/p>\n<\/li>\n<li>\n<p data-path-to-node=\"5,2,0\"><b>Higi\u00e9nia:<\/b> K\u00f6nnyen tiszt\u00edthat\u00f3 \u00e9s t\u00e1rolhat\u00f3. Nem sz\u00edvja mag\u00e1ba a nedvess\u00e9get, \u00edgy teljesen pen\u00e9szmentes.<\/p>\n<\/li>\n<li>\n<p data-path-to-node=\"5,3,0\"><b>Sz\u00edn:<\/b> Standard sz\u00fcrke\/fekete (sz\u00ednezetlen, \u201eterm\u00e9szetes\u201d \u00fajrahasznos\u00edtott m\u0171anyag).<\/p>\n<\/li>\n<\/ul>\n<p data-path-to-node=\"6\"><b>F\u0151bb el\u0151ny\u00f6k \u00e9s telep\u00edt\u00e9s:<\/b> Ez a 100%-ban \u00fajrahasznos\u00edtott PVC-b\u0151l k\u00e9sz\u00fclt gar\u00e1zsburkolat lehet\u0151v\u00e9 teszi, hogy gar\u00e1zs\u00e1t olyan cs\u00fasz\u00e1smentes \u00e9s tart\u00f3s padl\u00f3val szerelje fel, amely k\u00e9pes elviselni a neh\u00e9z j\u00e1rm\u0171vek s\u00faly\u00e1t is. \u00d6sszess\u00e9g\u00e9ben ez a sz\u0151nyeg t\u00f6k\u00e9letes megold\u00e1st ny\u00fajt a padl\u00f3 v\u00e9delm\u00e9re rakt\u00e1rakban, gar\u00e1zsokban, valamint mag\u00e1n- \u00e9s professzion\u00e1lis m\u0171helyekben egyar\u00e1nt.<\/p>\n<ul data-path-to-node=\"7\">\n<li>\n<p data-path-to-node=\"7,0,0\"><b>M\u00e9retre szab\u00e1s:<\/b> A lapok k\u00f6rf\u0171r\u00e9sszel, k\u00e9zif\u0171r\u00e9sszel vagy hasonl\u00f3 szersz\u00e1mmal k\u00f6nnyed\u00e9n m\u00e9retre v\u00e1ghat\u00f3k.<\/p>\n<\/li>\n<\/ul>\n<h3 data-path-to-node=\"8\"><b>Felhaszn\u00e1l\u00e1si p\u00e9ld\u00e1k:<\/b><\/h3>\n<ul data-path-to-node=\"9\">\n<li>\n<p data-path-to-node=\"9,0,0\">Kereskedelmi helyis\u00e9gek<\/p>\n<\/li>\n<li>\n<p data-path-to-node=\"9,1,0\">Mos\u00f3konyh\u00e1k<\/p>\n<\/li>\n<li>\n<p data-path-to-node=\"9,2,0\">Edz\u0151termek<\/p>\n<\/li>\n<li>\n<p data-path-to-node=\"9,3,0\">\u00c1ltal\u00e1nos padl\u00f3v\u00e9delem<\/p>\n<\/li>\n<li>\n<p data-path-to-node=\"9,4,0\">Telep\u00edt\u00e9s betonpadl\u00f3ra, csemp\u00e9re stb.<\/p>\n<\/li>\n<li>\n<p data-path-to-node=\"9,5,0\">Gar\u00e1zsok \u00e9s m\u0171helyek<\/p>\n<\/li>\n<li>\n<p data-path-to-node=\"9,6,0\">Ipari csarnokok<\/p>\n<\/li>\n<\/ul>\n<blockquote data-path-to-node=\"10\">\n<p data-path-to-node=\"10,0\"><i><b>Fontos figyelmeztet\u00e9s:<\/b> A teherb\u00edr\u00e1s MINDEN ESETBEN az aktu\u00e1lis talajviszonyokt\u00f3l \u00e9s az anyag fizikai korl\u00e1tait\u00f3l f\u00fcgg. K\u00e9rj\u00fck, mindig a j\u00f3zan \u00e9sz szab\u00e1lyai szerint j\u00e1rjon el.<\/i><\/p>\n<\/blockquote>\n","protected":false},"excerpt":{"rendered":"<p>A <b>UniMat Industry 14<\/b> egy karbantart\u00e1st nem ig\u00e9nyl\u0151, \u00fajrahasznos\u00edtott PVC anyagb\u00f3l k\u00e9sz\u00fclt talajv\u00e9d\u0151 megold\u00e1s. Ezek a lapok ide\u00e1lis v\u00e1laszt\u00e1snak bizonyulnak gar\u00e1zsokba, m\u0171helyekbe, ipari l\u00e9tes\u00edtm\u00e9nyekbe, valamint minden olyan helysz\u00ednre, ahol a talaj meg\u00f3v\u00e1sa mellett fontos a rugalmas \u00e9s biztons\u00e1gos j\u00e1r\u00f3fel\u00fclet biztos\u00edt\u00e1sa. A rendk\u00edv\u00fcl tart\u00f3s elemek a terhel\u00e9si tesztek alapj\u00e1n ak\u00e1r <b>10 tonna\/n\u00e9gyzetm\u00e9ter<\/b>* terhel\u00e9snek is ellen\u00e1llnak.<br \/>\nEgyetlen lap 0,52 m\u00b2-es fel\u00fcletet fed le, a 80 darabot tartalmaz\u00f3 raklapos kiszerel\u00e9s pedig \u00f6sszesen 41,6 m\u00b2 burkol\u00e1s\u00e1ra elegend\u0151.<\/p>\n","protected":false},"featured_media":1117,"comment_status":"open","ping_status":"closed","template":"","meta":{"_eb_attr":""},"product_brand":[],"product_cat":[56],"product_tag":[63,64,62,70,66,67,61,60],"class_list":{"0":"post-1115","1":"product","2":"type-product","3":"status-publish","4":"has-post-thumbnail","6":"product_cat-rendezveny-es-ipari-padlozatok","7":"product_tag-1-het","8":"product_tag-1-honap","9":"product_tag-1-nap","10":"product_tag-allando","11":"product_tag-auto","12":"product_tag-belter","13":"product_tag-gyalogos","14":"product_tag-gyep","16":"first","17":"instock","18":"shipping-taxable","19":"product-type-simple","20":"customify-col"},"_links":{"self":[{"href":"https:\/\/organizacio.hu\/index.php\/wp-json\/wp\/v2\/product\/1115","targetHints":{"allow":["GET"]}}],"collection":[{"href":"https:\/\/organizacio.hu\/index.php\/wp-json\/wp\/v2\/product"}],"about":[{"href":"https:\/\/organizacio.hu\/index.php\/wp-json\/wp\/v2\/types\/product"}],"replies":[{"embeddable":true,"href":"https:\/\/organizacio.hu\/index.php\/wp-json\/wp\/v2\/comments?post=1115"}],"wp:featuredmedia":[{"embeddable":true,"href":"https:\/\/organizacio.hu\/index.php\/wp-json\/wp\/v2\/media\/1117"}],"wp:attachment":[{"href":"https:\/\/organizacio.hu\/index.php\/wp-json\/wp\/v2\/media?parent=1115"}],"wp:term":[{"taxonomy":"product_brand","embeddable":true,"href":"https:\/\/organizacio.hu\/index.php\/wp-json\/wp\/v2\/product_brand?post=1115"},{"taxonomy":"product_cat","embeddable":true,"href":"https:\/\/organizacio.hu\/index.php\/wp-json\/wp\/v2\/product_cat?post=1115"},{"taxonomy":"product_tag","embeddable":true,"href":"https:\/\/organizacio.hu\/index.php\/wp-json\/wp\/v2\/product_tag?post=1115"}],"curies":[{"name":"wp","href":"https:\/\/api.w.org\/{rel}","templated":true}]}}