{"id":1110,"date":"2025-12-09T18:29:37","date_gmt":"2025-12-09T17:29:37","guid":{"rendered":"https:\/\/organizacio.hu\/?post_type=product&#038;p=1110"},"modified":"2026-01-18T13:21:05","modified_gmt":"2026-01-18T12:21:05","slug":"unimat-drain-40","status":"publish","type":"product","link":"https:\/\/organizacio.hu\/index.php\/product\/unimat-drain-40\/","title":{"rendered":"UniMat Drain 40"},"content":{"rendered":"<p data-path-to-node=\"3\">A <b>UniMat Drain 40<\/b> 100%-ban \u00fajrahasznos\u00edtott PVC anyagb\u00f3l k\u00e9sz\u00fcl, \u00e9s a terhel\u00e9si tesztek alapj\u00e1n teherb\u00edr\u00e1sa el\u00e9ri a <b>35 tonna\/m\u00b2<\/b>-t*.<\/p>\n<p data-path-to-node=\"4\"><b>Kialak\u00edt\u00e1s \u00e9s telep\u00edt\u00e9s:<\/b> K\u00f6nny\u0171 s\u00faly\u00e1nak \u00e9s az integr\u00e1lt csatlakoz\u00e1si rendszernek k\u00f6sz\u00f6nhet\u0151en a lapok k\u00e9zzel is egyszer\u0171en mozgathat\u00f3k \u00e9s telep\u00edthet\u0151k. Ez az egyszer\u0171 kezelhet\u0151s\u00e9g teszi sz\u00e9les k\u00f6rben alkalmazhat\u00f3v\u00e1 a legk\u00fcl\u00f6nb\u00f6z\u0151bb ipar\u00e1gakban, k\u00fcl\u00f6n\u00f6sen rendezv\u00e9ny\u00e9p\u00edt\u0151k, koncertek \u00e9s szabadt\u00e9ri fesztiv\u00e1lok eset\u00e9ben. A lecsapott \u00e9lek (r\u00e1mp\u00e1k) biztos\u00edtj\u00e1k az akad\u00e1lymentes k\u00f6zleked\u00e9st kerekessz\u00e9kek \u00e9s babakocsik sz\u00e1m\u00e1ra is.<\/p>\n<p data-path-to-node=\"5\"><b>Anyagjellemz\u0151k \u00e9s tulajdons\u00e1gok:<\/b><\/p>\n<ul data-path-to-node=\"6\">\n<li>\n<p data-path-to-node=\"6,0,0\"><b>V\u00edzelvezet\u00e9s:<\/b> Be\u00e9p\u00edtett v\u00edzelvezet\u0151 rendszerrel rendelkezik, \u00edgy ide\u00e1lis v\u00e1laszt\u00e1s k\u00fclt\u00e9ri rendezv\u00e9nyekhez.<\/p>\n<\/li>\n<li>\n<p data-path-to-node=\"6,1,0\"><b>Ellen\u00e1ll\u00f3s\u00e1g:<\/b> A talajv\u00e9d\u0151 ellen\u00e1ll a vegyszereknek, olajnak \u00e9s m\u00e9reganyagoknak (a DIN 51958 szabv\u00e1ny szerint), tov\u00e1bb\u00e1 UV-v\u00e9delemmel van ell\u00e1tva.<\/p>\n<\/li>\n<li>\n<p data-path-to-node=\"6,2,0\"><b>Higi\u00e9nia \u00e9s karbantart\u00e1s:<\/b> K\u00f6nnyen tiszt\u00edthat\u00f3 \u00e9s t\u00e1rolhat\u00f3. Nem sz\u00edvja mag\u00e1ba a nedvess\u00e9get, \u00edgy pen\u00e9szmentes.<\/p>\n<\/li>\n<li>\n<p data-path-to-node=\"6,3,0\"><b>Komfort:<\/b> Gumiszer\u0171 tulajdons\u00e1gai r\u00e9v\u00e9n cs\u00f6kkenti a zajt \u00e9s elnyeli az \u00fct\u00e9seket, \u00edgy k\u00e9nyelmes j\u00e1r\u00f3fel\u00fcletet biztos\u00edt.<\/p>\n<\/li>\n<li>\n<p data-path-to-node=\"6,4,0\"><b>Sz\u00edn:<\/b> Standard sz\u00fcrke\/fekete (sz\u00ednezetlen, \u201eterm\u00e9szetes\u201d \u00fajrahasznos\u00edtott m\u0171anyag).<\/p>\n<\/li>\n<\/ul>\n<p data-path-to-node=\"7\"><b>F\u0151bb el\u0151ny\u00f6k:<\/b> Ez a k\u00f6lts\u00e9ghat\u00e9kony \u00e9s tart\u00f3s talajv\u00e9d\u0151 lap t\u00f6k\u00e9letes megold\u00e1s a szabadt\u00e9ri esem\u00e9nyekhez. Rendk\u00edv\u00fcl sokoldal\u00fa \u00e9s robusztus, \u00edgy r\u00f6vid \u00e9s hossz\u00fa t\u00e1v\u00fa projektekhez egyar\u00e1nt kiv\u00e1l\u00f3 v\u00e1laszt\u00e1s.<\/p>\n<p data-path-to-node=\"8\"><b>100%-ban \u00fajrahasznos\u00edthat\u00f3 \u00e9s 100%-ban \u00fajrahasznos\u00edtott anyagb\u00f3l!<\/b><\/p>\n<h3 data-path-to-node=\"9\"><b>Felhaszn\u00e1l\u00e1si p\u00e9ld\u00e1k:<\/b><\/h3>\n<ul data-path-to-node=\"10\">\n<li>\n<p data-path-to-node=\"10,0,0\">Rendezv\u00e9nypadl\u00f3zatok<\/p>\n<\/li>\n<li>\n<p data-path-to-node=\"10,1,0\">Fesztiv\u00e1lok \u00e9s szabadt\u00e9ri esem\u00e9nyek<\/p>\n<\/li>\n<li>\n<p data-path-to-node=\"10,2,0\">Ar\u00e9n\u00e1k burkol\u00e1sa<\/p>\n<\/li>\n<li>\n<p data-path-to-node=\"10,3,0\">Koncertek<\/p>\n<\/li>\n<li>\n<p data-path-to-node=\"10,4,0\">Sz\u00ednpad\u00e9p\u00edt\u00e9s<\/p>\n<\/li>\n<li>\n<p data-path-to-node=\"10,5,0\">J\u00e1rd\u00e1k \u00e9s k\u00f6zleked\u0151k<\/p>\n<\/li>\n<li>\n<p data-path-to-node=\"10,6,0\">Gy\u00e1ri padl\u00f3k<\/p>\n<\/li>\n<li>\n<p data-path-to-node=\"10,7,0\">Ist\u00e1ll\u00f3padl\u00f3k \u00e9s ist\u00e1ll\u00f3folyos\u00f3k<\/p>\n<\/li>\n<li>\n<p data-path-to-node=\"10,8,0\">\u00c1llatgondoz\u00e1si ter\u00fcletek \u00e1ltal\u00e1nos padl\u00f3zata<\/p>\n<\/li>\n<\/ul>\n<p data-path-to-node=\"11\"><i>Olvasson t\u00f6bbet blogbejegyz\u00e9s\u00fcnkben arr\u00f3l, hogyan emelhetik UniMat term\u00e9keink rendezv\u00e9nyei sz\u00ednvonal\u00e1t!<\/i><\/p>\n<blockquote data-path-to-node=\"12\">\n<p data-path-to-node=\"12,0\"><i><b>*<\/b>A teherb\u00edr\u00e1s MINDEN ESETBEN az aktu\u00e1lis talajviszonyokt\u00f3l \u00e9s az anyag fizikai korl\u00e1tait\u00f3l f\u00fcgg. K\u00e9rj\u00fck, mindig a j\u00f3zan \u00e9sz szab\u00e1lyai szerint j\u00e1rjon el.<\/i><\/p>\n<\/blockquote>\n","protected":false},"excerpt":{"rendered":"<p>A <b>UniMat Drain 40<\/b> egy rugalmas, karbantart\u00e1st nem ig\u00e9nyl\u0151, \u00fajrahasznos\u00edtott PVC anyagb\u00f3l k\u00e9sz\u00fclt talajv\u00e9d\u0151 megold\u00e1s. Ezek a lapok kiv\u00e1l\u00f3an alkalmasak rendezv\u00e9nyek, koncertek \u00e9s fesztiv\u00e1lok alapoz\u00e1s\u00e1ra, valamint minden olyan helyzetre, ahol a talaj meg\u00f3v\u00e1sa mellett elengedhetetlen egy rugalmas, j\u00f3 v\u00edzelvezet\u00e9s\u0171 \u00e9s biztons\u00e1gos j\u00e1r\u00f3fel\u00fclet kialak\u00edt\u00e1sa. A rendk\u00edv\u00fcl strapab\u00edr\u00f3 elemek teherb\u00edr\u00e1s\u00e1t tesztek igazolj\u00e1k, amelyek sor\u00e1n azok ak\u00e1r <b>35 tonna\/n\u00e9gyzetm\u00e9ter<\/b>* terhel\u00e9snek is ellen\u00e1lltak.<br \/>\nEgy lap m\u00e9rete 1034x719x40 mm, amely 1000&#215;685 mm-es hasznos fel\u00fcletet, azaz 0,685 m\u00b2-t fed le. A 36 darabot tartalmaz\u00f3 raklapos egys\u00e9gcsomag \u00f6sszesen 26,66 m\u00b2 ter\u00fclet burkol\u00e1s\u00e1ra elegend\u0151.<\/p>\n","protected":false},"featured_media":1111,"comment_status":"open","ping_status":"closed","template":"","meta":{"_eb_attr":""},"product_brand":[],"product_cat":[56],"product_tag":[63,64,62,70,66,61,60,69,71],"class_list":{"0":"post-1110","1":"product","2":"type-product","3":"status-publish","4":"has-post-thumbnail","6":"product_cat-rendezveny-es-ipari-padlozatok","7":"product_tag-1-het","8":"product_tag-1-honap","9":"product_tag-1-nap","10":"product_tag-allando","11":"product_tag-auto","12":"product_tag-gyalogos","13":"product_tag-gyep","14":"product_tag-murva","15":"product_tag-sar","17":"first","18":"instock","19":"shipping-taxable","20":"product-type-simple","21":"customify-col"},"_links":{"self":[{"href":"https:\/\/organizacio.hu\/index.php\/wp-json\/wp\/v2\/product\/1110","targetHints":{"allow":["GET"]}}],"collection":[{"href":"https:\/\/organizacio.hu\/index.php\/wp-json\/wp\/v2\/product"}],"about":[{"href":"https:\/\/organizacio.hu\/index.php\/wp-json\/wp\/v2\/types\/product"}],"replies":[{"embeddable":true,"href":"https:\/\/organizacio.hu\/index.php\/wp-json\/wp\/v2\/comments?post=1110"}],"wp:featuredmedia":[{"embeddable":true,"href":"https:\/\/organizacio.hu\/index.php\/wp-json\/wp\/v2\/media\/1111"}],"wp:attachment":[{"href":"https:\/\/organizacio.hu\/index.php\/wp-json\/wp\/v2\/media?parent=1110"}],"wp:term":[{"taxonomy":"product_brand","embeddable":true,"href":"https:\/\/organizacio.hu\/index.php\/wp-json\/wp\/v2\/product_brand?post=1110"},{"taxonomy":"product_cat","embeddable":true,"href":"https:\/\/organizacio.hu\/index.php\/wp-json\/wp\/v2\/product_cat?post=1110"},{"taxonomy":"product_tag","embeddable":true,"href":"https:\/\/organizacio.hu\/index.php\/wp-json\/wp\/v2\/product_tag?post=1110"}],"curies":[{"name":"wp","href":"https:\/\/api.w.org\/{rel}","templated":true}]}}