{"id":1087,"date":"2025-12-09T17:43:39","date_gmt":"2025-12-09T16:43:39","guid":{"rendered":"https:\/\/organizacio.hu\/?post_type=product&#038;p=1087"},"modified":"2025-12-09T17:46:17","modified_gmt":"2025-12-09T16:46:17","slug":"5-csatornas-kabelhid","status":"publish","type":"product","link":"https:\/\/organizacio.hu\/index.php\/product\/5-csatornas-kabelhid\/","title":{"rendered":"5 csatorn\u00e1s k\u00e1belh\u00edd"},"content":{"rendered":"<p data-path-to-node=\"3\">Az Eur\u00f3pai Uni\u00f3ban, 100%-ban \u00fajrahasznos\u00edtott k\u00e1bel-PVC-b\u0151l k\u00e9sz\u00fclt k\u00e1belhidak kiv\u00e1l\u00f3 fizikai \u00e9s k\u00e9miai tulajdons\u00e1gokkal rendelkeznek: remek h\u0151szigetel\u00e9st, t\u0171z\u00e1ll\u00f3s\u00e1got, cs\u00fasz\u00e1smentess\u00e9get \u00e9s k\u00e9miai stabilit\u00e1st biztos\u00edtanak. A gy\u00e1rt\u00e1s szigor\u00faan az EU ISO 9001:2008 min\u0151s\u00e9gbiztos\u00edt\u00e1si szabv\u00e1nya szerint zajlik. A fedelek szint\u00e9n \u00fajrahasznos\u00edtott PVC-b\u0151l k\u00e9sz\u00fclnek.<\/p>\n<p data-path-to-node=\"4\"><b>Felhaszn\u00e1l\u00e1s \u00e9s Teherb\u00edr\u00e1s:<\/b> A k\u00e1belhidakat kifejezetten arra tervezt\u00e9k, hogy ideiglenes telep\u00edt\u00e9sek sor\u00e1n megv\u00e9dj\u00e9k a talajon fut\u00f3 k\u00e1beleket \u00e9s cs\u00f6veket. Ezek a k\u00e1belv\u00e9d\u0151 elemek rendk\u00edv\u00fcl strapab\u00edr\u00f3k, ak\u00e1r <b>7 tonn\u00e1s<\/b> nyom\u00e1snak is ellen\u00e1llnak. A keretek alapanyaga az EU-b\u00f3l sz\u00e1rmaz\u00f3, t\u00f6bbek k\u00f6z\u00f6tt r\u00e9gi elektromos vezet\u00e9kekb\u0151l kinyert, \u00fajrahasznos\u00edtott PVC-gumi.<\/p>\n<p data-path-to-node=\"5\"><b>Specifik\u00e1ci\u00f3k:<\/b><\/p>\n<ul data-path-to-node=\"6\">\n<li>\n<p data-path-to-node=\"6,0,0\"><b>Csatornakioszt\u00e1s:<\/b> 5 csatorna a k\u00f6vetkez\u0151 m\u00e9retekben: 35x35mm \/ 35x35mm \/ 40x35mm \/ 35x35mm \/ 35x35mm<\/p>\n<\/li>\n<\/ul>\n<p data-path-to-node=\"7\"><b>Alkalmaz\u00e1si ter\u00fcletek:<\/b> Kiv\u00e1l\u00f3an alkalmas k\u00e1belek, t\u00f6ml\u0151k \u00e9s cs\u00f6vek v\u00e9delm\u00e9re az al\u00e1bbi helysz\u00edneken:<\/p>\n<ul data-path-to-node=\"8\">\n<li>\n<p data-path-to-node=\"8,0,0\">Utak \u00e9s k\u00f6zleked\u00e9si \u00fatvonalak<\/p>\n<\/li>\n<li>\n<p data-path-to-node=\"8,1,0\">Gy\u00e1rt\u00f3ter\u00fcletek<\/p>\n<\/li>\n<li>\n<p data-path-to-node=\"8,2,0\">Ki\u00e1ll\u00edt\u00e1sok \u00e9s rendezv\u00e9nyek<\/p>\n<\/li>\n<\/ul>\n","protected":false},"excerpt":{"rendered":"<p>A k\u00e1belhidakat kifejezetten arra tervezt\u00e9k, hogy ideiglenes telep\u00edt\u00e9sek sor\u00e1n megv\u00e9dj\u00e9k a talajon fut\u00f3 vezet\u00e9keket \u00e9s cs\u00f6veket. Ezek a k\u00e1belv\u00e9d\u0151 elemek rendk\u00edv\u00fcl strapab\u00edr\u00f3k, ak\u00e1r <b>7 tonn\u00e1s<\/b> terhel\u00e9snek is ellen\u00e1llnak. A term\u00e9keket az Eur\u00f3pai Uni\u00f3n bel\u00fcl gy\u00e1rtj\u00e1k, 100%-ban \u00fajrahasznos\u00edtott k\u00e1bel-PVC felhaszn\u00e1l\u00e1s\u00e1val.<\/p>\n","protected":false},"featured_media":1088,"comment_status":"open","ping_status":"closed","template":"","meta":{"_eb_attr":""},"product_brand":[],"product_cat":[55],"product_tag":[],"class_list":{"0":"post-1087","1":"product","2":"type-product","3":"status-publish","4":"has-post-thumbnail","6":"product_cat-cable-protection","8":"first","9":"instock","10":"shipping-taxable","11":"product-type-simple","12":"customify-col"},"_links":{"self":[{"href":"https:\/\/organizacio.hu\/index.php\/wp-json\/wp\/v2\/product\/1087","targetHints":{"allow":["GET"]}}],"collection":[{"href":"https:\/\/organizacio.hu\/index.php\/wp-json\/wp\/v2\/product"}],"about":[{"href":"https:\/\/organizacio.hu\/index.php\/wp-json\/wp\/v2\/types\/product"}],"replies":[{"embeddable":true,"href":"https:\/\/organizacio.hu\/index.php\/wp-json\/wp\/v2\/comments?post=1087"}],"wp:featuredmedia":[{"embeddable":true,"href":"https:\/\/organizacio.hu\/index.php\/wp-json\/wp\/v2\/media\/1088"}],"wp:attachment":[{"href":"https:\/\/organizacio.hu\/index.php\/wp-json\/wp\/v2\/media?parent=1087"}],"wp:term":[{"taxonomy":"product_brand","embeddable":true,"href":"https:\/\/organizacio.hu\/index.php\/wp-json\/wp\/v2\/product_brand?post=1087"},{"taxonomy":"product_cat","embeddable":true,"href":"https:\/\/organizacio.hu\/index.php\/wp-json\/wp\/v2\/product_cat?post=1087"},{"taxonomy":"product_tag","embeddable":true,"href":"https:\/\/organizacio.hu\/index.php\/wp-json\/wp\/v2\/product_tag?post=1087"}],"curies":[{"name":"wp","href":"https:\/\/api.w.org\/{rel}","templated":true}]}}