{"id":1069,"date":"2025-12-06T20:52:57","date_gmt":"2025-12-06T19:52:57","guid":{"rendered":"https:\/\/organizacio.hu\/?post_type=product&#038;p=1069"},"modified":"2026-01-18T13:16:10","modified_gmt":"2026-01-18T12:16:10","slug":"permamat-ground-grid-51","status":"publish","type":"product","link":"https:\/\/organizacio.hu\/index.php\/product\/permamat-ground-grid-51\/","title":{"rendered":"PermaMat Ground Grid 51"},"content":{"rendered":"<p data-path-to-node=\"3\"><span class=\"citation-12\">A <\/span><b><span class=\"citation-12\">PermaMat Ground Grid 51<\/span><\/b><span class=\"citation-12 citation-end-12\"> egy innovat\u00edv, meger\u0151s\u00edtett \u00fcreges r\u00e1csrendszer, amelyet kifejezetten a talaj stabilit\u00e1s\u00e1nak \u00e9s tart\u00f3ss\u00e1g\u00e1nak biztos\u00edt\u00e1s\u00e1ra terveztek.<\/span> <span class=\"citation-11 citation-end-11\">A term\u00e9k 100%-ban \u00fajrahasznos\u00edtott PVC-b\u0151l k\u00e9sz\u00fcl.<\/span> Gyors \u00e9s egyszer\u0171 telep\u00edthet\u0151s\u00e9g\u00e9nek k\u00f6sz\u00f6nhet\u0151en megb\u00edzhat\u00f3 alapot ny\u00fajt a legk\u00fcl\u00f6nf\u00e9l\u00e9bb fel\u00fclett\u00edpusok sz\u00e1m\u00e1ra, a terhel\u00e9si viszonyokt\u00f3l f\u00fcggetlen\u00fcl.<\/p>\n<div class=\"source-inline-chip-container ng-star-inserted\"><\/div>\n<p data-path-to-node=\"4\"><b>F\u0151bb el\u0151ny\u00f6k \u00e9s M\u0171szaki adatok:<\/b><\/p>\n<ul data-path-to-node=\"5\">\n<li>\n<p data-path-to-node=\"5,0,0\"><b>Kiemelked\u0151 teherb\u00edr\u00e1s:<\/b> A STANDARD NF EN ISO 844 szabv\u00e1ny szerinti tesztek alapj\u00e1n a rendszer teherb\u00edr\u00e1sa el\u00e9ri az <b>50 tonna\/m\u00b2<\/b>-t, \u00edgy ide\u00e1lis v\u00e1laszt\u00e1s j\u00e1rm\u0171vel j\u00e1rhat\u00f3 fel\u00fcletek kialak\u00edt\u00e1s\u00e1hoz.<\/p>\n<\/li>\n<li>\n<p data-path-to-node=\"5,1,0\"><b>Stabilit\u00e1s:<\/b> A speci\u00e1lis kialak\u00edt\u00e1s egyenletes \u00e9s biztons\u00e1gos talajstabiliz\u00e1ci\u00f3t garant\u00e1l, m\u00e9g nagy terhel\u00e9s eset\u00e9n is.<\/p>\n<\/li>\n<li>\n<p data-path-to-node=\"5,2,0\"><b>Term\u00e9szetes v\u00edzelvezet\u00e9s:<\/b> Az \u00fcreges szerkezet lehet\u0151v\u00e9 teszi a csapad\u00e9kv\u00edz hat\u00e9kony elsziv\u00e1rg\u00e1s\u00e1t a talajba, t\u00e1mogatva ezzel a ter\u00fclet term\u00e9szetes v\u00edzgazd\u00e1lkod\u00e1s\u00e1t.<\/p>\n<\/li>\n<li>\n<p data-path-to-node=\"5,3,0\"><b>N\u00f6v\u00e9nyzet t\u00e1mogat\u00e1sa:<\/b> A nyitott r\u00e1csozatnak k\u00f6sz\u00f6nhet\u0151en a f\u0171 \u00e9s egy\u00e9b n\u00f6v\u00e9nyek k\u00f6nnyed\u00e9n \u00e1tn\u0151nek a fel\u00fcleten, seg\u00edtve a z\u00f6ldk\u00f6rnyezet meg\u00f3v\u00e1s\u00e1t.<\/p>\n<\/li>\n<li>\n<p data-path-to-node=\"5,4,0\"><b>Tart\u00f3ss\u00e1g:<\/b><span class=\"citation-10 citation-end-10\"> A term\u00e9k t\u00f6bb mint 20 \u00e9ves v\u00e1rhat\u00f3 \u00e9lettartammal rendelkezik, \u00edgy hossz\u00fa t\u00e1v\u00fa befektet\u00e9st jelent a talajstabiliz\u00e1ci\u00f3 ter\u00e9n.<\/span><\/p>\n<div class=\"source-inline-chip-container ng-star-inserted\"><\/div>\n<\/li>\n<\/ul>\n<h3 data-path-to-node=\"6\"><b>Felhaszn\u00e1l\u00e1si p\u00e9ld\u00e1k:<\/b><\/h3>\n<ul data-path-to-node=\"7\">\n<li>\n<p data-path-to-node=\"7,0,0\"><span class=\"citation-9 citation-end-9\">Parkol\u00f3k<\/span><\/p>\n<p>Fasorok \u00e9s s\u00e9t\u00e1nyok<\/li>\n<li>\n<p data-path-to-node=\"7,2,0\"><span class=\"citation-8 citation-end-8\">Ker\u00e9kp\u00e1rt\u00e1rol\u00f3k, piaci standok \u00e9s es\u0151be\u00e1ll\u00f3k k\u00f6rnyezete<\/span><\/p>\n<p>\u00c1ltal\u00e1nos talajstabiliz\u00e1ci\u00f3<\/li>\n<li>\n<p data-path-to-node=\"7,4,0\">Talajv\u00edz-elvezet\u00e9s<\/p>\n<\/li>\n<li>\n<p data-path-to-node=\"7,5,0\">\u00c1llat\u00e1tj\u00e1r\u00f3k<\/p>\n<\/li>\n<li>\n<p data-path-to-node=\"7,6,0\">Kerti \u00f6sv\u00e9nyek \u00e9s kertek<\/p>\n<\/li>\n<\/ul>\n<blockquote data-path-to-node=\"8\">\n<p data-path-to-node=\"8,0\"><i><b>Fontos figyelmeztet\u00e9s:<\/b> A megadott teherb\u00edr\u00e1s az aktu\u00e1lis talajviszonyok f\u00fcggv\u00e9ny\u00e9ben v\u00e1ltozhat. K\u00e9rj\u00fck, a telep\u00edt\u00e9s \u00e9s a haszn\u00e1lat sor\u00e1n mindig a j\u00f3zan \u00e9sz szab\u00e1lyai szerint j\u00e1rjon el.<\/i><\/p>\n<\/blockquote>\n","protected":false},"excerpt":{"rendered":"<p>Ez a meger\u0151s\u00edtett \u00fcreges r\u00e1csszerkezet egy innovat\u00edv megold\u00e1s, amelyet kifejezetten a stabilit\u00e1s \u00e9s a tart\u00f3ss\u00e1g biztos\u00edt\u00e1s\u00e1ra terveztek k\u00fcl\u00f6nb\u00f6z\u0151 talajviszonyok mellett. Gyors \u00e9s egyszer\u0171 telep\u00edthet\u0151s\u00e9g\u00e9nek k\u00f6sz\u00f6nhet\u0151en megb\u00edzhat\u00f3 alapot ny\u00fajt a legk\u00fcl\u00f6nf\u00e9l\u00e9bb fel\u00fclett\u00edpusok sz\u00e1m\u00e1ra.<\/p>\n<p>K\u00e9rj\u00fck, vegye figyelembe, hogy a term\u00e9k kiz\u00e1r\u00f3lag raklapos kiszerel\u00e9sben v\u00e1s\u00e1rolhat\u00f3 meg: egy raklapon 36 darab tal\u00e1lhat\u00f3, amely \u00f6sszesen 22,32 m\u00b2 fel\u00fclet lefed\u00e9s\u00e9re elegend\u0151.<\/p>\n","protected":false},"featured_media":1070,"comment_status":"open","ping_status":"closed","template":"","meta":{"_eb_attr":""},"product_brand":[],"product_cat":[54],"product_tag":[63,64,62,70,61,60,69,71],"class_list":{"0":"post-1069","1":"product","2":"type-product","3":"status-publish","4":"has-post-thumbnail","6":"product_cat-permamat-ground-stabilization","7":"product_tag-1-het","8":"product_tag-1-honap","9":"product_tag-1-nap","10":"product_tag-allando","11":"product_tag-gyalogos","12":"product_tag-gyep","13":"product_tag-murva","14":"product_tag-sar","16":"first","17":"instock","18":"shipping-taxable","19":"product-type-simple","20":"customify-col"},"_links":{"self":[{"href":"https:\/\/organizacio.hu\/index.php\/wp-json\/wp\/v2\/product\/1069","targetHints":{"allow":["GET"]}}],"collection":[{"href":"https:\/\/organizacio.hu\/index.php\/wp-json\/wp\/v2\/product"}],"about":[{"href":"https:\/\/organizacio.hu\/index.php\/wp-json\/wp\/v2\/types\/product"}],"replies":[{"embeddable":true,"href":"https:\/\/organizacio.hu\/index.php\/wp-json\/wp\/v2\/comments?post=1069"}],"wp:featuredmedia":[{"embeddable":true,"href":"https:\/\/organizacio.hu\/index.php\/wp-json\/wp\/v2\/media\/1070"}],"wp:attachment":[{"href":"https:\/\/organizacio.hu\/index.php\/wp-json\/wp\/v2\/media?parent=1069"}],"wp:term":[{"taxonomy":"product_brand","embeddable":true,"href":"https:\/\/organizacio.hu\/index.php\/wp-json\/wp\/v2\/product_brand?post=1069"},{"taxonomy":"product_cat","embeddable":true,"href":"https:\/\/organizacio.hu\/index.php\/wp-json\/wp\/v2\/product_cat?post=1069"},{"taxonomy":"product_tag","embeddable":true,"href":"https:\/\/organizacio.hu\/index.php\/wp-json\/wp\/v2\/product_tag?post=1069"}],"curies":[{"name":"wp","href":"https:\/\/api.w.org\/{rel}","templated":true}]}}