{"id":1066,"date":"2025-12-06T20:49:19","date_gmt":"2025-12-06T19:49:19","guid":{"rendered":"https:\/\/organizacio.hu\/?post_type=product&#038;p=1066"},"modified":"2026-01-13T09:36:36","modified_gmt":"2026-01-13T08:36:36","slug":"ketiranyu-u-szeg","status":"publish","type":"product","link":"https:\/\/organizacio.hu\/index.php\/product\/ketiranyu-u-szeg\/","title":{"rendered":"K\u00e9tir\u00e1ny\u00fa U-szeg"},"content":{"rendered":"","protected":false},"excerpt":{"rendered":"<p>Kieg\u00e9sz\u00edt\u0151 a PermaMat Grass Reinforcement talajhoz t\u00f6rt\u00e9n\u0151 r\u00f6gz\u00edt\u00e9s\u00e9hez, U-alak\u00fa szegek seg\u00edts\u00e9g\u00e9vel. Egy 20\u00d72 m\u00e9teres tekercshez 60 darab r\u00f6gz\u00edt\u0151szeg haszn\u00e1lata javasolt.<\/p>\n","protected":false},"featured_media":1067,"comment_status":"open","ping_status":"closed","template":"","meta":{"_eb_attr":""},"product_brand":[],"product_cat":[58,54],"product_tag":[],"class_list":{"0":"post-1066","1":"product","2":"type-product","3":"status-publish","4":"has-post-thumbnail","6":"product_cat-kiegeszitok","7":"product_cat-permamat-ground-stabilization","9":"first","10":"instock","11":"shipping-taxable","12":"product-type-simple","13":"customify-col"},"_links":{"self":[{"href":"https:\/\/organizacio.hu\/index.php\/wp-json\/wp\/v2\/product\/1066","targetHints":{"allow":["GET"]}}],"collection":[{"href":"https:\/\/organizacio.hu\/index.php\/wp-json\/wp\/v2\/product"}],"about":[{"href":"https:\/\/organizacio.hu\/index.php\/wp-json\/wp\/v2\/types\/product"}],"replies":[{"embeddable":true,"href":"https:\/\/organizacio.hu\/index.php\/wp-json\/wp\/v2\/comments?post=1066"}],"wp:featuredmedia":[{"embeddable":true,"href":"https:\/\/organizacio.hu\/index.php\/wp-json\/wp\/v2\/media\/1067"}],"wp:attachment":[{"href":"https:\/\/organizacio.hu\/index.php\/wp-json\/wp\/v2\/media?parent=1066"}],"wp:term":[{"taxonomy":"product_brand","embeddable":true,"href":"https:\/\/organizacio.hu\/index.php\/wp-json\/wp\/v2\/product_brand?post=1066"},{"taxonomy":"product_cat","embeddable":true,"href":"https:\/\/organizacio.hu\/index.php\/wp-json\/wp\/v2\/product_cat?post=1066"},{"taxonomy":"product_tag","embeddable":true,"href":"https:\/\/organizacio.hu\/index.php\/wp-json\/wp\/v2\/product_tag?post=1066"}],"curies":[{"name":"wp","href":"https:\/\/api.w.org\/{rel}","templated":true}]}}