{"id":1060,"date":"2025-12-06T20:43:19","date_gmt":"2025-12-06T19:43:19","guid":{"rendered":"https:\/\/organizacio.hu\/?post_type=product&#038;p=1060"},"modified":"2026-01-18T13:15:57","modified_gmt":"2026-01-18T12:15:57","slug":"permamat-grass-reinforcement","status":"publish","type":"product","link":"https:\/\/organizacio.hu\/index.php\/product\/permamat-grass-reinforcement\/","title":{"rendered":"PermaMat Grass Reinforcement"},"content":{"rendered":"<p data-path-to-node=\"3\">A <b>PermaMat Grass Reinforcement<\/b> r\u00e1csok 100%-ban \u00fajrahasznos\u00edtott, nagy s\u0171r\u0171s\u00e9g\u0171 polietil\u00e9n (HDPE) \u00e9s etil\u00e9n-vinil-acet\u00e1t (EVA) kever\u00e9k\u00e9b\u0151l k\u00e9sz\u00fclnek. A terhel\u00e9si tesztek alapj\u00e1n a rendszer maxim\u00e1lis teherb\u00edr\u00e1sa el\u00e9ri a <b>7 tonn\u00e1t<\/b>*.<\/p>\n<p data-path-to-node=\"4\"><b>Kialak\u00edt\u00e1s \u00e9s telep\u00edt\u00e9s:<\/b> K\u00f6nny\u0171 s\u00faly\u00e1nak \u00e9s speci\u00e1lis, egym\u00e1sba illeszked\u0151 kialak\u00edt\u00e1s\u00e1nak k\u00f6sz\u00f6nhet\u0151en az elemek k\u00e9zzel is egyszer\u0171en mozgathat\u00f3k, telep\u00edthet\u0151k \u00e9s r\u00f6gz\u00edthet\u0151k. A talajhoz val\u00f3 stabil r\u00f6gz\u00edt\u00e9shez a k\u00e9tir\u00e1ny\u00fa U-szegek haszn\u00e1lat\u00e1t javasoljuk.<\/p>\n<p data-path-to-node=\"5\"><b>M\u0171szaki adatok \u00e9s tulajdons\u00e1gok:<\/b><\/p>\n<ul data-path-to-node=\"6\">\n<li>\n<p data-path-to-node=\"6,0,0\"><b>V\u00edzelvezet\u00e9s \u00e9s n\u00f6v\u00e9nyzet:<\/b> Az anyag\u00f6sszet\u00e9tel \u00e9s az egyedi formatervez\u00e9s el\u0151seg\u00edti a term\u00e9szetes v\u00edzelvezet\u00e9st \u00e9s engedi a f\u0171 n\u00f6veked\u00e9s\u00e9t.<\/p>\n<\/li>\n<li>\n<p data-path-to-node=\"6,1,0\"><b>Biztons\u00e1g:<\/b> N\u00f6veli a j\u00e1rm\u0171vek tapad\u00e1s\u00e1t \u00e9s a fel\u00fclet cs\u00fasz\u00e1smentess\u00e9g\u00e9t.<\/p>\n<\/li>\n<li>\n<p data-path-to-node=\"6,2,0\"><b>Ellen\u00e1ll\u00f3s\u00e1g:<\/b> A h\u00e1l\u00f3 ellen\u00e1ll a biol\u00f3giai \u00e9s k\u00e9miai behat\u00e1soknak, UV-v\u00e9delemmel ell\u00e1tott, tart\u00f3s, tov\u00e1bb\u00e1 k\u00f6nnyen tiszt\u00edthat\u00f3, sz\u00e1ll\u00edthat\u00f3 \u00e9s t\u00e1rolhat\u00f3.<\/p>\n<\/li>\n<li>\n<p data-path-to-node=\"6,3,0\"><b>Anyag:<\/b> Nem sz\u00edvja mag\u00e1ba a nedvess\u00e9get \u00e9s pen\u00e9szmentes.<\/p>\n<\/li>\n<li>\n<p data-path-to-node=\"6,4,0\"><b>Sz\u00ednek:<\/b> Standard z\u00f6ld \u00e9s barna.<\/p>\n<\/li>\n<\/ul>\n<p data-path-to-node=\"7\"><b>F\u0151bb el\u0151ny\u00f6k:<\/b> Ez a k\u00f6lts\u00e9ghat\u00e9kony \u00e9s fenntarthat\u00f3 talajmeger\u0151s\u00edt\u0151 rendszer t\u00f6k\u00e9letes alternat\u00edv\u00e1ja a t\u00e9rk\u0151nek, az aszfaltnak \u00e9s a betonnak. Megfizethet\u0151 \u00e9s k\u00f6rnyezetbar\u00e1t megold\u00e1st k\u00edn\u00e1l mind a h\u00e1ztulajdonosok, mind a kivitelez\u0151k sz\u00e1m\u00e1ra. A telep\u00edt\u00e9st k\u00f6vet\u0151en a r\u00e1csok tetsz\u0151legesen felt\u00f6lthet\u0151k \u2013 a kavicst\u00f3l \u00e9s d\u00edszk\u00f6vekt\u0151l kezdve eg\u00e9szen a term\u0151f\u00f6ldig \u00e9s f\u0171magig b\u00e1rmivel. Sokoldal\u00fa \u00e9s tart\u00f3s f\u0171v\u00e9delmi megold\u00e1s, amely \u00e1lland\u00f3 \u00e9s ideiglenes projektekhez egyar\u00e1nt ide\u00e1lis.<\/p>\n<p data-path-to-node=\"8\"><b>100%-ban \u00fajrahasznos\u00edthat\u00f3 \u00e9s 100%-ban \u00fajrahasznos\u00edtott anyagb\u00f3l!<\/b><\/p>\n<h3 data-path-to-node=\"9\"><b>Felhaszn\u00e1l\u00e1si p\u00e9ld\u00e1k:<\/b><\/h3>\n<ul data-path-to-node=\"10\">\n<li>\n<p data-path-to-node=\"10,0,0\">Parkol\u00f3k kialak\u00edt\u00e1sa<\/p>\n<\/li>\n<li>\n<p data-path-to-node=\"10,1,0\">Gyepmeger\u0151s\u00edt\u00e9s<\/p>\n<\/li>\n<li>\n<p data-path-to-node=\"10,2,0\">Kocsibehajt\u00f3k<\/p>\n<\/li>\n<li>\n<p data-path-to-node=\"10,3,0\">\u00c1llatkar\u00e1mok \u00e9s kifut\u00f3k<\/p>\n<\/li>\n<li>\n<p data-path-to-node=\"10,4,0\">Golfp\u00e1ly\u00e1k<\/p>\n<\/li>\n<li>\n<p data-path-to-node=\"10,5,0\">Term\u00e9szetv\u00e9delmi projektek<\/p>\n<\/li>\n<li>\n<p data-path-to-node=\"10,6,0\">Rendezv\u00e9nyek, fesztiv\u00e1lok \u00e9s koncertek<\/p>\n<\/li>\n<li>\n<p data-path-to-node=\"10,7,0\">\u00c1ltal\u00e1nos talajv\u00e9delem<\/p>\n<\/li>\n<li>\n<p data-path-to-node=\"10,8,0\">Kertek \u00e9s mez\u0151gazdas\u00e1gi ter\u00fcletek<\/p>\n<\/li>\n<li>\n<p data-path-to-node=\"10,9,0\">Kempingek<\/p>\n<\/li>\n<\/ul>\n<blockquote data-path-to-node=\"11\">\n<p data-path-to-node=\"11,0\"><i><b>Fontos figyelmeztet\u00e9s:<\/b> A teherb\u00edr\u00e1s MINDEN ESETBEN az aktu\u00e1lis talajviszonyokt\u00f3l \u00e9s az anyag fizikai korl\u00e1tait\u00f3l f\u00fcgg. K\u00e9rj\u00fck, mindig a j\u00f3zan \u00e9sz szab\u00e1lyai szerint j\u00e1rjon el.<\/i><\/p>\n<\/blockquote>\n","protected":false},"excerpt":{"rendered":"<p>Ezek a talajv\u00e9d\u0151 lapok kiv\u00e1l\u00f3an alkalmasak s\u00e9r\u00fcl\u00e9keny gyepek, z\u00f6ld kocsibehajt\u00f3k, parkol\u00f3helyek, gar\u00e1zsok \u00e9s egy\u00e9b ter\u00fcletek meger\u0151s\u00edt\u00e9s\u00e9re, ahol a talaj vagy a f\u0171 meg\u00f3v\u00e1sa mellett fontos a rugalmas, j\u00f3 v\u00edzelvezet\u00e9s\u0171 \u00e9s biztons\u00e1gos fel\u00fclet kialak\u00edt\u00e1sa. A r\u00f6gz\u00edt\u00e9shez a k\u00e9tir\u00e1ny\u00fa U-szeg (link a term\u00e9khez) haszn\u00e1lat\u00e1t javasoljuk.<\/p>\n","protected":false},"featured_media":1061,"comment_status":"open","ping_status":"closed","template":"","meta":{"_eb_attr":""},"product_brand":[],"product_cat":[54],"product_tag":[63,64,62,70,61,60,69,71],"class_list":{"0":"post-1060","1":"product","2":"type-product","3":"status-publish","4":"has-post-thumbnail","6":"product_cat-permamat-ground-stabilization","7":"product_tag-1-het","8":"product_tag-1-honap","9":"product_tag-1-nap","10":"product_tag-allando","11":"product_tag-gyalogos","12":"product_tag-gyep","13":"product_tag-murva","14":"product_tag-sar","16":"first","17":"instock","18":"shipping-taxable","19":"product-type-simple","20":"customify-col"},"_links":{"self":[{"href":"https:\/\/organizacio.hu\/index.php\/wp-json\/wp\/v2\/product\/1060","targetHints":{"allow":["GET"]}}],"collection":[{"href":"https:\/\/organizacio.hu\/index.php\/wp-json\/wp\/v2\/product"}],"about":[{"href":"https:\/\/organizacio.hu\/index.php\/wp-json\/wp\/v2\/types\/product"}],"replies":[{"embeddable":true,"href":"https:\/\/organizacio.hu\/index.php\/wp-json\/wp\/v2\/comments?post=1060"}],"wp:featuredmedia":[{"embeddable":true,"href":"https:\/\/organizacio.hu\/index.php\/wp-json\/wp\/v2\/media\/1061"}],"wp:attachment":[{"href":"https:\/\/organizacio.hu\/index.php\/wp-json\/wp\/v2\/media?parent=1060"}],"wp:term":[{"taxonomy":"product_brand","embeddable":true,"href":"https:\/\/organizacio.hu\/index.php\/wp-json\/wp\/v2\/product_brand?post=1060"},{"taxonomy":"product_cat","embeddable":true,"href":"https:\/\/organizacio.hu\/index.php\/wp-json\/wp\/v2\/product_cat?post=1060"},{"taxonomy":"product_tag","embeddable":true,"href":"https:\/\/organizacio.hu\/index.php\/wp-json\/wp\/v2\/product_tag?post=1060"}],"curies":[{"name":"wp","href":"https:\/\/api.w.org\/{rel}","templated":true}]}}