{"id":84,"date":"2025-09-08T08:05:40","date_gmt":"2025-09-08T06:05:40","guid":{"rendered":"https:\/\/organizacio.hu\/?page_id=84"},"modified":"2025-12-30T10:18:22","modified_gmt":"2025-12-30T09:18:22","slug":"adatvedelmi_tajekoztato","status":"publish","type":"page","link":"https:\/\/organizacio.hu\/index.php\/adatvedelmi_tajekoztato\/","title":{"rendered":"Adatv\u00e9delmi T\u00e1j\u00e9koztat\u00f3"},"content":{"rendered":"\t\t<div data-elementor-type=\"wp-page\" data-elementor-id=\"84\" class=\"elementor elementor-84\">\n\t\t\t\t<div class=\"elementor-element elementor-element-5bd97e9 e-con-full e-flex e-con e-parent\" data-id=\"5bd97e9\" data-element_type=\"container\" data-e-type=\"container\">\n\t\t\t\t<div class=\"elementor-element elementor-element-9edd44c elementor-widget elementor-widget-text-editor\" data-id=\"9edd44c\" data-element_type=\"widget\" data-e-type=\"widget\" data-widget_type=\"text-editor.default\">\n\t\t\t\t\t\t\t\t\t<header class=\"page-header\"><h1 class=\"entry-title\">Adatv\u00e9delmi t\u00e1j\u00e9koztat\u00f3<\/h1><\/header><div class=\"page-content\"><p>\u00dcdv\u00f6z\u00f6lj\u00fck a grborganizacio.hu weboldal\u00e1n! Az adatv\u00e9delem kiemelt fontoss\u00e1g\u00fa sz\u00e1munkra, \u00e9s elk\u00f6telezettek vagyunk az \u00d6n szem\u00e9lyes adatainak v\u00e9delme \u00e9s biztons\u00e1ga ir\u00e1nt. Ezen adatv\u00e9delmi t\u00e1j\u00e9koztat\u00f3ban ismertetj\u00fck azokat az elveket \u00e9s gyakorlatokat, amelyekkel az \u00d6n szem\u00e9lyes adatait kezelj\u00fck \u00e9s v\u00e9delmezz\u00fck. K\u00e9rj\u00fck, olvassa el alaposan az al\u00e1bbi inform\u00e1ci\u00f3kat, hogy meg\u00e9rtse az adatkezel\u00e9si gyakorlatunkat \u00e9s az \u00d6nnek j\u00e1r\u00f3 jogokat.<\/p><h2 class=\"wp-block-heading\">1. Gy\u0171jt\u00f6tt szem\u00e9lyes adatok<\/h2><p>Weboldalunkon t\u00f6rt\u00e9n\u0151 l\u00e1togat\u00e1sa sor\u00e1n k\u00fcl\u00f6nb\u00f6z\u0151 t\u00edpus\u00fa szem\u00e9lyes adatokat gy\u0171jthet\u00fcnk \u00d6nt\u0151l, bele\u00e9rtve, de nem kiz\u00e1r\u00f3lagosan:<\/p><p>L\u00e1togat\u00e1si inform\u00e1ci\u00f3k: Az \u00d6n eszk\u00f6ze \u00e9s b\u00f6ng\u00e9sz\u0151je automatikusan \u00e1ltal\u00e1nos inform\u00e1ci\u00f3kat k\u00fcld a weboldalunk szerver\u00e9nek. Ezek az inform\u00e1ci\u00f3k lehetnek az IP-c\u00edme, a b\u00f6ng\u00e9sz\u0151 t\u00edpusa \u00e9s verzi\u00f3ja, az \u00d6n \u00e1ltal haszn\u00e1lt oper\u00e1ci\u00f3s rendszer, a weboldalunkra val\u00f3 \u00e9rkez\u00e9s \u00e9s t\u00e1voz\u00e1s ideje, az oldalak megl\u00e1togat\u00e1sa, \u00e9s egy\u00e9b diagnosztikai adatok.<\/p><p>Cookie-k \u00e9s hasonl\u00f3 technol\u00f3gi\u00e1k: A cookie-k kis sz\u00f6veges f\u00e1jlok, amelyeket a weboldalunk vagy harmadik felek helyezhetnek el az \u00d6n eszk\u00f6z\u00e9n. Ezek a technol\u00f3gi\u00e1k seg\u00edtenek azonos\u00edtani \u00d6nt, amikor visszat\u00e9r weboldalunkra, \u00e9s seg\u00edtenek nyomon k\u00f6vetni a weboldalunk felhaszn\u00e1l\u00f3i tev\u00e9kenys\u00e9geit, p\u00e9ld\u00e1ul az oldalak l\u00e1togat\u00e1s\u00e1t \u00e9s a felhaszn\u00e1l\u00f3i be\u00e1ll\u00edt\u00e1sokat.<\/p><p>Regisztr\u00e1ci\u00f3hoz kapcsol\u00f3d\u00f3 adatok: Amennyiben regisztr\u00e1lni szeretne weboldalunkon, k\u00e9rhetj\u00fck a nev\u00e9t, e-mail c\u00edm\u00e9t, jelszav\u00e1t \u00e9s egy\u00e9b relev\u00e1ns inform\u00e1ci\u00f3kat.<\/p><p>Kapcsolatfelv\u00e9teli \u0171rlapok: Ha kapcsolatba l\u00e9p vel\u00fcnk e-mailben vagy az \u0171rlapjaink seg\u00edts\u00e9g\u00e9vel, megadhat nek\u00fcnk n\u00e9h\u00e1ny szem\u00e9lyes adatot, p\u00e9ld\u00e1ul nev\u00e9t, e-mail c\u00edm\u00e9t, telefonsz\u00e1m\u00e1t \u00e9s az \u00fczenet tartalm\u00e1t.<\/p><p>Tranzakci\u00f3s adatok: Amennyiben v\u00e1s\u00e1rol term\u00e9ket vagy szolg\u00e1ltat\u00e1st weboldalunkon kereszt\u00fcl, k\u00e9rhetj\u00fck a fizet\u00e9shez \u00e9s sz\u00e1ll\u00edt\u00e1shoz sz\u00fcks\u00e9ges adatokat, mint p\u00e9ld\u00e1ul hitelk\u00e1rtya adatokat, sz\u00e1ll\u00edt\u00e1si c\u00edmet stb.<\/p><h2>2. Az adatok felhaszn\u00e1l\u00e1sa<\/h2><p>Az \u00e1ltalunk gy\u0171jt\u00f6tt szem\u00e9lyes adatokat az al\u00e1bbi c\u00e9lokra haszn\u00e1ljuk fel:<\/p><p>A weboldalunk m\u0171k\u00f6dtet\u00e9se \u00e9s fenntart\u00e1sa, bele\u00e9rtve a felhaszn\u00e1l\u00f3i \u00e9lm\u00e9ny jav\u00edt\u00e1s\u00e1t, a weboldal teljes\u00edtm\u00e9ny\u00e9nek \u00e9s biztons\u00e1g\u00e1nak ellen\u0151rz\u00e9s\u00e9t \u00e9s fejleszt\u00e9s\u00e9t.<\/p><p>Az \u00d6n k\u00e9rd\u00e9seire \u00e9s \u00e9szrev\u00e9teleire val\u00f3 v\u00e1laszad\u00e1s, valamint az \u00fcgyf\u00e9lszolg\u00e1lati ig\u00e9nyek kezel\u00e9se.<\/p><p>Az \u00d6n \u00e1ltal kiv\u00e1lasztott term\u00e9kek \u00e9s szolg\u00e1ltat\u00e1sok ny\u00fajt\u00e1sa \u00e9s teljes\u00edt\u00e9se, valamint a tranzakci\u00f3k kezel\u00e9se \u00e9s feldolgoz\u00e1sa.<\/p><p>Az \u00d6n \u00e1ltal k\u00e9rt inform\u00e1ci\u00f3k, h\u00edrlevelek \u00e9s prom\u00f3ci\u00f3s aj\u00e1nlatok k\u00fcld\u00e9se, amennyiben ehhez kifejezett hozz\u00e1j\u00e1rul\u00e1s\u00e1t adta.<\/p><p>Statisztikai \u00e9s elemz\u00e9si c\u00e9lok, hogy jobban meg\u00e9rts\u00fck felhaszn\u00e1l\u00f3ink ig\u00e9nyeit \u00e9s weboldalunk haszn\u00e1lat\u00e1t, ez\u00e1ltal fejleszthess\u00fck \u00e9s testre szabhassuk szolg\u00e1ltat\u00e1sainkat \u00e9s tartalmunkat.<\/p><p>A jogaink v\u00e9delme \u00e9s a jogi k\u00f6telezetts\u00e9geink teljes\u00edt\u00e9se, bele\u00e9rtve a jogi elj\u00e1r\u00e1sokat, jogi k\u00f6vetel\u00e9seket \u00e9s vit\u00e1s \u00fcgyeket.<\/p><h2>3. Adatmegoszt\u00e1s<\/h2><p>Nem osztjuk meg, nem adjuk el, \u00e9s nem bocs\u00e1tjuk rendelkez\u00e9sre harmadik f\u00e9l sz\u00e1m\u00e1ra az \u00d6n szem\u00e9lyes adatait, kiv\u00e9ve, ha az al\u00e1bbi esetekben van erre sz\u00fcks\u00e9g:<\/p><p>Szolg\u00e1ltat\u00f3k \u00e9s alv\u00e1llalkoz\u00f3k: Bizonyos esetekben olyan k\u00fcls\u0151 szolg\u00e1ltat\u00f3kat \u00e9s alv\u00e1llalkoz\u00f3kat vehet\u00fcnk ig\u00e9nybe, akik seg\u00edtenek a weboldal m\u0171k\u00f6dtet\u00e9s\u00e9ben \u00e9s a szolg\u00e1ltat\u00e1sok ny\u00fajt\u00e1s\u00e1ban. Az ilyen szolg\u00e1ltat\u00f3khoz csak a sz\u00fcks\u00e9ges szem\u00e9lyes adatokat szolg\u00e1ltatjuk ki, \u00e9s megb\u00edzhat\u00f3 m\u00f3don biztos\u00edtjuk, hogy az adatkezel\u00e9s a t\u00f6rv\u00e9nyi el\u0151\u00edr\u00e1soknak megfelel\u0151en t\u00f6rt\u00e9njen.<\/p><p>Jogi k\u00f6telezetts\u00e9gek: Ha erre jogszab\u00e1ly, b\u00edr\u00f3s\u00e1gi hat\u00e1rozat vagy m\u00e1s hivatalos k\u00e9r\u00e9s k\u00f6telez minket, akkor k\u00e9nytelenek vagyunk \u00e1tadni az adatokat az illet\u00e9kes hat\u00f3s\u00e1goknak.<\/p><p>\u00d6n hozz\u00e1j\u00e1rul\u00e1sa: Az \u00d6n kifejezett hozz\u00e1j\u00e1rul\u00e1sa eset\u00e9n megoszthatjuk az \u00d6n szem\u00e9lyes adatait harmadik felekkel marketing c\u00e9lokra vagy m\u00e1s c\u00e9l\u00fa tev\u00e9kenys\u00e9gekre.<\/p><h2>4. Adatv\u00e9delmi jogok<\/h2><p>Az adatv\u00e9delmi jogok \u00e9rv\u00e9nyes\u00edt\u00e9se \u00e9rdek\u00e9ben sz\u00e1mos jog illeti meg \u00d6nt az adatok kezel\u00e9s\u00e9vel kapcsolatban. Az al\u00e1bbiakban felsoroljuk a legfontosabb jogokat, amelyekkel rendelkezik:<\/p><p>Hozz\u00e1f\u00e9r\u00e9s \u00e9s t\u00e1j\u00e9koztat\u00e1s: Joga van t\u00e1j\u00e9koztat\u00e1st k\u00e9rni az \u00e1ltalunk kezelt szem\u00e9lyes adatair\u00f3l, valamint az adatkezel\u00e9s c\u00e9ljair\u00f3l \u00e9s m\u00f3dszereir\u0151l.<\/p><p>Helyesb\u00edt\u00e9s: Amennyiben az \u00e1ltalunk t\u00e1rolt szem\u00e9lyes adatai pontatlanok vagy hi\u00e1nyosak, jog\u00e1ban \u00e1ll k\u00e9rni azok helyesb\u00edt\u00e9s\u00e9t.<\/p><p>T\u00f6rl\u00e9s: Bizonyos esetekben joga van k\u00e9rni a szem\u00e9lyes adatainak t\u00f6rl\u00e9s\u00e9t, p\u00e9ld\u00e1ul ha azokat m\u00e1r nem sz\u00fcks\u00e9ges az eredeti adatkezel\u00e9si c\u00e9lok miatt t\u00e1rolnunk.<\/p><p>Korl\u00e1toz\u00e1s: Az adatkezel\u00e9s korl\u00e1toz\u00e1s\u00e1t k\u00e9rheti bizonyos k\u00f6r\u00fclm\u00e9nyek k\u00f6z\u00f6tt, p\u00e9ld\u00e1ul ha vitatja az adatok pontoss\u00e1g\u00e1t vagy az adatkezel\u00e9s jogszer\u0171s\u00e9g\u00e9t.<\/p><p>Adathordozhat\u00f3s\u00e1g: Joga van k\u00e9rni a szem\u00e9lyes adatainak m\u00e1solat\u00e1t egy \u00e1ltala v\u00e1lasztott, \u00e1ltal\u00e1nosan haszn\u00e1lt, g\u00e9ppel olvashat\u00f3 form\u00e1tumban.<\/p><p>Ellen\u00e1ll\u00e1s \u00e9s visszavon\u00e1s: B\u00e1rmikor jog\u00e1ban \u00e1ll tiltakozni szem\u00e9lyes adatainak kezel\u00e9se ellen, valamint visszavonni kor\u00e1bbi hozz\u00e1j\u00e1rul\u00e1s\u00e1t az adatkezel\u00e9shez.<\/p><p>Ha b\u00e1rmilyen adatv\u00e9delmi jog\u00e1val \u00e9lne, vagy k\u00e9rd\u00e9se mer\u00fcl fel az adatkezel\u00e9s\u00fcnkkel kapcsolatban, k\u00e9rj\u00fck, l\u00e9pjen kapcsolatba vel\u00fcnk az al\u00e1bbi \u201eEl\u00e9rhet\u0151s\u00e9g\u201d c\u00edm\u0171 szakaszban tal\u00e1lhat\u00f3 el\u00e9rhet\u0151s\u00e9geink egyik\u00e9n.<\/p><h2>5. Cookie-k \u00e9s hasonl\u00f3 technol\u00f3gi\u00e1k<\/h2><p>Weboldalunk cookie-kat \u00e9s hasonl\u00f3 technol\u00f3gi\u00e1kat haszn\u00e1lhat a weboldal m\u0171k\u00f6d\u00e9s\u00e9nek biztos\u00edt\u00e1sa \u00e9s a felhaszn\u00e1l\u00f3i \u00e9lm\u00e9ny jav\u00edt\u00e1sa \u00e9rdek\u00e9ben. A cookie-k kis sz\u00f6veges f\u00e1jlok, amelyeket az \u00d6n eszk\u00f6z\u00e9re helyez\u00fcnk el, \u00e9s amelyek inform\u00e1ci\u00f3kat gy\u0171jthetnek az \u00d6n b\u00f6ng\u00e9sz\u00e9si szok\u00e1sair\u00f3l \u00e9s be\u00e1ll\u00edt\u00e1sair\u00f3l.<\/p><p>A cookie-k haszn\u00e1lat\u00e1val lehet\u0151s\u00e9g\u00fcnk van az \u00d6n el\u0151nyeire szabni a weboldalt, \u00e9s megk\u00f6nny\u00edteni a weboldalon val\u00f3 navig\u00e1ci\u00f3t. Az \u00d6n b\u00f6ng\u00e9sz\u0151j\u00e9ben \u00e1ltal\u00e1ban lehet\u0151s\u00e9ge van a cookie-k elfogad\u00e1s\u00e1nak, elutas\u00edt\u00e1s\u00e1nak vagy t\u00f6rl\u00e9s\u00e9nek be\u00e1ll\u00edt\u00e1s\u00e1ra. Azonban vegye figyelembe, hogy a cookie-k letilt\u00e1sa vagy t\u00f6rl\u00e9se korl\u00e1tozhatja az \u00d6n weboldalon val\u00f3 navig\u00e1ci\u00f3j\u00e1t \u00e9s n\u00e9h\u00e1ny funkci\u00f3t.<\/p><h2>6. Harmadik felek weboldalai<\/h2><p>Weboldalunk id\u0151nk\u00e9nt tartalmazhat linkeket harmadik felek weboldalaira. Felh\u00edvjuk figyelm\u00e9t, hogy ezek a weboldalak saj\u00e1t adatv\u00e9delmi t\u00e1j\u00e9koztat\u00f3val rendelkezhetnek, \u00e9s nem v\u00e1llalunk felel\u0151ss\u00e9get az \u00e1ltaluk gy\u0171jt\u00f6tt inform\u00e1ci\u00f3k\u00e9rt \u00e9s adatkezel\u00e9s\u00fck\u00e9rt. K\u00e9rj\u00fck, olvassa<br \/>el az \u0151 adatv\u00e9delmi t\u00e1j\u00e9koztat\u00f3ikat, miel\u0151tt haszn\u00e1ln\u00e1 ezeket a weboldalakat.<\/p><h2>7. Adatbiztons\u00e1g<\/h2><p>Fontosnak tartjuk az \u00d6n szem\u00e9lyes adatainak biztons\u00e1g\u00e1t, \u00e9s k\u00fcl\u00f6nb\u00f6z\u0151 biztons\u00e1gi int\u00e9zked\u00e9seket alkalmazunk annak \u00e9rdek\u00e9ben, hogy megv\u00e9dj\u00fck azokat illet\u00e9ktelen hozz\u00e1f\u00e9r\u00e9st\u0151l, illetve az illet\u00e9ktelen haszn\u00e1lat vagy megv\u00e1ltoztat\u00e1s ellen. Az adatv\u00e9delmi \u00e9s biztons\u00e1gi int\u00e9zked\u00e9seinket folyamatosan fel\u00fclvizsg\u00e1ljuk \u00e9s fejlesztj\u00fck, hogy megfelelj\u00fcnk az aktu\u00e1lis adatv\u00e9delmi szab\u00e1lyoz\u00e1soknak \u00e9s a legjobb gyakorlatoknak.<\/p><h2>8. M\u00f3dos\u00edt\u00e1sok az adatv\u00e9delmi t\u00e1j\u00e9koztat\u00f3ban<\/h2><p>Fenntartjuk a jogot, hogy id\u0151nk\u00e9nt m\u00f3dos\u00edtsuk ezt az adatv\u00e9delmi t\u00e1j\u00e9koztat\u00f3t. Amennyiben az adatv\u00e9delmi ir\u00e1nyelveinkben jelent\u0151s v\u00e1ltoz\u00e1sok t\u00f6rt\u00e9nnek, azokr\u00f3l \u00e9rtes\u00edt\u00e9st fogunk k\u00f6zz\u00e9tenni a weboldalon, hogy mindig naprak\u00e9szen inform\u00e1lt legyen az adatkezel\u00e9si gyakorlatunkr\u00f3l.<\/p><\/div>\t\t\t\t\t\t\t\t<\/div>\n\t\t\t\t<\/div>\n\t\t\t\t<\/div>\n\t\t","protected":false},"excerpt":{"rendered":"<p>Adatv\u00e9delmi t\u00e1j\u00e9koztat\u00f3 \u00dcdv\u00f6z\u00f6lj\u00fck a grborganizacio.hu weboldal\u00e1n! Az adatv\u00e9delem kiemelt fontoss\u00e1g\u00fa sz\u00e1munkra, \u00e9s elk\u00f6telezettek vagyunk az \u00d6n szem\u00e9lyes adatainak v\u00e9delme \u00e9s biztons\u00e1ga ir\u00e1nt. Ezen adatv\u00e9delmi t\u00e1j\u00e9koztat\u00f3ban&hellip;<\/p>\n","protected":false},"author":1,"featured_media":0,"parent":0,"menu_order":0,"comment_status":"closed","ping_status":"closed","template":"","meta":{"_eb_attr":"","footnotes":""},"class_list":["post-84","page","type-page","status-publish","hentry"],"_links":{"self":[{"href":"https:\/\/organizacio.hu\/index.php\/wp-json\/wp\/v2\/pages\/84","targetHints":{"allow":["GET"]}}],"collection":[{"href":"https:\/\/organizacio.hu\/index.php\/wp-json\/wp\/v2\/pages"}],"about":[{"href":"https:\/\/organizacio.hu\/index.php\/wp-json\/wp\/v2\/types\/page"}],"author":[{"embeddable":true,"href":"https:\/\/organizacio.hu\/index.php\/wp-json\/wp\/v2\/users\/1"}],"replies":[{"embeddable":true,"href":"https:\/\/organizacio.hu\/index.php\/wp-json\/wp\/v2\/comments?post=84"}],"version-history":[{"count":23,"href":"https:\/\/organizacio.hu\/index.php\/wp-json\/wp\/v2\/pages\/84\/revisions"}],"predecessor-version":[{"id":1452,"href":"https:\/\/organizacio.hu\/index.php\/wp-json\/wp\/v2\/pages\/84\/revisions\/1452"}],"wp:attachment":[{"href":"https:\/\/organizacio.hu\/index.php\/wp-json\/wp\/v2\/media?parent=84"}],"curies":[{"name":"wp","href":"https:\/\/api.w.org\/{rel}","templated":true}]}}