{"id":135,"date":"2025-09-08T08:05:55","date_gmt":"2025-09-08T08:05:55","guid":{"rendered":"https:\/\/organizacio.hu\/index.php\/contact-page\/"},"modified":"2026-02-18T18:10:16","modified_gmt":"2026-02-18T17:10:16","slug":"kapcsolat","status":"publish","type":"page","link":"https:\/\/organizacio.hu\/index.php\/kapcsolat\/","title":{"rendered":"Kapcsolat"},"content":{"rendered":"\t\t<div data-elementor-type=\"wp-page\" data-elementor-id=\"135\" class=\"elementor elementor-135\">\n\t\t\t\t\t\t<section class=\"elementor-section elementor-top-section elementor-element elementor-element-aa2b498 elementor-section-full_width elementor-section-height-default elementor-section-height-default\" data-id=\"aa2b498\" data-element_type=\"section\" data-e-type=\"section\" data-settings=\"{&quot;background_background&quot;:&quot;classic&quot;,&quot;shape_divider_bottom&quot;:&quot;opacity-fan&quot;}\">\n\t\t\t\t\t\t\t<div class=\"elementor-background-overlay\"><\/div>\n\t\t\t\t\t\t<div class=\"elementor-shape elementor-shape-bottom\" aria-hidden=\"true\" data-negative=\"false\">\n\t\t\t<svg xmlns=\"http:\/\/www.w3.org\/2000\/svg\" viewBox=\"0 0 283.5 19.6\" preserveAspectRatio=\"none\">\n\t<path class=\"elementor-shape-fill\" style=\"opacity:0.33\" d=\"M0 0L0 18.8 141.8 4.1 283.5 18.8 283.5 0z\"\/>\n\t<path class=\"elementor-shape-fill\" style=\"opacity:0.33\" d=\"M0 0L0 12.6 141.8 4 283.5 12.6 283.5 0z\"\/>\n\t<path class=\"elementor-shape-fill\" style=\"opacity:0.33\" d=\"M0 0L0 6.4 141.8 4 283.5 6.4 283.5 0z\"\/>\n\t<path class=\"elementor-shape-fill\" d=\"M0 0L0 1.2 141.8 4 283.5 1.2 283.5 0z\"\/>\n<\/svg>\t\t<\/div>\n\t\t\t\t\t<div class=\"elementor-container elementor-column-gap-no\">\n\t\t\t\t\t<div class=\"elementor-column elementor-col-100 elementor-top-column elementor-element elementor-element-7cdf8b2\" data-id=\"7cdf8b2\" data-element_type=\"column\" data-e-type=\"column\">\n\t\t\t<div class=\"elementor-widget-wrap elementor-element-populated\">\n\t\t\t\t\t\t<div class=\"elementor-element elementor-element-80f3bbb elementor-invisible elementor-widget elementor-widget-heading\" data-id=\"80f3bbb\" data-element_type=\"widget\" data-e-type=\"widget\" data-settings=\"{&quot;_animation&quot;:&quot;zoomIn&quot;}\" data-widget_type=\"heading.default\">\n\t\t\t\t\t<h2 class=\"elementor-heading-title elementor-size-default\">Kapcsolat<\/h2>\t\t\t\t<\/div>\n\t\t\t\t<section class=\"elementor-section elementor-inner-section elementor-element elementor-element-4e0414f elementor-section-boxed elementor-section-height-default elementor-section-height-default elementor-invisible\" data-id=\"4e0414f\" data-element_type=\"section\" data-e-type=\"section\" data-settings=\"{&quot;animation&quot;:&quot;zoomIn&quot;}\">\n\t\t\t\t\t\t<div class=\"elementor-container elementor-column-gap-no\">\n\t\t\t\t\t<div class=\"elementor-column elementor-col-100 elementor-inner-column elementor-element elementor-element-8312e25\" data-id=\"8312e25\" data-element_type=\"column\" data-e-type=\"column\">\n\t\t\t<div class=\"elementor-widget-wrap elementor-element-populated\">\n\t\t\t\t\t\t<div class=\"elementor-element elementor-element-e0cb145 elementor-widget elementor-widget-heading\" data-id=\"e0cb145\" data-element_type=\"widget\" data-e-type=\"widget\" data-widget_type=\"heading.default\">\n\t\t\t\t\t<h2 class=\"elementor-heading-title elementor-size-default\">Az \u00fcgyfelek el\u00e9gedetts\u00e9ge az els\u0151dleges c\u00e9lunk \u2013 vegye fel vel\u00fcnk a kapcsolatot!<\/h2>\t\t\t\t<\/div>\n\t\t\t\t<div class=\"elementor-element elementor-element-b020a10 elementor-widget elementor-widget-text-editor\" data-id=\"b020a10\" data-element_type=\"widget\" data-e-type=\"widget\" data-widget_type=\"text-editor.default\">\n\t\t\t\t\t\t\t\t\t<p><strong>Seg\u00edt\u00fcnk \u00f6nnek megtal\u00e1lni az ig\u00e9nyeihez ill\u0151 legmegfelel\u0151bb term\u00e9ket!<\/strong><\/p>\t\t\t\t\t\t\t\t<\/div>\n\t\t\t\t\t<\/div>\n\t\t<\/div>\n\t\t\t\t\t<\/div>\n\t\t<\/section>\n\t\t\t\t\t<\/div>\n\t\t<\/div>\n\t\t\t\t\t<\/div>\n\t\t<\/section>\n\t\t<div class=\"elementor-element elementor-element-9ca9333 e-flex e-con-boxed e-con e-parent\" data-id=\"9ca9333\" data-element_type=\"container\" data-e-type=\"container\">\n\t\t\t\t\t<div class=\"e-con-inner\">\n\t\t<div class=\"elementor-element elementor-element-d58176b e-con-full e-flex elementor-invisible e-con e-child\" data-id=\"d58176b\" data-element_type=\"container\" data-e-type=\"container\" data-settings=\"{&quot;animation&quot;:&quot;fadeInLeft&quot;}\">\n\t\t\t\t<div class=\"elementor-element elementor-element-d343183 elementor-widget elementor-widget-heading\" data-id=\"d343183\" data-element_type=\"widget\" data-e-type=\"widget\" data-widget_type=\"heading.default\">\n\t\t\t\t\t<h2 class=\"elementor-heading-title elementor-size-default\">Telefonos el\u00e9rhet\u0151s\u00e9geink<\/h2>\t\t\t\t<\/div>\n\t\t<div class=\"elementor-element elementor-element-f31d4b6 e-con-full e-flex e-con e-child\" data-id=\"f31d4b6\" data-element_type=\"container\" data-e-type=\"container\">\n\t\t\t\t<div class=\"elementor-element elementor-element-be8692d elementor-view-framed elementor-shape-rounded elementor-position-inline-start elementor-mobile-position-block-start elementor-widget elementor-widget-icon-box\" data-id=\"be8692d\" data-element_type=\"widget\" data-e-type=\"widget\" data-widget_type=\"icon-box.default\">\n\t\t\t\t\t\t\t<div class=\"elementor-icon-box-wrapper\">\n\n\t\t\t\t\t\t<div class=\"elementor-icon-box-icon\">\n\t\t\t\t<span  class=\"elementor-icon\">\n\t\t\t\t<svg aria-hidden=\"true\" class=\"e-font-icon-svg e-fas-phone\" viewBox=\"0 0 512 512\" xmlns=\"http:\/\/www.w3.org\/2000\/svg\"><path d=\"M493.4 24.6l-104-24c-11.3-2.6-22.9 3.3-27.5 13.9l-48 112c-4.2 9.8-1.4 21.3 6.9 28l60.6 49.6c-36 76.7-98.9 140.5-177.2 177.2l-49.6-60.6c-6.8-8.3-18.2-11.1-28-6.9l-112 48C3.9 366.5-2 378.1.6 389.4l24 104C27.1 504.2 36.7 512 48 512c256.1 0 464-207.5 464-464 0-11.2-7.7-20.9-18.6-23.4z\"><\/path><\/svg>\t\t\t\t<\/span>\n\t\t\t<\/div>\n\t\t\t\n\t\t\t\t\t\t<div class=\"elementor-icon-box-content\">\n\n\t\t\t\t\t\t\t\t\t<h3 class=\"elementor-icon-box-title\">\n\t\t\t\t\t\t<span  >\n\t\t\t\t\t\t\tTan\u00e1csad\u00e1s, \u00c9rt\u00e9kes\u00edt\u00e9s\t\t\t\t\t\t<\/span>\n\t\t\t\t\t<\/h3>\n\t\t\t\t\n\t\t\t\t\t\t\t\t\t<p class=\"elementor-icon-box-description\">\n\t\t\t\t\t\t+36 30 325 1420\t\t\t\t\t<\/p>\n\t\t\t\t\n\t\t\t<\/div>\n\t\t\t\n\t\t<\/div>\n\t\t\t\t\t\t<\/div>\n\t\t\t\t<div class=\"elementor-element elementor-element-327e3a6 elementor-view-framed elementor-shape-rounded elementor-position-inline-start elementor-mobile-position-block-start elementor-widget elementor-widget-icon-box\" data-id=\"327e3a6\" data-element_type=\"widget\" data-e-type=\"widget\" data-widget_type=\"icon-box.default\">\n\t\t\t\t\t\t\t<div class=\"elementor-icon-box-wrapper\">\n\n\t\t\t\t\t\t<div class=\"elementor-icon-box-icon\">\n\t\t\t\t<span  class=\"elementor-icon\">\n\t\t\t\t<svg aria-hidden=\"true\" class=\"e-font-icon-svg e-fas-phone\" viewBox=\"0 0 512 512\" xmlns=\"http:\/\/www.w3.org\/2000\/svg\"><path d=\"M493.4 24.6l-104-24c-11.3-2.6-22.9 3.3-27.5 13.9l-48 112c-4.2 9.8-1.4 21.3 6.9 28l60.6 49.6c-36 76.7-98.9 140.5-177.2 177.2l-49.6-60.6c-6.8-8.3-18.2-11.1-28-6.9l-112 48C3.9 366.5-2 378.1.6 389.4l24 104C27.1 504.2 36.7 512 48 512c256.1 0 464-207.5 464-464 0-11.2-7.7-20.9-18.6-23.4z\"><\/path><\/svg>\t\t\t\t<\/span>\n\t\t\t<\/div>\n\t\t\t\n\t\t\t\t\t\t<div class=\"elementor-icon-box-content\">\n\n\t\t\t\t\t\t\t\t\t<h3 class=\"elementor-icon-box-title\">\n\t\t\t\t\t\t<span  >\n\t\t\t\t\t\t\tKarrier\t\t\t\t\t\t<\/span>\n\t\t\t\t\t<\/h3>\n\t\t\t\t\n\t\t\t\t\t\t\t\t\t<p class=\"elementor-icon-box-description\">\n\t\t\t\t\t\t+36 30 254 2522\t\t\t\t\t<\/p>\n\t\t\t\t\n\t\t\t<\/div>\n\t\t\t\n\t\t<\/div>\n\t\t\t\t\t\t<\/div>\n\t\t\t\t<div class=\"elementor-element elementor-element-033622c elementor-view-framed elementor-shape-rounded elementor-position-inline-start elementor-mobile-position-block-start elementor-widget elementor-widget-icon-box\" data-id=\"033622c\" data-element_type=\"widget\" data-e-type=\"widget\" data-widget_type=\"icon-box.default\">\n\t\t\t\t\t\t\t<div class=\"elementor-icon-box-wrapper\">\n\n\t\t\t\t\t\t<div class=\"elementor-icon-box-icon\">\n\t\t\t\t<span  class=\"elementor-icon\">\n\t\t\t\t<svg aria-hidden=\"true\" class=\"e-font-icon-svg e-fas-phone\" viewBox=\"0 0 512 512\" xmlns=\"http:\/\/www.w3.org\/2000\/svg\"><path d=\"M493.4 24.6l-104-24c-11.3-2.6-22.9 3.3-27.5 13.9l-48 112c-4.2 9.8-1.4 21.3 6.9 28l60.6 49.6c-36 76.7-98.9 140.5-177.2 177.2l-49.6-60.6c-6.8-8.3-18.2-11.1-28-6.9l-112 48C3.9 366.5-2 378.1.6 389.4l24 104C27.1 504.2 36.7 512 48 512c256.1 0 464-207.5 464-464 0-11.2-7.7-20.9-18.6-23.4z\"><\/path><\/svg>\t\t\t\t<\/span>\n\t\t\t<\/div>\n\t\t\t\n\t\t\t\t\t\t<div class=\"elementor-icon-box-content\">\n\n\t\t\t\t\t\t\t\t\t<h3 class=\"elementor-icon-box-title\">\n\t\t\t\t\t\t<span  >\n\t\t\t\t\t\t\tSzerviz \/ Karbantart\u00e1s\t\t\t\t\t\t<\/span>\n\t\t\t\t\t<\/h3>\n\t\t\t\t\n\t\t\t\t\t\t\t\t\t<p class=\"elementor-icon-box-description\">\n\t\t\t\t\t\t+36 30 166 1643\t\t\t\t\t<\/p>\n\t\t\t\t\n\t\t\t<\/div>\n\t\t\t\n\t\t<\/div>\n\t\t\t\t\t\t<\/div>\n\t\t\t\t<div class=\"elementor-element elementor-element-634c4f9 elementor-view-framed elementor-shape-rounded elementor-position-inline-start elementor-mobile-position-block-start elementor-widget elementor-widget-icon-box\" data-id=\"634c4f9\" data-element_type=\"widget\" data-e-type=\"widget\" data-widget_type=\"icon-box.default\">\n\t\t\t\t\t\t\t<div class=\"elementor-icon-box-wrapper\">\n\n\t\t\t\t\t\t<div class=\"elementor-icon-box-icon\">\n\t\t\t\t<span  class=\"elementor-icon\">\n\t\t\t\t<svg aria-hidden=\"true\" class=\"e-font-icon-svg e-fas-phone\" viewBox=\"0 0 512 512\" xmlns=\"http:\/\/www.w3.org\/2000\/svg\"><path d=\"M493.4 24.6l-104-24c-11.3-2.6-22.9 3.3-27.5 13.9l-48 112c-4.2 9.8-1.4 21.3 6.9 28l60.6 49.6c-36 76.7-98.9 140.5-177.2 177.2l-49.6-60.6c-6.8-8.3-18.2-11.1-28-6.9l-112 48C3.9 366.5-2 378.1.6 389.4l24 104C27.1 504.2 36.7 512 48 512c256.1 0 464-207.5 464-464 0-11.2-7.7-20.9-18.6-23.4z\"><\/path><\/svg>\t\t\t\t<\/span>\n\t\t\t<\/div>\n\t\t\t\n\t\t\t\t\t\t<div class=\"elementor-icon-box-content\">\n\n\t\t\t\t\t\t\t\t\t<h3 class=\"elementor-icon-box-title\">\n\t\t\t\t\t\t<span  >\n\t\t\t\t\t\t\tViszontelad\u00f3k \u00e9s nagykereskedelmi parnerek\t\t\t\t\t\t<\/span>\n\t\t\t\t\t<\/h3>\n\t\t\t\t\n\t\t\t\t\t\t\t\t\t<p class=\"elementor-icon-box-description\">\n\t\t\t\t\t\t+36 30 573 5496\t\t\t\t\t<\/p>\n\t\t\t\t\n\t\t\t<\/div>\n\t\t\t\n\t\t<\/div>\n\t\t\t\t\t\t<\/div>\n\t\t\t\t<\/div>\n\t\t\t\t<div class=\"elementor-element elementor-element-9d77083 elementor-widget elementor-widget-heading\" data-id=\"9d77083\" data-element_type=\"widget\" data-e-type=\"widget\" data-widget_type=\"heading.default\">\n\t\t\t\t\t<h2 class=\"elementor-heading-title elementor-size-default\">Egy\u00e9b el\u00e9rhet\u0151s\u00e9geink<\/h2>\t\t\t\t<\/div>\n\t\t<div class=\"elementor-element elementor-element-1923db1 e-con-full e-flex e-con e-child\" data-id=\"1923db1\" data-element_type=\"container\" data-e-type=\"container\">\n\t\t\t\t<div class=\"elementor-element elementor-element-d815e43 elementor-view-framed elementor-shape-rounded elementor-position-inline-start elementor-mobile-position-block-start elementor-widget elementor-widget-icon-box\" data-id=\"d815e43\" data-element_type=\"widget\" data-e-type=\"widget\" data-widget_type=\"icon-box.default\">\n\t\t\t\t\t\t\t<div class=\"elementor-icon-box-wrapper\">\n\n\t\t\t\t\t\t<div class=\"elementor-icon-box-icon\">\n\t\t\t\t<span  class=\"elementor-icon\">\n\t\t\t\t<svg aria-hidden=\"true\" class=\"e-font-icon-svg e-fas-map-marker-alt\" viewBox=\"0 0 384 512\" xmlns=\"http:\/\/www.w3.org\/2000\/svg\"><path d=\"M172.268 501.67C26.97 291.031 0 269.413 0 192 0 85.961 85.961 0 192 0s192 85.961 192 192c0 77.413-26.97 99.031-172.268 309.67-9.535 13.774-29.93 13.773-39.464 0zM192 272c44.183 0 80-35.817 80-80s-35.817-80-80-80-80 35.817-80 80 35.817 80 80 80z\"><\/path><\/svg>\t\t\t\t<\/span>\n\t\t\t<\/div>\n\t\t\t\n\t\t\t\t\t\t<div class=\"elementor-icon-box-content\">\n\n\t\t\t\t\t\t\t\t\t<h3 class=\"elementor-icon-box-title\">\n\t\t\t\t\t\t<span  >\n\t\t\t\t\t\t\tIrod\u00e1nk c\u00edme\t\t\t\t\t\t<\/span>\n\t\t\t\t\t<\/h3>\n\t\t\t\t\n\t\t\t\t\t\t\t\t\t<p class=\"elementor-icon-box-description\">\n\t\t\t\t\t\t5310 Kis\u00fajsz\u00e1ll\u00e1s, B\u00e9la Kir\u00e1ly utca 5.\t\t\t\t\t<\/p>\n\t\t\t\t\n\t\t\t<\/div>\n\t\t\t\n\t\t<\/div>\n\t\t\t\t\t\t<\/div>\n\t\t\t\t<div class=\"elementor-element elementor-element-3662c12 elementor-view-framed elementor-shape-rounded elementor-position-inline-start elementor-mobile-position-block-start elementor-widget elementor-widget-icon-box\" data-id=\"3662c12\" data-element_type=\"widget\" data-e-type=\"widget\" data-widget_type=\"icon-box.default\">\n\t\t\t\t\t\t\t<div class=\"elementor-icon-box-wrapper\">\n\n\t\t\t\t\t\t<div class=\"elementor-icon-box-icon\">\n\t\t\t\t<a href=\"mailto:iroda@organizacio.hu\" class=\"elementor-icon\" tabindex=\"-1\" aria-label=\"Email c\u00edm\u00fcnk\">\n\t\t\t\t<svg aria-hidden=\"true\" class=\"e-font-icon-svg e-fas-envelope\" viewBox=\"0 0 512 512\" xmlns=\"http:\/\/www.w3.org\/2000\/svg\"><path d=\"M502.3 190.8c3.9-3.1 9.7-.2 9.7 4.7V400c0 26.5-21.5 48-48 48H48c-26.5 0-48-21.5-48-48V195.6c0-5 5.7-7.8 9.7-4.7 22.4 17.4 52.1 39.5 154.1 113.6 21.1 15.4 56.7 47.8 92.2 47.6 35.7.3 72-32.8 92.3-47.6 102-74.1 131.6-96.3 154-113.7zM256 320c23.2.4 56.6-29.2 73.4-41.4 132.7-96.3 142.8-104.7 173.4-128.7 5.8-4.5 9.2-11.5 9.2-18.9v-19c0-26.5-21.5-48-48-48H48C21.5 64 0 85.5 0 112v19c0 7.4 3.4 14.3 9.2 18.9 30.6 23.9 40.7 32.4 173.4 128.7 16.8 12.2 50.2 41.8 73.4 41.4z\"><\/path><\/svg>\t\t\t\t<\/a>\n\t\t\t<\/div>\n\t\t\t\n\t\t\t\t\t\t<div class=\"elementor-icon-box-content\">\n\n\t\t\t\t\t\t\t\t\t<h3 class=\"elementor-icon-box-title\">\n\t\t\t\t\t\t<a href=\"mailto:iroda@organizacio.hu\" >\n\t\t\t\t\t\t\tEmail c\u00edm\u00fcnk\t\t\t\t\t\t<\/a>\n\t\t\t\t\t<\/h3>\n\t\t\t\t\n\t\t\t\t\t\t\t\t\t<p class=\"elementor-icon-box-description\">\n\t\t\t\t\t\tiroda@organizacio.hu\n\t\t\t\t\t<\/p>\n\t\t\t\t\n\t\t\t<\/div>\n\t\t\t\n\t\t<\/div>\n\t\t\t\t\t\t<\/div>\n\t\t\t\t<\/div>\n\t\t\t\t<\/div>\n\t\t<div class=\"elementor-element elementor-element-ff25a16 e-con-full e-flex e-con e-child\" data-id=\"ff25a16\" data-element_type=\"container\" data-e-type=\"container\">\n\t\t<div class=\"elementor-element elementor-element-72da603 e-con-full e-flex elementor-invisible e-con e-child\" data-id=\"72da603\" data-element_type=\"container\" data-e-type=\"container\" data-settings=\"{&quot;animation&quot;:&quot;fadeInRight&quot;}\">\n\t\t\t\t<div class=\"elementor-element elementor-element-3fde057 elementor-widget elementor-widget-shortcode\" data-id=\"3fde057\" data-element_type=\"widget\" data-e-type=\"widget\" data-widget_type=\"shortcode.default\">\n\t\t\t\t\t\t\t<div class=\"elementor-shortcode\">    \n    <style>@import url('https:\/\/fonts.googleapis.com\/css2?family=Poppins:wght@400;500;600;700;800&display=swap');<\/style>\n\n    <div class=\"cf-main-wrapper\">\n        \n        \n        <div class=\"cf-header\">\n            <h2 class=\"cf-main-title\">\u00cdrjon nek\u00fcnk<\/h2>\n            <p class=\"cf-subtitle\">Koll\u00e9g\u00e1ink k\u00e9szs\u00e9ggel seg\u00edtenek, \u00edrjon nek\u00fcnk az al\u00e1bbi \u0171rlap seg\u00edts\u00e9g\u00e9vel.<\/p>\n        <\/div>\n\n        <div class=\"cf-card\">\n            \n            <form method=\"post\" class=\"cf-form\">\n                <input type=\"hidden\" id=\"cf_nonce_field\" name=\"cf_nonce_field\" value=\"d438846c5e\" \/><input type=\"hidden\" name=\"_wp_http_referer\" value=\"\/index.php\/wp-json\/wp\/v2\/pages\/135\" \/>                \n                <div class=\"cf-row\">\n                    <div class=\"cf-group\">\n                        <label>Teljes n\u00e9v *<\/label>\n                        <input type=\"text\" name=\"cf_name\" class=\"cf-input\" placeholder=\"Pl. Kiss P\u00e9ter\" required>\n                    <\/div>\n                    <div class=\"cf-group\">\n                        <label>E-mail c\u00edm *<\/label>\n                        <input type=\"email\" name=\"cf_email\" class=\"cf-input\" placeholder=\"pelda@email.hu\" required>\n                    <\/div>\n                <\/div>\n                \n                <div class=\"cf-row\">\n                    <div class=\"cf-group\">\n                        <label>Telefonsz\u00e1m *<\/label>\n                        <input type=\"tel\" name=\"cf_phone\" class=\"cf-input\" placeholder=\"Pl. +36 30 123 4567\" required>\n                    <\/div>\n                    <div class=\"cf-group\">\n                        <label>C\u00e9gn\u00e9v (opcion\u00e1lis)<\/label>\n                        <input type=\"text\" name=\"cf_company\" class=\"cf-input\" placeholder=\"Pl. P\u00e9lda Kft.\">\n                    <\/div>\n                <\/div>\n\n                <div class=\"cf-row\">\n                    <div class=\"cf-group\">\n                        <label>Kateg\u00f3ria *<\/label>\n                        <select name=\"cf_category\" class=\"cf-input cf-select\" required>\n                            <option value=\"\" disabled selected>V\u00e1lasszon kateg\u00f3ri\u00e1t...<\/option>\n                            <option value=\"G\u00e9pi b\u00e9rmunka\">G\u00e9pi b\u00e9rmunka<\/option>\n                            <option value=\"\u00c9p\u00edt\u0151ipari \u00fcgyfeleknek\">\u00c9p\u00edt\u0151ipari \u00fcgyfeleknek<\/option>\n                            <option value=\"Talajv\u00e9delem\">Talajv\u00e9delem<\/option>\n                            <option value=\"\u00c1ltal\u00e1nos\">\u00c1ltal\u00e1nos<\/option>\n                            <option value=\"Egy\u00e9b\">Egy\u00e9b<\/option>\n                        <\/select>\n                    <\/div>\n                    <div class=\"cf-group\">\n                        <label>T\u00e1rgy *<\/label>\n                        <input type=\"text\" name=\"cf_subject\" class=\"cf-input\" placeholder=\"Mivel kapcsolatban keres?\" required>\n                    <\/div>\n                <\/div>\n                \n                <div class=\"cf-group\">\n                    <label>\u00dczenet<\/label>\n                    <textarea name=\"cf_message\" class=\"cf-textarea\" placeholder=\"\u00cdrja le miben seg\u00edthet\u00fcnk...\" rows=\"5\" required><\/textarea>\n                <\/div>\n                \n                <div class=\"cf-checkbox-wrap\">\n                    <input type=\"checkbox\" id=\"cf_privacy\" required>\n                    <label for=\"cf_privacy\">\n                        Elolvastam \u00e9s elfogadom az <a href=\"\/adatvedelmi-tajekoztato\">Adatkezel\u00e9si Ir\u00e1nyelveket<\/a>.*\n                    <\/label>\n                <\/div>\n\n                <button type=\"submit\" name=\"cf_submit_form\" class=\"cf-btn\">\n                    \u00dczenet elk\u00fcld\u00e9se <span class=\"cf-arrow\">\u279c<\/span>\n                <\/button>\n                \n                <p class=\"cf-required-note\">* A csillaggal jel\u00f6lt mez\u0151k kit\u00f6lt\u00e9se k\u00f6telez\u0151.<\/p>\n            <\/form>\n\n            <div class=\"cf-decoration-img\">\n                <img decoding=\"async\" src=\"https:\/\/organizacio.hu\/wp-content\/uploads\/2025\/11\/kapcsolatrep.png\" class=\"cf-deco-img\" alt=\"\">\n            <\/div>\n\n        <\/div>\n    <\/div>\n\n    <style>\n        .cf-main-wrapper { font-family: 'Poppins', sans-serif; max-width: 900px; margin: 0 auto; color: #555; padding: 0 15px; }\n        .cf-header { text-align: center; margin-bottom: 30px; }\n        \n        .cf-main-title {\n            font-family: 'Poppins', sans-serif !important; font-size: 38px; font-weight: 700; color: #1f3d2b;\n            margin-bottom: 15px; line-height: 1.2; letter-spacing: -0.5px;\n        }\n        \n        .cf-subtitle { font-family: 'Poppins', sans-serif; font-size: 16px; font-weight: 400; color: #666; max-width: 700px; margin: 0 auto; line-height: 1.6; }\n\n        .cf-card {\n            background: #ffffff; border: 1px solid #e0e0e0; border-radius: 16px; padding: 40px 50px;\n            box-shadow: 0 10px 40px rgba(0,0,0,0.05); position: relative;\n        }\n\n        .cf-row { display: flex; gap: 30px; margin-bottom: 20px; }\n        .cf-group { flex: 1; margin-bottom: 5px; }\n        .cf-group label { display: block; margin-bottom: 8px; font-weight: 600; font-size: 14px; color: #333; }\n\n        .cf-input, .cf-textarea {\n            width: 100%; padding: 14px 18px; border: 1px solid #e0e0e0; background: #fcfcfc;\n            border-radius: 8px; font-size: 15px; font-family: 'Poppins', sans-serif; box-sizing: border-box;\n            color: #333; transition: all 0.3s ease;\n        }\n        .cf-textarea { margin-bottom: 20px; resize: vertical; min-height: 120px; }\n        \n        .cf-input:focus, .cf-textarea:focus { \n            outline: none; border-color: #2eba64; background: #fff; box-shadow: 0 0 0 3px rgba(46, 186, 100, 0.1);\n        }\n\n        \/* --- ITT A JAV\u00cdT\u00c1S AZ ELCS\u00daSZOTT MEN\u00dcRE --- *\/\n        .cf-select {\n            appearance: none; -webkit-appearance: none; -moz-appearance: none;\n            background-image: url('data:image\/svg+xml;charset=US-ASCII,%3Csvg%20xmlns%3D%22http%3A%2F%2Fwww.w3.org%2F2000%2Fsvg%22%20width%3D%22292.4%22%20height%3D%22292.4%22%3E%3Cpath%20fill%3D%22%23333333%22%20d%3D%22M287%2069.4a17.6%2017.6%200%200%200-13-5.4H18.4c-5%200-9.3%201.8-12.9%205.4A17.6%2017.6%200%200%200%200%2082.2c0%205%201.8%209.3%205.4%2012.9l128%20127.9c3.6%203.6%207.8%205.4%2012.8%205.4s9.2-1.8%2012.8-5.4L287%2095c3.5-3.5%205.4-7.8%205.4-12.8%200-5-1.9-9.2-5.5-12.8z%22%2F%3E%3C%2Fsvg%3E');\n            background-repeat: no-repeat; background-position: right 18px top 50%; background-size: 12px auto;\n            padding-right: 40px; cursor: pointer;\n            \n            \/* Ezek k\u00e9nyszer\u00edtik r\u00e1, hogy k\u00f6z\u00e9pen legyen a sz\u00f6veg: *\/\n            height: auto !important;\n            line-height: normal !important;\n            padding-top: 14px !important;\n            padding-bottom: 14px !important;\n        }\n\n        .cf-checkbox-wrap { font-size: 14px; color: #666; margin-bottom: 30px; display: flex; align-items: center; gap: 10px; }\n        .cf-checkbox-wrap input[type=\"checkbox\"] { width: 18px; height: 18px; accent-color: #2eba64; cursor: pointer; }\n        .cf-checkbox-wrap a { color: #2eba64; text-decoration: none; font-weight: 600; }\n\n        .cf-btn {\n            background: #2eba64; color: white; border: none; padding: 16px 40px;\n            font-size: 16px; font-weight: 700; border-radius: 8px; cursor: pointer; text-transform: uppercase;\n            letter-spacing: 0.5px; display: inline-flex; align-items: center; gap: 10px; transition: 0.3s;\n            box-shadow: 0 4px 15px rgba(46, 186, 100, 0.25); font-family: 'Poppins', sans-serif;\n        }\n        .cf-btn:hover { background: #198754; transform: translateY(-2px); box-shadow: 0 6px 20px rgba(46, 186, 100, 0.35); }\n        \n        .cf-success-msg { background: #d1e7dd; color: #0f5132; padding: 15px; border-radius: 8px; margin-bottom: 30px; text-align: center; border: 1px solid #badbcc; }\n        .cf-required-note { font-size: 13px; color: #999; margin-top: 15px; font-style: italic; }\n\n        .cf-decoration-img { position: absolute; bottom: -50px; right: -60px; z-index: 1; pointer-events: none; opacity: 0.9; }\n        .cf-deco-img { width: 250px; height: auto; display: block; }\n\n        @media (max-width: 768px) {\n            .cf-main-title { font-size: 30px; }\n            .cf-row { flex-direction: column; gap: 20px; }\n            .cf-card { padding: 30px 20px; }\n            .cf-btn { width: 100%; justify-content: center; }\n            .cf-decoration-img { display: none; }\n        }\n    <\/style>\n\n    <\/div>\n\t\t\t\t\t\t<\/div>\n\t\t\t\t<\/div>\n\t\t\t\t<\/div>\n\t\t\t\t\t<\/div>\n\t\t\t\t<\/div>\n\t\t\t\t<\/div>\n\t\t","protected":false},"excerpt":{"rendered":"<p>Kapcsolat Az \u00fcgyfelek el\u00e9gedetts\u00e9ge az els\u0151dleges c\u00e9lunk \u2013 vegye fel vel\u00fcnk a kapcsolatot! Seg\u00edt\u00fcnk \u00f6nnek megtal\u00e1lni az ig\u00e9nyeihez ill\u0151 legmegfelel\u0151bb term\u00e9ket! Telefonos el\u00e9rhet\u0151s\u00e9geink Tan\u00e1csad\u00e1s, \u00c9rt\u00e9kes\u00edt\u00e9s&hellip;<\/p>\n","protected":false},"author":1,"featured_media":0,"parent":0,"menu_order":0,"comment_status":"closed","ping_status":"closed","template":"elementor_header_footer","meta":{"_eb_attr":"","footnotes":""},"class_list":["post-135","page","type-page","status-publish","hentry"],"_links":{"self":[{"href":"https:\/\/organizacio.hu\/index.php\/wp-json\/wp\/v2\/pages\/135","targetHints":{"allow":["GET"]}}],"collection":[{"href":"https:\/\/organizacio.hu\/index.php\/wp-json\/wp\/v2\/pages"}],"about":[{"href":"https:\/\/organizacio.hu\/index.php\/wp-json\/wp\/v2\/types\/page"}],"author":[{"embeddable":true,"href":"https:\/\/organizacio.hu\/index.php\/wp-json\/wp\/v2\/users\/1"}],"replies":[{"embeddable":true,"href":"https:\/\/organizacio.hu\/index.php\/wp-json\/wp\/v2\/comments?post=135"}],"version-history":[{"count":96,"href":"https:\/\/organizacio.hu\/index.php\/wp-json\/wp\/v2\/pages\/135\/revisions"}],"predecessor-version":[{"id":2096,"href":"https:\/\/organizacio.hu\/index.php\/wp-json\/wp\/v2\/pages\/135\/revisions\/2096"}],"wp:attachment":[{"href":"https:\/\/organizacio.hu\/index.php\/wp-json\/wp\/v2\/media?parent=135"}],"curies":[{"name":"wp","href":"https:\/\/api.w.org\/{rel}","templated":true}]}}